{"id":11250,"date":"2024-03-29T17:48:27","date_gmt":"2024-03-29T17:48:27","guid":{"rendered":"https:\/\/towels.cc\/?post_type=product&#038;p=11250"},"modified":"2024-11-05T15:38:54","modified_gmt":"2024-11-05T15:38:54","slug":"wholesale-hotel-cotton-towels-with-dobby-pattern","status":"publish","type":"product","link":"https:\/\/towels.cc\/hu\/termek\/wholesale-hotel-cotton-towels-with-dobby-pattern\/","title":{"rendered":"Sz\u00e1llodai pamut t\u00f6r\u00f6lk\u00f6z\u0151k nagykeresked\u00e9se dobby mint\u00e1val \u00e9s emboidery log\u00f3val"},"content":{"rendered":"<p>A <a href=\"https:\/\/towels.cc\/hu\/bath-towel\/\">pamut t\u00f6r\u00f6lk\u00f6z\u0151 f\u00fcrd\u0151<\/a> szabv\u00e1nyos m\u00e9ret\u0171 70x140cm \u00e9s 75x150cm, amelyet a k\u00ednai Towelscc textilc\u00e9g gy\u00e1rt, amelyek k\u00fcl\u00f6nb\u00f6z\u0151 sz\u00ednekben \u00e9s mint\u00e1zatokban v\u00e1laszthat\u00f3k elfogadhat\u00f3 \u00e1ron \u00e9s tart\u00f3s haszn\u00e1lati min\u0151s\u00e9gben.<\/p>","protected":false},"excerpt":{"rendered":"<p><strong>Anyag:<\/strong> pamut frott\u00edr 16s csavart fonal<br \/>\n<strong>Technika:<\/strong> Sz\u0151tt, lapos, h\u00edmzett log\u00f3<br \/>\n<strong>Vastags\u00e1g:<\/strong> 600 GSM<br \/>\n<strong>\u00d6sszet\u00e9tel:<\/strong> 100% pamut<br \/>\n<strong>T\u00f6r\u00f6lk\u00f6z\u0151 m\u00e9rete:<\/strong> 70x140cm, 75x150cm<br \/>\n<strong>El\u0151ny:<\/strong> Sz\u00f6szmentes, puha \u00e9s k\u00e9nyelmes, nem fakul, egyedi mint\u00e1zat\u00fa, mos\u00f3g\u00e9pben moshat\u00f3,<br \/>\n<strong>Milyen helyet haszn\u00e1lhatsz?<\/strong><br \/>\nf\u00fcrd\u0151z\u00e9s, gy\u00f3gyf\u00fcrd\u0151, utaz\u00e1s, sz\u00e1lloda, rekl\u00e1maj\u00e1nd\u00e9k<\/p>","protected":false},"featured_media":11252,"template":"","meta":{"_seopress_robots_primary_cat":"none","_seopress_titles_title":"","_seopress_titles_desc":"","_seopress_robots_index":""},"product_brand":[],"product_cat":[55,66,57,59],"product_tag":[],"class_list":{"0":"post-11250","1":"product","2":"type-product","3":"status-publish","4":"has-post-thumbnail","6":"product_cat-cotton-towel","7":"product_cat-hotel-towel","8":"product_cat-mens-towel","9":"product_cat-women-towel","11":"first","12":"instock","13":"shipping-taxable","14":"product-type-simple"},"_links":{"self":[{"href":"https:\/\/towels.cc\/hu\/wp-json\/wp\/v2\/product\/11250","targetHints":{"allow":["GET"]}}],"collection":[{"href":"https:\/\/towels.cc\/hu\/wp-json\/wp\/v2\/product"}],"about":[{"href":"https:\/\/towels.cc\/hu\/wp-json\/wp\/v2\/types\/product"}],"wp:featuredmedia":[{"embeddable":true,"href":"https:\/\/towels.cc\/hu\/wp-json\/wp\/v2\/media\/11252"}],"wp:attachment":[{"href":"https:\/\/towels.cc\/hu\/wp-json\/wp\/v2\/media?parent=11250"}],"wp:term":[{"taxonomy":"product_brand","embeddable":true,"href":"https:\/\/towels.cc\/hu\/wp-json\/wp\/v2\/product_brand?post=11250"},{"taxonomy":"product_cat","embeddable":true,"href":"https:\/\/towels.cc\/hu\/wp-json\/wp\/v2\/product_cat?post=11250"},{"taxonomy":"product_tag","embeddable":true,"href":"https:\/\/towels.cc\/hu\/wp-json\/wp\/v2\/product_tag?post=11250"}],"curies":[{"name":"wp","href":"https:\/\/api.w.org\/{rel}","templated":true}]}}