{"id":11243,"date":"2024-03-29T17:43:19","date_gmt":"2024-03-29T17:43:19","guid":{"rendered":"https:\/\/towels.cc\/?post_type=product&#038;p=11243"},"modified":"2024-11-05T15:39:19","modified_gmt":"2024-11-05T15:39:19","slug":"wholesale-cotton-hotel-and-spa-towel-sets-cotton-towels-manufacturers","status":"publish","type":"product","link":"https:\/\/towels.cc\/hu\/termek\/wholesale-cotton-hotel-and-spa-towel-sets-cotton-towels-manufacturers\/","title":{"rendered":"Nagykereskedelmi pamut sz\u00e1llodai \u00e9s gy\u00f3gyf\u00fcrd\u0151i t\u00f6r\u00f6lk\u00f6z\u0151k\u00e9szletek pamut t\u00f6r\u00f6lk\u00f6z\u0151k gy\u00e1rt\u00f3i"},"content":{"rendered":"<p>A Towelscc az egyik <a href=\"https:\/\/towels.cc\/hu\/cotton-towel\/\">pamut t\u00f6r\u00f6lk\u00f6z\u0151 gy\u00e1rt\u00f3k<\/a> K\u00edn\u00e1ban a k\u00fcl\u00f6nb\u00f6z\u0151 sz\u00edn\u0171, m\u00e9ret\u0171 \u00e9s mint\u00e1zat\u00fa, egyedi tervez\u00e9s\u0171 pamut t\u00f6r\u00f6lk\u00f6z\u0151kre \u00f6sszpontos\u00edtson. Minden OEM \u00e9s ODM megrendel\u00e9st elfogadunk id\u0151ben t\u00f6rt\u00e9n\u0151 sz\u00e1ll\u00edt\u00e1ssal, gyors kommunik\u00e1ci\u00f3val \u00e9s versenyk\u00e9pes \u00e1ron.<\/p>","protected":false},"excerpt":{"rendered":"<p><strong>Anyag:<\/strong> pamut frott\u00edr 16s csavart fonal<br \/>\n<strong>Technika:<\/strong> Sz\u0151tt, lapos, log\u00f3 n\u00e9lk\u00fcl<br \/>\n<strong>Vastags\u00e1g:<\/strong> 600 GSM<br \/>\n<strong>\u00d6sszet\u00e9tel:<\/strong> 100% pamut<br \/>\n<strong>T\u00f6r\u00f6lk\u00f6z\u0151 m\u00e9rete:<\/strong> 30x30cm, 35x75cm, 70x140cm<br \/>\n<strong>El\u0151ny:<\/strong> Sz\u00f6szmentes, puha \u00e9s k\u00e9nyelmes, nem fakul, egyedi mint\u00e1zat\u00fa, mos\u00f3g\u00e9pben moshat\u00f3,<br \/>\n<strong>Milyen helyet haszn\u00e1lhatsz?<\/strong><br \/>\ngy\u00f3gyf\u00fcrd\u0151,sz\u00e1lloda,otthon,lak\u00e1s,fogad\u00f3 sz\u00e1llod\u00e1k,c\u00e9ges univerz\u00e1lis aj\u00e1nd\u00e9k, rekl\u00e1maj\u00e1nd\u00e9k<\/p>","protected":false},"featured_media":11247,"template":"","meta":{"_seopress_robots_primary_cat":"none","_seopress_titles_title":"","_seopress_titles_desc":"","_seopress_robots_index":""},"product_brand":[],"product_cat":[58,55,66,65],"product_tag":[],"class_list":{"0":"post-11243","1":"product","2":"type-product","3":"status-publish","4":"has-post-thumbnail","6":"product_cat-baby-kids-towel","7":"product_cat-cotton-towel","8":"product_cat-hotel-towel","9":"product_cat-spa-towel","11":"first","12":"instock","13":"shipping-taxable","14":"product-type-simple"},"_links":{"self":[{"href":"https:\/\/towels.cc\/hu\/wp-json\/wp\/v2\/product\/11243","targetHints":{"allow":["GET"]}}],"collection":[{"href":"https:\/\/towels.cc\/hu\/wp-json\/wp\/v2\/product"}],"about":[{"href":"https:\/\/towels.cc\/hu\/wp-json\/wp\/v2\/types\/product"}],"wp:featuredmedia":[{"embeddable":true,"href":"https:\/\/towels.cc\/hu\/wp-json\/wp\/v2\/media\/11247"}],"wp:attachment":[{"href":"https:\/\/towels.cc\/hu\/wp-json\/wp\/v2\/media?parent=11243"}],"wp:term":[{"taxonomy":"product_brand","embeddable":true,"href":"https:\/\/towels.cc\/hu\/wp-json\/wp\/v2\/product_brand?post=11243"},{"taxonomy":"product_cat","embeddable":true,"href":"https:\/\/towels.cc\/hu\/wp-json\/wp\/v2\/product_cat?post=11243"},{"taxonomy":"product_tag","embeddable":true,"href":"https:\/\/towels.cc\/hu\/wp-json\/wp\/v2\/product_tag?post=11243"}],"curies":[{"name":"wp","href":"https:\/\/api.w.org\/{rel}","templated":true}]}}