{"id":10998,"date":"2024-03-28T05:43:50","date_gmt":"2024-03-28T05:43:50","guid":{"rendered":"https:\/\/towels.cc\/?post_type=product&#038;p=10998"},"modified":"2024-11-05T15:39:53","modified_gmt":"2024-11-05T15:39:53","slug":"10998","status":"publish","type":"product","link":"https:\/\/towels.cc\/hu\/termek\/10998\/","title":{"rendered":"Professzion\u00e1lis feh\u00e9r\u00edt\u0151 elleni fekete pamut spa t\u00f6r\u00f6lk\u00f6z\u0151 pakol\u00e1s nagykeresked\u00e9s"},"content":{"rendered":"<p>Professzion\u00e1lis fekete pamutot gy\u00e1rtunk<a href=\"https:\/\/towels.cc\/hu\/spa-towel\/\"> spa t\u00f6r\u00f6lk\u00f6z\u0151 pakol\u00e1s sz\u00e1ll\u00edt\u00f3ja<\/a> sok hajv\u00e1g\u00f3 \u00fczletben \u00e9s nagykereskedelmi \u00fczletben olcs\u00f3 \u00e1ron \u00e9s j\u00f3 min\u0151s\u00e9gben fogadjon el kis rendel\u00e9si mennyis\u00e9get is<\/p>","protected":false},"excerpt":{"rendered":"<p><strong>Anyag:<\/strong> 100% PAMUT<br \/>\n<strong>Technika:<\/strong> Sz\u0151tt, lapos, festett sz\u00f6vet<br \/>\n<strong>Vastags\u00e1g:<\/strong> 400 GSM<br \/>\n<strong>\u00d6sszet\u00e9tel:<\/strong> 100% pamut frott\u00edr hurok<br \/>\n<strong>T\u00f6r\u00f6lk\u00f6z\u0151 m\u00e9rete:<\/strong> 16\u2033x27\u2033<br \/>\n<strong>El\u0151ny:<\/strong> Sz\u00f6szmentes, feh\u00e9r\u00edt\u0151, puha \u00e9s k\u00e9nyelmes, nem fakul, egyedi mint\u00e1zat\u00fa, mos\u00f3g\u00e9pben moshat\u00f3,<br \/>\n<strong>Milyen helyet haszn\u00e1lhatsz?<\/strong><br \/>\nf\u00fcrd\u00e9s, gy\u00f3gyf\u00fcrd\u0151, hajv\u00e1g\u00e1s, szalon, szabadban, hotel, otthon, sminklemos\u00f3, arcmos\u00e1s, prom\u00f3ci\u00f3s aj\u00e1nd\u00e9k<\/p>","protected":false},"featured_media":11000,"template":"","meta":{"_seopress_robots_primary_cat":"none","_seopress_titles_title":"","_seopress_titles_desc":"","_seopress_robots_index":""},"product_brand":[],"product_cat":[55,54,65],"product_tag":[],"class_list":{"0":"post-10998","1":"product","2":"type-product","3":"status-publish","4":"has-post-thumbnail","6":"product_cat-cotton-towel","7":"product_cat-hair-towel","8":"product_cat-spa-towel","10":"first","11":"instock","12":"shipping-taxable","13":"product-type-simple"},"_links":{"self":[{"href":"https:\/\/towels.cc\/hu\/wp-json\/wp\/v2\/product\/10998","targetHints":{"allow":["GET"]}}],"collection":[{"href":"https:\/\/towels.cc\/hu\/wp-json\/wp\/v2\/product"}],"about":[{"href":"https:\/\/towels.cc\/hu\/wp-json\/wp\/v2\/types\/product"}],"wp:featuredmedia":[{"embeddable":true,"href":"https:\/\/towels.cc\/hu\/wp-json\/wp\/v2\/media\/11000"}],"wp:attachment":[{"href":"https:\/\/towels.cc\/hu\/wp-json\/wp\/v2\/media?parent=10998"}],"wp:term":[{"taxonomy":"product_brand","embeddable":true,"href":"https:\/\/towels.cc\/hu\/wp-json\/wp\/v2\/product_brand?post=10998"},{"taxonomy":"product_cat","embeddable":true,"href":"https:\/\/towels.cc\/hu\/wp-json\/wp\/v2\/product_cat?post=10998"},{"taxonomy":"product_tag","embeddable":true,"href":"https:\/\/towels.cc\/hu\/wp-json\/wp\/v2\/product_tag?post=10998"}],"curies":[{"name":"wp","href":"https:\/\/api.w.org\/{rel}","templated":true}]}}