{"id":10993,"date":"2024-03-28T05:39:17","date_gmt":"2024-03-28T05:39:17","guid":{"rendered":"https:\/\/towels.cc\/?post_type=product&#038;p=10993"},"modified":"2024-03-28T05:41:53","modified_gmt":"2024-03-28T05:41:53","slug":"plain-weaving-16s-twist-plant-dyed-cotton-workout-towels","status":"publish","type":"product","link":"https:\/\/towels.cc\/hu\/termek\/plain-weaving-16s-twist-plant-dyed-cotton-workout-towels\/","title":{"rendered":"Sima sz\u00f6v\u00e9s\u0171, 16-os csavart n\u00f6v\u00e9nyi fest\u00e9s\u0171 pamut edz\u0151t\u00f6r\u00f6lk\u00f6z\u0151"},"content":{"rendered":"<p>Az edz\u0151t\u00f6r\u00f6lk\u00f6z\u0151ket professzion\u00e1lis tornat\u00f6r\u00fclk\u00f6z\u0151gy\u00e1r gy\u00e1rtja, kiv\u00e1l\u00f3 min\u0151s\u00e9g\u0171 16S csavart pamutfonalb\u00f3l, sz\u00e9p embl\u00e9m\u00e1val h\u00edmzett m\u00e1rk\u00e1s, \u00f6sszecsukott zsebbel a f\u00fclhallgat\u00f3 \u00e9s a billenty\u0171k t\u00e1rol\u00e1s\u00e1ra, ha futsz vagy kocogsz az edz\u0151teremben vagy k\u00edv\u00fcl. C\u00e9g\u00fcnk ingyenes mintafejleszt\u00e9st \u00e9s \u00fcgyfeleink szem\u00e9lyre szabott t\u00f6r\u00fclk\u00f6z\u0151rendel\u00e9si szolg\u00e1ltat\u00e1s\u00e1t k\u00edn\u00e1lja.<\/p>","protected":false},"excerpt":{"rendered":"<p><strong>Anyag:<\/strong> 100% egyiptomi pamut<br \/>\n<strong>Technika:<\/strong> Sz\u0151tt, lapos, h\u00edmzett log\u00f3<br \/>\n<strong>Vastags\u00e1g:<\/strong> 550 GSM<br \/>\n<strong>\u00d6sszet\u00e9tel:<\/strong> 100% 16S csavart pamutfonal<br \/>\n<strong>T\u00f6r\u00f6lk\u00f6z\u0151 m\u00e9rete:<\/strong>30\u00d7110 cm<br \/>\n<strong>El\u0151ny:<\/strong> Sz\u00f6szmentes, n\u00f6v\u00e9nyi fest\u00e9s, b\u0151rre nem \u00e1rtalmas, nedvsz\u00edv\u00f3, puha \u00e9s k\u00e9nyelmes, nem fakul, zseb az apr\u00f3s\u00e1gok t\u00e1rol\u00e1s\u00e1ra.<br \/>\n<strong>Milyen helyet haszn\u00e1lhatsz?<\/strong><br \/>\nedz\u0151t\u00f6r\u00f6lk\u00f6z\u0151,sport,hegym\u00e1sz\u00e1s,tornaterem vetemed\u00e9s,fitness,kint fut\u00e1s,kocog\u00e1s,prom\u00f3ci\u00f3s aj\u00e1nd\u00e9k<\/p>","protected":false},"featured_media":10996,"template":"","meta":{"_seopress_robots_primary_cat":"","_seopress_titles_title":"","_seopress_titles_desc":"","_seopress_robots_index":""},"product_brand":[],"product_cat":[55,49],"product_tag":[],"class_list":{"0":"post-10993","1":"product","2":"type-product","3":"status-publish","4":"has-post-thumbnail","6":"product_cat-cotton-towel","7":"product_cat-gym-towel","9":"first","10":"instock","11":"shipping-taxable","12":"product-type-simple"},"_links":{"self":[{"href":"https:\/\/towels.cc\/hu\/wp-json\/wp\/v2\/product\/10993","targetHints":{"allow":["GET"]}}],"collection":[{"href":"https:\/\/towels.cc\/hu\/wp-json\/wp\/v2\/product"}],"about":[{"href":"https:\/\/towels.cc\/hu\/wp-json\/wp\/v2\/types\/product"}],"wp:featuredmedia":[{"embeddable":true,"href":"https:\/\/towels.cc\/hu\/wp-json\/wp\/v2\/media\/10996"}],"wp:attachment":[{"href":"https:\/\/towels.cc\/hu\/wp-json\/wp\/v2\/media?parent=10993"}],"wp:term":[{"taxonomy":"product_brand","embeddable":true,"href":"https:\/\/towels.cc\/hu\/wp-json\/wp\/v2\/product_brand?post=10993"},{"taxonomy":"product_cat","embeddable":true,"href":"https:\/\/towels.cc\/hu\/wp-json\/wp\/v2\/product_cat?post=10993"},{"taxonomy":"product_tag","embeddable":true,"href":"https:\/\/towels.cc\/hu\/wp-json\/wp\/v2\/product_tag?post=10993"}],"curies":[{"name":"wp","href":"https:\/\/api.w.org\/{rel}","templated":true}]}}