{"id":12855,"date":"2024-04-20T13:25:48","date_gmt":"2024-04-20T13:25:48","guid":{"rendered":"https:\/\/towels.cc\/?post_type=product&#038;p=12855"},"modified":"2024-11-05T15:27:54","modified_gmt":"2024-11-05T15:27:54","slug":"16-s-twist-cotton-yarn-bath-towel-with-dobby-fitness-towel-with-germ-shield-2","status":"publish","type":"product","link":"https:\/\/towels.cc\/fr\/produit\/16-s-twist-cotton-yarn-bath-towel-with-dobby-fitness-towel-with-germ-shield-2\/","title":{"rendered":"Serviette de bain en fil de coton torsad\u00e9 16 s avec serviette de fitness dobby avec protection contre les germes\u00a0"},"content":{"rendered":"<p>Notre fitness <a href=\"https:\/\/towels.cc\/fr\/\">serviette<\/a> avec fonction de protection contre les germes, est fini avec un fil de coton torsad\u00e9 de qualit\u00e9 luxueuse de 16 s, un tissu d&#039;\u00e9paisseur 600GSM, un motif Bobby \u00e9l\u00e9gant et d\u00e9fini.<\/p>\n<p>Boucle \u00e9ponge plus longue que les 21 et 32 pouces normaux <a href=\"https:\/\/towels.cc\/fr\/cotton-towel\/\">fil de coton<\/a>, vous sentez que la texture est plus douce et confortable.<\/p>\n<p>Nous pouvons personnaliser n&#039;importe quelle couleur et taille de serviette de fitness avec fonction anti-mat\u00e9riau pour vous\u00a0!<\/p>","protected":false},"excerpt":{"rendered":"<p><strong>Mat\u00e9riel:\u00a0<\/strong> Fil de coton torsad\u00e9 16S<br \/>\n<strong>Technique:<\/strong> Tiss\u00e9, plat, dobby<br \/>\n<strong>\u00c9paisseur:<\/strong> 600 g\/m\u00b2<br \/>\n<strong>Composition:<\/strong> Coton 100%<br \/>\n<strong>Taille de la serviette :<\/strong> 40x90cm<br \/>\n<strong>Avantage:<\/strong> Sans peluches, doux et confortable, ne se d\u00e9colore pas, motif unique, lavable en machine,<br \/>\n<strong>Quel endroit pouvez-vous utiliser ?<\/strong><br \/>\ngolf, sport, spa, maison, voyage, escalade en montagne, essuyage en salle de sport, fitness corps sec, cadeau promotionnel<br \/>\n<strong>Options de personnalisation\u00a0:<\/strong><br \/>\n<strong>logo:<\/strong> logo brod\u00e9<br \/>\n<strong>emballer:<\/strong> Coffret cadeau \/ sac en poly\u00e9thyl\u00e8ne opp<\/p>","protected":false},"featured_media":12846,"template":"","meta":{"_seopress_robots_primary_cat":"none","_seopress_titles_title":"","_seopress_titles_desc":"","_seopress_robots_index":""},"product_brand":[],"product_cat":[31,37,49],"product_tag":[],"class_list":{"0":"post-12855","1":"product","2":"type-product","3":"status-publish","4":"has-post-thumbnail","6":"product_cat-all-towels","7":"product_cat-bath-towel","8":"product_cat-gym-towel","10":"first","11":"instock","12":"shipping-taxable","13":"product-type-simple"},"_links":{"self":[{"href":"https:\/\/towels.cc\/fr\/wp-json\/wp\/v2\/product\/12855","targetHints":{"allow":["GET"]}}],"collection":[{"href":"https:\/\/towels.cc\/fr\/wp-json\/wp\/v2\/product"}],"about":[{"href":"https:\/\/towels.cc\/fr\/wp-json\/wp\/v2\/types\/product"}],"wp:featuredmedia":[{"embeddable":true,"href":"https:\/\/towels.cc\/fr\/wp-json\/wp\/v2\/media\/12846"}],"wp:attachment":[{"href":"https:\/\/towels.cc\/fr\/wp-json\/wp\/v2\/media?parent=12855"}],"wp:term":[{"taxonomy":"product_brand","embeddable":true,"href":"https:\/\/towels.cc\/fr\/wp-json\/wp\/v2\/product_brand?post=12855"},{"taxonomy":"product_cat","embeddable":true,"href":"https:\/\/towels.cc\/fr\/wp-json\/wp\/v2\/product_cat?post=12855"},{"taxonomy":"product_tag","embeddable":true,"href":"https:\/\/towels.cc\/fr\/wp-json\/wp\/v2\/product_tag?post=12855"}],"curies":[{"name":"wp","href":"https:\/\/api.w.org\/{rel}","templated":true}]}}