{"id":12841,"date":"2024-04-20T13:22:09","date_gmt":"2024-04-20T13:22:09","guid":{"rendered":"https:\/\/towels.cc\/?post_type=product&#038;p=12841"},"modified":"2024-11-05T15:29:01","modified_gmt":"2024-11-05T15:29:01","slug":"plain-weaving-16s-twist-plant-dyed-cotton-workout-towels-2","status":"publish","type":"product","link":"https:\/\/towels.cc\/fr\/produit\/plain-weaving-16s-twist-plant-dyed-cotton-workout-towels-2\/","title":{"rendered":"Serviettes d&#039;entra\u00eenement en coton teint\u00e9 v\u00e9g\u00e9tal \u00e0 tissage uni 16 fils"},"content":{"rendered":"<p>Les serviettes d&#039;entra\u00eenement sont fabriqu\u00e9es par <a href=\"https:\/\/towels.cc\/fr\/gym-towel\/\">usine de serviettes de sport professionnelles<\/a>, en fil de coton torsad\u00e9 16S de haute qualit\u00e9, broderie joli logo pour la marque, pli\u00e9 une poche pour contenir des \u00e9couteurs et des cl\u00e9s lorsque vous courez ou faites du jogging \u00e0 l&#039;ext\u00e9rieur ou \u00e0 l&#039;int\u00e9rieur de la salle de sport.<\/p>\n<p>Notre soci\u00e9t\u00e9 propose un d\u00e9veloppement d&#039;\u00e9chantillons gratuit et un service client personnalis\u00e9 pour <a href=\"https:\/\/towels.cc\/fr\/\">serviette personnalis\u00e9e<\/a> ordres.<\/p>","protected":false},"excerpt":{"rendered":"<p><strong>Mat\u00e9riel:<\/strong> 100% coton \u00e9gyptien<br \/>\n<strong>Technique:<\/strong> Logo tiss\u00e9, plat et brod\u00e9<br \/>\n<strong>\u00c9paisseur:<\/strong> 550 g\/m\u00b2<br \/>\n<strong>Composition:<\/strong> Fil de coton torsad\u00e9 100% 16S<br \/>\n<strong>Taille de la serviette :<\/strong>30\u00d7110 cm<br \/>\n<strong>Avantage:<\/strong> Sans peluches, teint\u00e9 aux plantes, sans danger pour la peau, absorbant l&#039;eau, doux et confortable, ne se d\u00e9colore pas, une poche pour ranger les petites choses.<br \/>\n<strong>Quel endroit pouvez-vous utiliser ?<\/strong><br \/>\nserviette d&#039;entra\u00eenement, sport, escalade en montagne, d\u00e9formation en salle de sport, fitness, course \u00e0 pied \u00e0 l&#039;ext\u00e9rieur, jogging, cadeau promotionnel<br \/>\n<strong>Options de personnalisation\u00a0:<\/strong><br \/>\nlogo : s\u00e9rigraphie \/ broderie du logo<br \/>\npaquet: bo\u00eete-cadeau\/poly-sac opp<br \/>\nSi vous souhaitez teindre une serviette d&#039;une autre couleur et cr\u00e9er votre propre design, n&#039;h\u00e9sitez pas \u00e0 nous contacter. Nous vous proposerons des solutions professionnelles parmi lesquelles choisir !<\/p>","protected":false},"featured_media":12842,"template":"","meta":{"_seopress_robots_primary_cat":"none","_seopress_titles_title":"","_seopress_titles_desc":"","_seopress_robots_index":""},"product_brand":[],"product_cat":[31],"product_tag":[],"class_list":{"0":"post-12841","1":"product","2":"type-product","3":"status-publish","4":"has-post-thumbnail","6":"product_cat-all-towels","8":"first","9":"instock","10":"shipping-taxable","11":"product-type-simple"},"_links":{"self":[{"href":"https:\/\/towels.cc\/fr\/wp-json\/wp\/v2\/product\/12841","targetHints":{"allow":["GET"]}}],"collection":[{"href":"https:\/\/towels.cc\/fr\/wp-json\/wp\/v2\/product"}],"about":[{"href":"https:\/\/towels.cc\/fr\/wp-json\/wp\/v2\/types\/product"}],"wp:featuredmedia":[{"embeddable":true,"href":"https:\/\/towels.cc\/fr\/wp-json\/wp\/v2\/media\/12842"}],"wp:attachment":[{"href":"https:\/\/towels.cc\/fr\/wp-json\/wp\/v2\/media?parent=12841"}],"wp:term":[{"taxonomy":"product_brand","embeddable":true,"href":"https:\/\/towels.cc\/fr\/wp-json\/wp\/v2\/product_brand?post=12841"},{"taxonomy":"product_cat","embeddable":true,"href":"https:\/\/towels.cc\/fr\/wp-json\/wp\/v2\/product_cat?post=12841"},{"taxonomy":"product_tag","embeddable":true,"href":"https:\/\/towels.cc\/fr\/wp-json\/wp\/v2\/product_tag?post=12841"}],"curies":[{"name":"wp","href":"https:\/\/api.w.org\/{rel}","templated":true}]}}