{"id":12821,"date":"2024-04-19T13:28:44","date_gmt":"2024-04-19T13:28:44","guid":{"rendered":"https:\/\/towels.cc\/?post_type=product&#038;p=12821"},"modified":"2024-11-05T16:04:21","modified_gmt":"2024-11-05T16:04:21","slug":"personalized-cotton-sport-towel-embroidered-logo-cotton-towel","status":"publish","type":"product","link":"https:\/\/towels.cc\/fr\/produit\/personalized-cotton-sport-towel-embroidered-logo-cotton-towel\/","title":{"rendered":"Serviette de sport en coton personnalis\u00e9e avec logo brod\u00e9"},"content":{"rendered":"<p>Towelscc est l&#039;un des <a href=\"https:\/\/towels.cc\/fr\/cotton-towel\/\">fournisseurs de serviettes en coton en Chine<\/a>.<\/p>\n<p>Ce coton personnalis\u00e9 <a href=\"https:\/\/towels.cc\/fr\/custom-rally-towel\/\">serviette de sport<\/a> est brod\u00e9 le logo JD au format 30x100cm et 500GSM d&#039;\u00e9paisseur en couleur grise.<\/p>\n<p>La serviette de sport en coton \u00e9ponge est populaire en Am\u00e9rique et dans certains pays europ\u00e9ens en raison de son confort et de sa texture douce, de sa bonne absorption de l&#039;eau, nettoie rapidement notre peau lorsqu&#039;elle rencontre de l&#039;eau.<\/p>\n<p>1. Towelcc utilise principalement du coton \u00e0 fibres longues et fines de haute qualit\u00e9, aux fibres longues et de bonne qualit\u00e9. Nous n&#039;utilisons pas de coton \u00e0 fibres grossi\u00e8res bon march\u00e9 et facile \u00e0 d\u00e9m\u00ealer pour garantir la qualit\u00e9.<\/p>\n<p>2. Towelcc utilise des fils \u00e0 nombre de fils plus \u00e9lev\u00e9 pour rendre les serviettes plus d\u00e9licates.<\/p>\n<p>3. Towelcc choisit la meilleure torsion pour \u00e9viter les serviettes trop rigides ou trop l\u00e2ches. Par exemple, nous ne fabriquons pas de serviettes \u00e0 torsion faible, douces mais de qualit\u00e9 moyenne.<\/p>\n<p>4. Nous adoptons diff\u00e9rents proc\u00e9d\u00e9s textiles selon les besoins de nos clients. Nous utilisons \u00e9galement des proc\u00e9d\u00e9s de jacquard et de velours coup\u00e9 de tr\u00e8s haute qualit\u00e9, avec un savoir-faire artisanal raffin\u00e9.<\/p>\n<p>5. Les serviettes que nous personnalisons pour vous seront imprim\u00e9es avec des logos ou des groupes. Le proc\u00e9d\u00e9 d&#039;impression et de teinture de Towelcc offre non seulement une grande r\u00e9sistance des couleurs, mais aussi peu d&#039;endommagement des fibres de coton, et les produits finis sont riches en couleurs.<\/p>\n<p>6. Si vous avez besoin de services de broderie de motifs, les travailleurs de Towelcc ont un savoir-faire de broderie tr\u00e8s raffin\u00e9, avec des points soign\u00e9s, des motifs clairs, des bords lisses et tr\u00e8s beaux.<\/p>","protected":false},"excerpt":{"rendered":"<p><strong>Mat\u00e9riel:<\/strong> coton \u00e9ponge 21S\/2<br \/>\n<strong>Technique:<\/strong> Logo tiss\u00e9, plat et brod\u00e9<br \/>\n<strong>\u00c9paisseur:<\/strong> 450 g\/m\u00b2<br \/>\n<strong>Composition:<\/strong> Coton 100%<br \/>\n<strong>Taille de la serviette :<\/strong> 30x100cm<br \/>\n<strong>Avantage:<\/strong> Sans peluches, doux et confortable, ne se d\u00e9colore pas, motif unique, lavable en machine,<br \/>\n<strong>Quel endroit pouvez-vous utiliser ?<\/strong><br \/>\ngolf, sport, voyage, escalade, musculation, fitness, corps sec, cadeau promotionnel<br \/>\n<strong>Options de personnalisation\u00a0:<\/strong><br \/>\nlogo : logo brod\u00e9<br \/>\npaquet: bo\u00eete-cadeau\/poly-sac opp<\/p>","protected":false},"featured_media":0,"template":"","meta":{"_seopress_robots_primary_cat":"none","_seopress_titles_title":"","_seopress_titles_desc":"","_seopress_robots_index":""},"product_brand":[],"product_cat":[55,49],"product_tag":[],"class_list":{"0":"post-12821","1":"product","2":"type-product","3":"status-publish","5":"product_cat-cotton-towel","6":"product_cat-gym-towel","8":"first","9":"instock","10":"shipping-taxable","11":"product-type-simple"},"_links":{"self":[{"href":"https:\/\/towels.cc\/fr\/wp-json\/wp\/v2\/product\/12821","targetHints":{"allow":["GET"]}}],"collection":[{"href":"https:\/\/towels.cc\/fr\/wp-json\/wp\/v2\/product"}],"about":[{"href":"https:\/\/towels.cc\/fr\/wp-json\/wp\/v2\/types\/product"}],"wp:attachment":[{"href":"https:\/\/towels.cc\/fr\/wp-json\/wp\/v2\/media?parent=12821"}],"wp:term":[{"taxonomy":"product_brand","embeddable":true,"href":"https:\/\/towels.cc\/fr\/wp-json\/wp\/v2\/product_brand?post=12821"},{"taxonomy":"product_cat","embeddable":true,"href":"https:\/\/towels.cc\/fr\/wp-json\/wp\/v2\/product_cat?post=12821"},{"taxonomy":"product_tag","embeddable":true,"href":"https:\/\/towels.cc\/fr\/wp-json\/wp\/v2\/product_tag?post=12821"}],"curies":[{"name":"wp","href":"https:\/\/api.w.org\/{rel}","templated":true}]}}