{"id":12796,"date":"2024-04-19T13:09:58","date_gmt":"2024-04-19T13:09:58","guid":{"rendered":"https:\/\/towels.cc\/?post_type=product&#038;p=12796"},"modified":"2024-11-05T15:32:07","modified_gmt":"2024-11-05T15:32:07","slug":"custom-printed-microfiber-water-absorbent-promotional-gym-towel-for-fedex","status":"publish","type":"product","link":"https:\/\/towels.cc\/fr\/produit\/custom-printed-microfiber-water-absorbent-promotional-gym-towel-for-fedex\/","title":{"rendered":"Serviette de sport en coton velours imprim\u00e9 super confortable"},"content":{"rendered":"<p>En tant que leader <a href=\"https:\/\/towels.cc\/fr\/gym-towel\/\">fabricant de serviettes de sport en coton<\/a> En Chine, nous nous effor\u00e7ons d&#039;obtenir des textures de qualit\u00e9, des tissus tricot\u00e9s et des travaux d&#039;impression artisanaux de haute technologie.<\/p>\n<p>Tous nos <a href=\"https:\/\/towels.cc\/fr\/cotton-towel\/\">serviettes en coton<\/a> sont fabriqu\u00e9s \u00e0 partir de fils de coton de niveau AAA pour rendre les gens heureux et profiter d&#039;une belle vie.<\/p>","protected":false},"excerpt":{"rendered":"<p><strong>Mat\u00e9riel:<\/strong> coton \u00e9ponge 21S\/2<br \/>\n<strong>Technique:<\/strong> Logo imprim\u00e9 r\u00e9actif, tiss\u00e9 et plat<br \/>\n<strong>\u00c9paisseur:<\/strong> 400 g\/m\u00b2<br \/>\n<strong>Composition:<\/strong> Coton 100%<br \/>\n<strong>Taille de la serviette :<\/strong> 35x75cm<br \/>\n<strong>Avantage:<\/strong> Sans peluches, doux et confortable, ne se d\u00e9colore pas, motif unique, lavable en machine,<br \/>\n<strong>Quel endroit pouvez-vous utiliser ?<\/strong><br \/>\ngolf, sport, voyage, escalade, musculation, fitness, corps sec, cadeau promotionnel<br \/>\n<strong>Options de personnalisation\u00a0:<\/strong><br \/>\nlogo : logo brod\u00e9<br \/>\npaquet: bo\u00eete-cadeau\/poly-sac opp<\/p>","protected":false},"featured_media":12805,"template":"","meta":{"_seopress_robots_primary_cat":"none","_seopress_titles_title":"","_seopress_titles_desc":"","_seopress_robots_index":""},"product_brand":[],"product_cat":[49],"product_tag":[],"class_list":{"0":"post-12796","1":"product","2":"type-product","3":"status-publish","4":"has-post-thumbnail","6":"product_cat-gym-towel","8":"first","9":"instock","10":"shipping-taxable","11":"product-type-simple"},"_links":{"self":[{"href":"https:\/\/towels.cc\/fr\/wp-json\/wp\/v2\/product\/12796","targetHints":{"allow":["GET"]}}],"collection":[{"href":"https:\/\/towels.cc\/fr\/wp-json\/wp\/v2\/product"}],"about":[{"href":"https:\/\/towels.cc\/fr\/wp-json\/wp\/v2\/types\/product"}],"wp:featuredmedia":[{"embeddable":true,"href":"https:\/\/towels.cc\/fr\/wp-json\/wp\/v2\/media\/12805"}],"wp:attachment":[{"href":"https:\/\/towels.cc\/fr\/wp-json\/wp\/v2\/media?parent=12796"}],"wp:term":[{"taxonomy":"product_brand","embeddable":true,"href":"https:\/\/towels.cc\/fr\/wp-json\/wp\/v2\/product_brand?post=12796"},{"taxonomy":"product_cat","embeddable":true,"href":"https:\/\/towels.cc\/fr\/wp-json\/wp\/v2\/product_cat?post=12796"},{"taxonomy":"product_tag","embeddable":true,"href":"https:\/\/towels.cc\/fr\/wp-json\/wp\/v2\/product_tag?post=12796"}],"curies":[{"name":"wp","href":"https:\/\/api.w.org\/{rel}","templated":true}]}}