{"id":12787,"date":"2024-04-19T13:05:16","date_gmt":"2024-04-19T13:05:16","guid":{"rendered":"https:\/\/towels.cc\/?post_type=product&#038;p=12787"},"modified":"2024-11-05T15:32:34","modified_gmt":"2024-11-05T15:32:34","slug":"quick-drying-light-weight-aquis-adventure-microfiber-towel","status":"publish","type":"product","link":"https:\/\/towels.cc\/fr\/produit\/quick-drying-light-weight-aquis-adventure-microfiber-towel\/","title":{"rendered":"Serviette en microfibre l\u00e9g\u00e8re \u00e0 s\u00e9chage rapide Aquis Adventure"},"content":{"rendered":"<p>L&#039;aventure de l&#039;acquis <a href=\"https:\/\/towels.cc\/fr\/microfiber-towel\/\">serviette en microfibre<\/a> est fabriqu\u00e9 en microfibre su\u00e9d\u00e9e 200GSM, l\u00e9ger et \u00e0 s\u00e9chage rapide pour le camping ou les voyages, antibact\u00e9rien, non pelucheux et une boucle pour accrocher facilement.<\/p>","protected":false},"excerpt":{"rendered":"<p><strong>Mat\u00e9riel:<\/strong> microfibre en daim<br \/>\n<strong>Technique:<\/strong> Tiss\u00e9, plat, sans logo<br \/>\n<strong>\u00c9paisseur:<\/strong> 200 g\/m\u00b2<br \/>\n<strong>Composition:<\/strong> Polyester 80% + polyamide 20%<br \/>\n<strong>Taille de la serviette :<\/strong> 60x120cm<br \/>\n<strong>Avantage:<\/strong> Sans peluches, doux et confortable, ne se d\u00e9colore pas, motif unique, lavable en machine,\u00a0<strong>Quel endroit pouvez-vous utiliser ?<\/strong><br \/>\ngolf,sport,sortie,sur la plage,natation,escalade en montagne,gym,fitness corps sec,cadeau promotionnel<\/p>\n<p><strong>Options de personnalisation\u00a0:<\/strong><br \/>\nlogo : impression par sublimation \/ s\u00e9rigraphie \/ broderie du logo<br \/>\npaquet: bo\u00eete-cadeau\/poly-sac opp<\/p>","protected":false},"featured_media":12791,"template":"","meta":{"_seopress_robots_primary_cat":"none","_seopress_titles_title":"","_seopress_titles_desc":"","_seopress_robots_index":""},"product_brand":[],"product_cat":[49],"product_tag":[],"class_list":{"0":"post-12787","1":"product","2":"type-product","3":"status-publish","4":"has-post-thumbnail","6":"product_cat-gym-towel","8":"first","9":"instock","10":"shipping-taxable","11":"product-type-simple"},"_links":{"self":[{"href":"https:\/\/towels.cc\/fr\/wp-json\/wp\/v2\/product\/12787","targetHints":{"allow":["GET"]}}],"collection":[{"href":"https:\/\/towels.cc\/fr\/wp-json\/wp\/v2\/product"}],"about":[{"href":"https:\/\/towels.cc\/fr\/wp-json\/wp\/v2\/types\/product"}],"wp:featuredmedia":[{"embeddable":true,"href":"https:\/\/towels.cc\/fr\/wp-json\/wp\/v2\/media\/12791"}],"wp:attachment":[{"href":"https:\/\/towels.cc\/fr\/wp-json\/wp\/v2\/media?parent=12787"}],"wp:term":[{"taxonomy":"product_brand","embeddable":true,"href":"https:\/\/towels.cc\/fr\/wp-json\/wp\/v2\/product_brand?post=12787"},{"taxonomy":"product_cat","embeddable":true,"href":"https:\/\/towels.cc\/fr\/wp-json\/wp\/v2\/product_cat?post=12787"},{"taxonomy":"product_tag","embeddable":true,"href":"https:\/\/towels.cc\/fr\/wp-json\/wp\/v2\/product_tag?post=12787"}],"curies":[{"name":"wp","href":"https:\/\/api.w.org\/{rel}","templated":true}]}}