{"id":12779,"date":"2024-04-19T13:00:33","date_gmt":"2024-04-19T13:00:33","guid":{"rendered":"https:\/\/towels.cc\/?post_type=product&#038;p=12779"},"modified":"2024-11-05T15:33:17","modified_gmt":"2024-11-05T15:33:17","slug":"custom-woven-logo-label-lint-free-and-anti-baterial-microfiber-gym-towel-with-zipper-2","status":"publish","type":"product","link":"https:\/\/towels.cc\/fr\/produit\/custom-woven-logo-label-lint-free-and-anti-baterial-microfiber-gym-towel-with-zipper-2\/","title":{"rendered":"Serviette de sport en microfibre non pelucheuse et antibact\u00e9rienne avec \u00e9tiquette de logo tiss\u00e9e personnalis\u00e9e et fermeture \u00e9clair 2"},"content":{"rendered":"<p>Nous nous concentrons sur\u00a0<a href=\"https:\/\/towels.cc\/fr\/gym-towel\/\">serviette de sport en microfibre<\/a> avec fermeture \u00e9clair et poche, ajoutez une \u00e9tiquette tiss\u00e9e cousue sur le c\u00f4t\u00e9 avant de la serviette, confort et texture douce pour la peau, la serviette de teinture v\u00e9g\u00e9tale est sans danger pour le corps humain, anti-mat\u00e9riau et s\u00e9chage rapide pour les amateurs de gym.<\/p>\n<p>La fermeture \u00e9clair permet de verrouiller la poche, ce qui est tr\u00e8s pratique pour y glisser des effets personnels. Notre usine vous accueille chaleureusement. <a href=\"https:\/\/towels.cc\/fr\/gym-towel\/\">serviette de sport personnalis\u00e9e<\/a> commandez et visitez-nous \u00e0 tout moment !<\/p>","protected":false},"excerpt":{"rendered":"<p><strong>Mat\u00e9riel:\u00a0<\/strong> microfibre<br \/>\n<strong>Technique:<\/strong> \u00c9tiquette tiss\u00e9e, plate, avec logo tiss\u00e9<br \/>\n<strong>\u00c9paisseur:<\/strong> 280 g\/m\u00b2<br \/>\n<strong>Composition:<\/strong> Polyester 100%<br \/>\n<strong>Taille de la serviette :<\/strong> 40x80cm, Format de poche : 28x28cm<br \/>\n<strong>Avantage:<\/strong> Non pelucheux, anti-mat\u00e9riau, doux et confortable, ne se d\u00e9colore pas, motif unique lavable en machine,<br \/>\n<strong>Quel endroit pouvez-vous utiliser ?<\/strong><br \/>\ngolf, sport, escalade, gym, course \u00e0 pied, jogging, fitness, cadeau promotionnel<br \/>\n<strong>Options de personnalisation\u00a0:<\/strong><br \/>\nlogo : impression par sublimation \/ s\u00e9rigraphie \/ broderie du logo<br \/>\npaquet: bo\u00eete-cadeau\/poly-sac opp<\/p>","protected":false},"featured_media":12780,"template":"","meta":{"_seopress_robots_primary_cat":"none","_seopress_titles_title":"","_seopress_titles_desc":"","_seopress_robots_index":""},"product_brand":[],"product_cat":[49,34],"product_tag":[],"class_list":{"0":"post-12779","1":"product","2":"type-product","3":"status-publish","4":"has-post-thumbnail","6":"product_cat-gym-towel","7":"product_cat-microfiber-towel","9":"first","10":"instock","11":"shipping-taxable","12":"product-type-simple"},"_links":{"self":[{"href":"https:\/\/towels.cc\/fr\/wp-json\/wp\/v2\/product\/12779","targetHints":{"allow":["GET"]}}],"collection":[{"href":"https:\/\/towels.cc\/fr\/wp-json\/wp\/v2\/product"}],"about":[{"href":"https:\/\/towels.cc\/fr\/wp-json\/wp\/v2\/types\/product"}],"wp:featuredmedia":[{"embeddable":true,"href":"https:\/\/towels.cc\/fr\/wp-json\/wp\/v2\/media\/12780"}],"wp:attachment":[{"href":"https:\/\/towels.cc\/fr\/wp-json\/wp\/v2\/media?parent=12779"}],"wp:term":[{"taxonomy":"product_brand","embeddable":true,"href":"https:\/\/towels.cc\/fr\/wp-json\/wp\/v2\/product_brand?post=12779"},{"taxonomy":"product_cat","embeddable":true,"href":"https:\/\/towels.cc\/fr\/wp-json\/wp\/v2\/product_cat?post=12779"},{"taxonomy":"product_tag","embeddable":true,"href":"https:\/\/towels.cc\/fr\/wp-json\/wp\/v2\/product_tag?post=12779"}],"curies":[{"name":"wp","href":"https:\/\/api.w.org\/{rel}","templated":true}]}}