{"id":12749,"date":"2024-04-19T12:35:25","date_gmt":"2024-04-19T12:35:25","guid":{"rendered":"https:\/\/towels.cc\/?post_type=product&#038;p=12749"},"modified":"2024-11-05T15:35:11","modified_gmt":"2024-11-05T15:35:11","slug":"customize-waffle-printed-yoga-towel-with-loop-for-hang-out","status":"publish","type":"product","link":"https:\/\/towels.cc\/fr\/produit\/customize-waffle-printed-yoga-towel-with-loop-for-hang-out\/","title":{"rendered":"Serviette de yoga \u00e0 imprim\u00e9 gaufr\u00e9 personnalis\u00e9e avec boucle pour se d\u00e9tendre"},"content":{"rendered":"<p>Nous sommes bons \u00e0 <a href=\"https:\/\/towels.cc\/fr\/microfiber-towel\/\">personnalisation d&#039;une serviette de yoga en microfibre gaufr\u00e9e imprim\u00e9e<\/a> en mati\u00e8re polyester et nylon, un crochet en tissu noir pour accrocher apr\u00e8s les cours de yoga, s\u00e9chage tr\u00e8s rapide, teinture v\u00e9g\u00e9tale et impression par sublimation sans danger pour la peau humaine.<\/p>","protected":false},"excerpt":{"rendered":"<p><strong>Mat\u00e9riel:<\/strong> microfibre gaufr\u00e9e<br \/>\n<strong>Technique:<\/strong> Logo tiss\u00e9, plat, imprim\u00e9 par sublimation<br \/>\n<strong>\u00c9paisseur:<\/strong> 360\u00a0g\/m\u00b2<br \/>\n<strong>Composition:<\/strong> Polyester 80% + polyamide 20%<br \/>\n<strong>Taille de la serviette :<\/strong> 24\u00d772 pouces<br \/>\n<strong>Avantage:<\/strong> x Sans peluches, imprim\u00e9 recto verso, antid\u00e9rapant, doux et confortable, ne se d\u00e9colore pas, motif unique lavable en machine<\/p>","protected":false},"featured_media":12753,"template":"","meta":{"_seopress_robots_primary_cat":"none","_seopress_titles_title":"","_seopress_titles_desc":"","_seopress_robots_index":""},"product_brand":[],"product_cat":[31,50],"product_tag":[],"class_list":{"0":"post-12749","1":"product","2":"type-product","3":"status-publish","4":"has-post-thumbnail","6":"product_cat-all-towels","7":"product_cat-yoga-towel","9":"first","10":"instock","11":"shipping-taxable","12":"product-type-simple"},"_links":{"self":[{"href":"https:\/\/towels.cc\/fr\/wp-json\/wp\/v2\/product\/12749","targetHints":{"allow":["GET"]}}],"collection":[{"href":"https:\/\/towels.cc\/fr\/wp-json\/wp\/v2\/product"}],"about":[{"href":"https:\/\/towels.cc\/fr\/wp-json\/wp\/v2\/types\/product"}],"wp:featuredmedia":[{"embeddable":true,"href":"https:\/\/towels.cc\/fr\/wp-json\/wp\/v2\/media\/12753"}],"wp:attachment":[{"href":"https:\/\/towels.cc\/fr\/wp-json\/wp\/v2\/media?parent=12749"}],"wp:term":[{"taxonomy":"product_brand","embeddable":true,"href":"https:\/\/towels.cc\/fr\/wp-json\/wp\/v2\/product_brand?post=12749"},{"taxonomy":"product_cat","embeddable":true,"href":"https:\/\/towels.cc\/fr\/wp-json\/wp\/v2\/product_cat?post=12749"},{"taxonomy":"product_tag","embeddable":true,"href":"https:\/\/towels.cc\/fr\/wp-json\/wp\/v2\/product_tag?post=12749"}],"curies":[{"name":"wp","href":"https:\/\/api.w.org\/{rel}","templated":true}]}}