{"id":12739,"date":"2024-04-19T12:29:51","date_gmt":"2024-04-19T12:29:51","guid":{"rendered":"https:\/\/towels.cc\/?post_type=product&#038;p=12739"},"modified":"2024-11-05T15:35:39","modified_gmt":"2024-11-05T15:35:39","slug":"antibaterial-ants-microfiber-yoga-towels","status":"publish","type":"product","link":"https:\/\/towels.cc\/fr\/produit\/antibaterial-ants-microfiber-yoga-towels\/","title":{"rendered":"Serviettes de yoga en microfibre antibact\u00e9riennes anti-fourmis"},"content":{"rendered":"<p>Nous sommes <a href=\"https:\/\/towels.cc\/fr\/yoga-towel\/\">serviettes de yoga<\/a> Fournisseur et fabricant sans peau de serviettes de qualit\u00e9 fonctionnelles antid\u00e9rapantes, anti-mat\u00e9riaux, sans d\u00e9coloration et non pelucheuses pour les amateurs de sport de yoga, mod\u00e8les disponibles \u00e0 des prix comp\u00e9titifs depuis plus de 12 ans.<\/p>","protected":false},"excerpt":{"rendered":"<p><strong>Mat\u00e9riel:<\/strong> microfibre \u00e9paisse et fourmi<br \/>\n<strong>Technique:<\/strong> Tiss\u00e9, plat, tricot\u00e9,<br \/>\n<strong>\u00c9paisseur:<\/strong> 420 g\/m\u00b2<br \/>\n<strong>Composition:<\/strong> Polyester 80% + polyamide 20%<br \/>\n<strong>Taille de la serviette :<\/strong>183x67cm<br \/>\n<strong>Avantage:<\/strong> Sans peluches, s\u00e9chage rapide, taille compacte, doux et confortable, ne se d\u00e9colore pas, motif unique lavable en machine.<\/p>","protected":false},"featured_media":12740,"template":"","meta":{"_seopress_robots_primary_cat":"none","_seopress_titles_title":"","_seopress_titles_desc":"","_seopress_robots_index":""},"product_brand":[],"product_cat":[50],"product_tag":[],"class_list":{"0":"post-12739","1":"product","2":"type-product","3":"status-publish","4":"has-post-thumbnail","6":"product_cat-yoga-towel","8":"first","9":"instock","10":"shipping-taxable","11":"product-type-simple"},"_links":{"self":[{"href":"https:\/\/towels.cc\/fr\/wp-json\/wp\/v2\/product\/12739","targetHints":{"allow":["GET"]}}],"collection":[{"href":"https:\/\/towels.cc\/fr\/wp-json\/wp\/v2\/product"}],"about":[{"href":"https:\/\/towels.cc\/fr\/wp-json\/wp\/v2\/types\/product"}],"wp:featuredmedia":[{"embeddable":true,"href":"https:\/\/towels.cc\/fr\/wp-json\/wp\/v2\/media\/12740"}],"wp:attachment":[{"href":"https:\/\/towels.cc\/fr\/wp-json\/wp\/v2\/media?parent=12739"}],"wp:term":[{"taxonomy":"product_brand","embeddable":true,"href":"https:\/\/towels.cc\/fr\/wp-json\/wp\/v2\/product_brand?post=12739"},{"taxonomy":"product_cat","embeddable":true,"href":"https:\/\/towels.cc\/fr\/wp-json\/wp\/v2\/product_cat?post=12739"},{"taxonomy":"product_tag","embeddable":true,"href":"https:\/\/towels.cc\/fr\/wp-json\/wp\/v2\/product_tag?post=12739"}],"curies":[{"name":"wp","href":"https:\/\/api.w.org\/{rel}","templated":true}]}}