{"id":11281,"date":"2024-03-30T05:30:44","date_gmt":"2024-03-30T05:30:44","guid":{"rendered":"https:\/\/towels.cc\/?post_type=product&#038;p=11281"},"modified":"2024-11-05T15:36:48","modified_gmt":"2024-11-05T15:36:48","slug":"suede-microfiber-beach-towel-with-loop-and-mesh-bag-180x90cm","status":"publish","type":"product","link":"https:\/\/towels.cc\/fr\/produit\/suede-microfiber-beach-towel-with-loop-and-mesh-bag-180x90cm\/","title":{"rendered":"Serviette de plage en microfibre su\u00e9d\u00e9e avec boucle et sac en filet 180x90cm"},"content":{"rendered":"<p>Polyester 200 g\/m\u00b2 et daim polyamide <a href=\"https:\/\/towels.cc\/fr\/beach-towel\/\">serviette de plage en microfibre<\/a> avec une boucle pour accrocher, un sac en filet pour un transport facile et une taille compacte, 180x90cm grande taille une magie pour une peau s\u00e8che et propre rapidement sur la plage.<\/p>","protected":false},"excerpt":{"rendered":"<p><strong>Mat\u00e9riel:<\/strong> microfibre en daim<br \/>\n<strong>Technique:<\/strong> Logo tiss\u00e9, plat et s\u00e9rigraphi\u00e9 sur sac en filet<br \/>\n<strong>\u00c9paisseur:<\/strong> 200 g\/m\u00b2<br \/>\n<strong>Composition:<\/strong> Polyester 80% + polyamide 20%<br \/>\n<strong>Taille de la serviette :<\/strong> 180\u00d790 cm<br \/>\n<strong>Avantage:<\/strong> Non pelucheux, anti-sable, antibact\u00e9rien, r\u00e9sistant \u00e0 l&#039;eau, doux et confortable, ne se d\u00e9colore pas, motif unique lavable en machine,<br \/>\n<strong>Quel endroit pouvez-vous utiliser ?<\/strong><br \/>\nsur la plage,sport,escalade en montagne,essuyage en salle de sport,s\u00e9chage du corps pour le fitness,sortie,cadeau promotionnel<\/p>","protected":false},"featured_media":11283,"template":"","meta":{"_seopress_robots_primary_cat":"none","_seopress_titles_title":"","_seopress_titles_desc":"","_seopress_robots_index":""},"product_brand":[],"product_cat":[33,34],"product_tag":[],"class_list":{"0":"post-11281","1":"product","2":"type-product","3":"status-publish","4":"has-post-thumbnail","6":"product_cat-beach-towel","7":"product_cat-microfiber-towel","9":"first","10":"instock","11":"shipping-taxable","12":"product-type-simple"},"_links":{"self":[{"href":"https:\/\/towels.cc\/fr\/wp-json\/wp\/v2\/product\/11281","targetHints":{"allow":["GET"]}}],"collection":[{"href":"https:\/\/towels.cc\/fr\/wp-json\/wp\/v2\/product"}],"about":[{"href":"https:\/\/towels.cc\/fr\/wp-json\/wp\/v2\/types\/product"}],"wp:featuredmedia":[{"embeddable":true,"href":"https:\/\/towels.cc\/fr\/wp-json\/wp\/v2\/media\/11283"}],"wp:attachment":[{"href":"https:\/\/towels.cc\/fr\/wp-json\/wp\/v2\/media?parent=11281"}],"wp:term":[{"taxonomy":"product_brand","embeddable":true,"href":"https:\/\/towels.cc\/fr\/wp-json\/wp\/v2\/product_brand?post=11281"},{"taxonomy":"product_cat","embeddable":true,"href":"https:\/\/towels.cc\/fr\/wp-json\/wp\/v2\/product_cat?post=11281"},{"taxonomy":"product_tag","embeddable":true,"href":"https:\/\/towels.cc\/fr\/wp-json\/wp\/v2\/product_tag?post=11281"}],"curies":[{"name":"wp","href":"https:\/\/api.w.org\/{rel}","templated":true}]}}