{"id":11275,"date":"2024-03-30T05:28:09","date_gmt":"2024-03-30T05:28:09","guid":{"rendered":"https:\/\/towels.cc\/?post_type=product&#038;p=11275"},"modified":"2024-11-05T15:37:06","modified_gmt":"2024-11-05T15:37:06","slug":"sand-free-and-fast-drying-light-weight-microfiber-beach-towel","status":"publish","type":"product","link":"https:\/\/towels.cc\/fr\/produit\/sand-free-and-fast-drying-light-weight-microfiber-beach-towel\/","title":{"rendered":"Serviette de plage l\u00e9g\u00e8re en microfibre sans sable et \u00e0 s\u00e9chage rapide"},"content":{"rendered":"<p>Nous sommes <a href=\"https:\/\/towels.cc\/fr\/beach-towel\/\">usine de vente de serviettes de plage en microfibre<\/a> en Chine, nous fournissons des serviettes de plage de haute qualit\u00e9, l\u00e9g\u00e8res et sans sable depuis de nombreuses ann\u00e9es.<\/p>\n<p>Cette serviette de plage en microfibre su\u00e9d\u00e9e avec boucle pour la suspendre et la transporter facilement.<\/p>","protected":false},"excerpt":{"rendered":"<p><strong>Mat\u00e9riel:<\/strong> microfibre en daim<br \/>\n<strong>Technique:<\/strong> Tiss\u00e9, plat, tricot\u00e9, logo imprim\u00e9 num\u00e9riquement<br \/>\n<strong>\u00c9paisseur:<\/strong> 200 g\/m\u00b2<br \/>\n<strong>Composition:<\/strong> Polyester 80% + polyamide 20%<br \/>\n<strong>Taille de la serviette :<\/strong>70x140cm<br \/>\n<strong>Avantage:<\/strong> Sans peluches, sans sable, s\u00e9chage rapide, taille compacte, doux et confortable, ne se d\u00e9colore pas, motif unique lavable en machine,<br \/>\n<strong>Quel endroit pouvez-vous utiliser ?<\/strong><br \/>\ncamping,voyage,natation,sur la plage,baignade,sport,piscine,cadeau promotionnel<\/p>","protected":false},"featured_media":11277,"template":"","meta":{"_seopress_robots_primary_cat":"none","_seopress_titles_title":"","_seopress_titles_desc":"","_seopress_robots_index":""},"product_brand":[],"product_cat":[33,34],"product_tag":[],"class_list":{"0":"post-11275","1":"product","2":"type-product","3":"status-publish","4":"has-post-thumbnail","6":"product_cat-beach-towel","7":"product_cat-microfiber-towel","9":"first","10":"instock","11":"shipping-taxable","12":"product-type-simple"},"_links":{"self":[{"href":"https:\/\/towels.cc\/fr\/wp-json\/wp\/v2\/product\/11275","targetHints":{"allow":["GET"]}}],"collection":[{"href":"https:\/\/towels.cc\/fr\/wp-json\/wp\/v2\/product"}],"about":[{"href":"https:\/\/towels.cc\/fr\/wp-json\/wp\/v2\/types\/product"}],"wp:featuredmedia":[{"embeddable":true,"href":"https:\/\/towels.cc\/fr\/wp-json\/wp\/v2\/media\/11277"}],"wp:attachment":[{"href":"https:\/\/towels.cc\/fr\/wp-json\/wp\/v2\/media?parent=11275"}],"wp:term":[{"taxonomy":"product_brand","embeddable":true,"href":"https:\/\/towels.cc\/fr\/wp-json\/wp\/v2\/product_brand?post=11275"},{"taxonomy":"product_cat","embeddable":true,"href":"https:\/\/towels.cc\/fr\/wp-json\/wp\/v2\/product_cat?post=11275"},{"taxonomy":"product_tag","embeddable":true,"href":"https:\/\/towels.cc\/fr\/wp-json\/wp\/v2\/product_tag?post=11275"}],"curies":[{"name":"wp","href":"https:\/\/api.w.org\/{rel}","templated":true}]}}