{"id":11273,"date":"2024-03-30T05:32:39","date_gmt":"2024-03-30T05:32:39","guid":{"rendered":"https:\/\/towels.cc\/?post_type=product&#038;p=11273"},"modified":"2024-11-05T15:36:28","modified_gmt":"2024-11-05T15:36:28","slug":"waffle-microfiber-beach-towel-design-your-own-pattern-75x150cm","status":"publish","type":"product","link":"https:\/\/towels.cc\/fr\/produit\/waffle-microfiber-beach-towel-design-your-own-pattern-75x150cm\/","title":{"rendered":"Serviette de plage en microfibre gaufr\u00e9e, cr\u00e9ez votre propre motif 75x150cm"},"content":{"rendered":"<p>360GSM \u00e9paisseur 75x150cm <a href=\"https:\/\/towels.cc\/fr\/beach-towel\/\">serviette de plage en microfibre personnalis\u00e9e<\/a> Imprimez selon la demande du client, non pelucheux, s\u00e9chage rapide avec une boucle en tissu noir pour accrocher au mur.<\/p>\n<p>Nous sommes un <a href=\"https:\/\/towels.cc\/fr\/beach-towel\/\">usine de serviettes de plage<\/a> en Chine et n&#039;importe quelle taille de serviette de plage et illustration peut \u00eatre accept\u00e9e et produite par nous.<\/p>","protected":false},"excerpt":{"rendered":"<p><strong>Mat\u00e9riel:<\/strong> microfibre gaufr\u00e9e<br \/>\n<strong>Technique:<\/strong> Logo tiss\u00e9, plat, impression num\u00e9rique<br \/>\n<strong>\u00c9paisseur:<\/strong> 360\u00a0g\/m\u00b2<br \/>\n<strong>Composition:<\/strong> Polyester 80% + polyamide 20%<br \/>\n<strong>Taille de la serviette :<\/strong> 75x150cm<br \/>\n<strong>Avantage:<\/strong> Sans peluches, facile \u00e0 accrocher au mur, doux et confortable, ne se d\u00e9colore pas, motif unique lavable en machine,<br \/>\n<strong>Quel endroit pouvez-vous utiliser ?<\/strong><br \/>\nyoga,sport,cadeau promotionnel,sur la plage,sortie,faire un pique-nique<\/p>","protected":false},"featured_media":11285,"template":"","meta":{"_seopress_robots_primary_cat":"none","_seopress_titles_title":"","_seopress_titles_desc":"","_seopress_robots_index":""},"product_brand":[],"product_cat":[34],"product_tag":[],"class_list":{"0":"post-11273","1":"product","2":"type-product","3":"status-publish","4":"has-post-thumbnail","6":"product_cat-microfiber-towel","8":"first","9":"instock","10":"shipping-taxable","11":"product-type-simple"},"_links":{"self":[{"href":"https:\/\/towels.cc\/fr\/wp-json\/wp\/v2\/product\/11273","targetHints":{"allow":["GET"]}}],"collection":[{"href":"https:\/\/towels.cc\/fr\/wp-json\/wp\/v2\/product"}],"about":[{"href":"https:\/\/towels.cc\/fr\/wp-json\/wp\/v2\/types\/product"}],"wp:featuredmedia":[{"embeddable":true,"href":"https:\/\/towels.cc\/fr\/wp-json\/wp\/v2\/media\/11285"}],"wp:attachment":[{"href":"https:\/\/towels.cc\/fr\/wp-json\/wp\/v2\/media?parent=11273"}],"wp:term":[{"taxonomy":"product_brand","embeddable":true,"href":"https:\/\/towels.cc\/fr\/wp-json\/wp\/v2\/product_brand?post=11273"},{"taxonomy":"product_cat","embeddable":true,"href":"https:\/\/towels.cc\/fr\/wp-json\/wp\/v2\/product_cat?post=11273"},{"taxonomy":"product_tag","embeddable":true,"href":"https:\/\/towels.cc\/fr\/wp-json\/wp\/v2\/product_tag?post=11273"}],"curies":[{"name":"wp","href":"https:\/\/api.w.org\/{rel}","templated":true}]}}