{"id":11262,"date":"2024-03-29T18:11:21","date_gmt":"2024-03-29T18:11:21","guid":{"rendered":"https:\/\/towels.cc\/?post_type=product&#038;p=11262"},"modified":"2024-11-05T15:37:46","modified_gmt":"2024-11-05T15:37:46","slug":"24x68-inch-waffle-microfiber-anti-slip-lint-free-quick-dry-yoga-towel-wholesale","status":"publish","type":"product","link":"https:\/\/towels.cc\/fr\/produit\/24x68-inch-waffle-microfiber-anti-slip-lint-free-quick-dry-yoga-towel-wholesale\/","title":{"rendered":"Serviette de yoga \u00e0 s\u00e9chage rapide antid\u00e9rapante en microfibre gaufr\u00e9e 24 \u00d7 68 pouces, non pelucheuse, vente en gros"},"content":{"rendered":"<p>R\u00e9cemment, de plus en plus de personnes s&#039;int\u00e9ressent aux sports de yoga, et un bon tapis antid\u00e9rapant non pelucheux \u00e0 s\u00e9chage rapide <a href=\"https:\/\/towels.cc\/fr\/yoga-towel\/\">serviette de yoga<\/a> est n\u00e9cessaire et important pour nous.<\/p>\n<p>towelscc est un professionnel \u00a0<a href=\"https:\/\/towels.cc\/fr\/yoga-towel\/\">vente en gros et fabrication de serviettes de yoga<\/a> Depuis plus de 12 ans en Chine, nous acceptons des solutions de serviettes de yoga personnalis\u00e9es et con\u00e7ues pour les commandes OEM et ODM.<\/p>","protected":false},"excerpt":{"rendered":"<p><strong>Mat\u00e9riel:<\/strong> microfibre gaufr\u00e9e<br \/>\n<strong>Technique:<\/strong> Logo tiss\u00e9, plat, impression num\u00e9rique<br \/>\n<strong>\u00c9paisseur:<\/strong> 360\u00a0g\/m\u00b2<br \/>\n<strong>Composition:<\/strong> Polyester 80% + polyamide 20%<br \/>\n<strong>Taille de la serviette :<\/strong> 24\u00d768 pouces<br \/>\n<strong>Avantage:<\/strong> Sans peluches, doux et confortable, ne se d\u00e9colore pas, motif unique, lavable en machine,<br \/>\n<strong>Quel endroit pouvez-vous utiliser ?<\/strong><br \/>\ngolf, sport, yoga, bain, natation, escalade en montagne, essuyage en salle de sport, fitness corps sec, cadeau promotionnel<\/p>","protected":false},"featured_media":11264,"template":"","meta":{"_seopress_robots_primary_cat":"none","_seopress_titles_title":"","_seopress_titles_desc":"","_seopress_robots_index":""},"product_brand":[],"product_cat":[34,59,50],"product_tag":[],"class_list":{"0":"post-11262","1":"product","2":"type-product","3":"status-publish","4":"has-post-thumbnail","6":"product_cat-microfiber-towel","7":"product_cat-women-towel","8":"product_cat-yoga-towel","10":"first","11":"instock","12":"shipping-taxable","13":"product-type-simple"},"_links":{"self":[{"href":"https:\/\/towels.cc\/fr\/wp-json\/wp\/v2\/product\/11262","targetHints":{"allow":["GET"]}}],"collection":[{"href":"https:\/\/towels.cc\/fr\/wp-json\/wp\/v2\/product"}],"about":[{"href":"https:\/\/towels.cc\/fr\/wp-json\/wp\/v2\/types\/product"}],"wp:featuredmedia":[{"embeddable":true,"href":"https:\/\/towels.cc\/fr\/wp-json\/wp\/v2\/media\/11264"}],"wp:attachment":[{"href":"https:\/\/towels.cc\/fr\/wp-json\/wp\/v2\/media?parent=11262"}],"wp:term":[{"taxonomy":"product_brand","embeddable":true,"href":"https:\/\/towels.cc\/fr\/wp-json\/wp\/v2\/product_brand?post=11262"},{"taxonomy":"product_cat","embeddable":true,"href":"https:\/\/towels.cc\/fr\/wp-json\/wp\/v2\/product_cat?post=11262"},{"taxonomy":"product_tag","embeddable":true,"href":"https:\/\/towels.cc\/fr\/wp-json\/wp\/v2\/product_tag?post=11262"}],"curies":[{"name":"wp","href":"https:\/\/api.w.org\/{rel}","templated":true}]}}