{"id":11256,"date":"2024-03-29T18:02:46","date_gmt":"2024-03-29T18:02:46","guid":{"rendered":"https:\/\/towels.cc\/?post_type=product&#038;p=11256"},"modified":"2024-11-05T15:38:20","modified_gmt":"2024-11-05T15:38:20","slug":"40x80cm-personalized-waffle-microfiber-golf-towel-with-a-loop-for-hanging","status":"publish","type":"product","link":"https:\/\/towels.cc\/fr\/produit\/40x80cm-personalized-waffle-microfiber-golf-towel-with-a-loop-for-hanging\/","title":{"rendered":"Serviette de golf en microfibre gaufr\u00e9e personnalis\u00e9e 40x80cm avec boucle"},"content":{"rendered":"<p>Ce <a href=\"https:\/\/towels.cc\/fr\/golf-towel\/\">serviette de golf en microfibre<\/a> est fini par un tissu gaufr\u00e9 tricot\u00e9 tiss\u00e9 de texture 380GSM, non pelucheux, \u00e0 s\u00e9chage rapide, super absorbant l&#039;eau, antibact\u00e9rien et technologie d&#039;impression num\u00e9rique de petite taille et de taille r\u00e9elle de 40x80cm.<\/p>\n<p>Notre autre populaire <a href=\"https:\/\/towels.cc\/fr\/golf-towel\/\">serviette de golf<\/a> la taille est de 50x100cm taille L, vous pouvez \u00e9galement personnaliser d&#039;autres tailles et couleurs \u00e0 votre guise.<\/p>","protected":false},"excerpt":{"rendered":"<p><strong>Mat\u00e9riel:<\/strong> microfibre gaufr\u00e9e<br \/>\n<strong>Technique:<\/strong> Tiss\u00e9, plat, impression num\u00e9rique<br \/>\n<strong>\u00c9paisseur:<\/strong> 380 g\/m\u00b2<br \/>\n<strong>Composition:<\/strong> Polyester 80% + polyamide 20%<br \/>\n<strong>Taille de la serviette :<\/strong> 40x80cm<br \/>\n<strong>Avantage:<\/strong> Pas de peluches, accepte les commandes en faible quantit\u00e9, s\u00e9chage rapide, facile \u00e0 accrocher, doux et confortable, pas de d\u00e9coloration, motif unique lavable en machine.<\/p>","protected":false},"featured_media":11257,"template":"","meta":{"_seopress_robots_primary_cat":"none","_seopress_titles_title":"","_seopress_titles_desc":"","_seopress_robots_index":""},"product_brand":[],"product_cat":[61,34],"product_tag":[],"class_list":{"0":"post-11256","1":"product","2":"type-product","3":"status-publish","4":"has-post-thumbnail","6":"product_cat-golf-towel","7":"product_cat-microfiber-towel","9":"first","10":"instock","11":"shipping-taxable","12":"product-type-simple"},"_links":{"self":[{"href":"https:\/\/towels.cc\/fr\/wp-json\/wp\/v2\/product\/11256","targetHints":{"allow":["GET"]}}],"collection":[{"href":"https:\/\/towels.cc\/fr\/wp-json\/wp\/v2\/product"}],"about":[{"href":"https:\/\/towels.cc\/fr\/wp-json\/wp\/v2\/types\/product"}],"wp:featuredmedia":[{"embeddable":true,"href":"https:\/\/towels.cc\/fr\/wp-json\/wp\/v2\/media\/11257"}],"wp:attachment":[{"href":"https:\/\/towels.cc\/fr\/wp-json\/wp\/v2\/media?parent=11256"}],"wp:term":[{"taxonomy":"product_brand","embeddable":true,"href":"https:\/\/towels.cc\/fr\/wp-json\/wp\/v2\/product_brand?post=11256"},{"taxonomy":"product_cat","embeddable":true,"href":"https:\/\/towels.cc\/fr\/wp-json\/wp\/v2\/product_cat?post=11256"},{"taxonomy":"product_tag","embeddable":true,"href":"https:\/\/towels.cc\/fr\/wp-json\/wp\/v2\/product_tag?post=11256"}],"curies":[{"name":"wp","href":"https:\/\/api.w.org\/{rel}","templated":true}]}}