{"id":11250,"date":"2024-03-29T17:48:27","date_gmt":"2024-03-29T17:48:27","guid":{"rendered":"https:\/\/towels.cc\/?post_type=product&#038;p=11250"},"modified":"2024-11-05T15:38:54","modified_gmt":"2024-11-05T15:38:54","slug":"wholesale-hotel-cotton-towels-with-dobby-pattern","status":"publish","type":"product","link":"https:\/\/towels.cc\/fr\/produit\/wholesale-hotel-cotton-towels-with-dobby-pattern\/","title":{"rendered":"Serviettes d&#039;h\u00f4tel en coton en gros avec motif dobby et logo brod\u00e9"},"content":{"rendered":"<p>Le <a href=\"https:\/\/towels.cc\/fr\/bath-towel\/\">serviettes de bain en coton<\/a> taille standard 70x140cm et 75x150cm fabriqu\u00e9e par la soci\u00e9t\u00e9 textile Towelscc en Chine, qui propose diff\u00e9rentes couleurs et motifs au choix \u00e0 un prix raisonnable et une qualit\u00e9 d&#039;utilisation durable.<\/p>","protected":false},"excerpt":{"rendered":"<p><strong>Mat\u00e9riel:<\/strong> fil torsad\u00e9 en coton \u00e9ponge 16s<br \/>\n<strong>Technique:<\/strong> Logo tiss\u00e9, plat et brod\u00e9<br \/>\n<strong>\u00c9paisseur:<\/strong> 600 g\/m\u00b2<br \/>\n<strong>Composition:<\/strong> Coton 100%<br \/>\n<strong>Taille de la serviette :<\/strong> 70x140cm, 75x150cm<br \/>\n<strong>Avantage:<\/strong> Sans peluches, doux et confortable, ne se d\u00e9colore pas, motif unique, lavable en machine,<br \/>\n<strong>Quel endroit pouvez-vous utiliser ?<\/strong><br \/>\nbaignade, spa, voyage, h\u00f4tel, cadeau promotionnel<\/p>","protected":false},"featured_media":11252,"template":"","meta":{"_seopress_robots_primary_cat":"none","_seopress_titles_title":"","_seopress_titles_desc":"","_seopress_robots_index":""},"product_brand":[],"product_cat":[55,66,57,59],"product_tag":[],"class_list":{"0":"post-11250","1":"product","2":"type-product","3":"status-publish","4":"has-post-thumbnail","6":"product_cat-cotton-towel","7":"product_cat-hotel-towel","8":"product_cat-mens-towel","9":"product_cat-women-towel","11":"first","12":"instock","13":"shipping-taxable","14":"product-type-simple"},"_links":{"self":[{"href":"https:\/\/towels.cc\/fr\/wp-json\/wp\/v2\/product\/11250","targetHints":{"allow":["GET"]}}],"collection":[{"href":"https:\/\/towels.cc\/fr\/wp-json\/wp\/v2\/product"}],"about":[{"href":"https:\/\/towels.cc\/fr\/wp-json\/wp\/v2\/types\/product"}],"wp:featuredmedia":[{"embeddable":true,"href":"https:\/\/towels.cc\/fr\/wp-json\/wp\/v2\/media\/11252"}],"wp:attachment":[{"href":"https:\/\/towels.cc\/fr\/wp-json\/wp\/v2\/media?parent=11250"}],"wp:term":[{"taxonomy":"product_brand","embeddable":true,"href":"https:\/\/towels.cc\/fr\/wp-json\/wp\/v2\/product_brand?post=11250"},{"taxonomy":"product_cat","embeddable":true,"href":"https:\/\/towels.cc\/fr\/wp-json\/wp\/v2\/product_cat?post=11250"},{"taxonomy":"product_tag","embeddable":true,"href":"https:\/\/towels.cc\/fr\/wp-json\/wp\/v2\/product_tag?post=11250"}],"curies":[{"name":"wp","href":"https:\/\/api.w.org\/{rel}","templated":true}]}}