{"id":11243,"date":"2024-03-29T17:43:19","date_gmt":"2024-03-29T17:43:19","guid":{"rendered":"https:\/\/towels.cc\/?post_type=product&#038;p=11243"},"modified":"2024-11-05T15:39:19","modified_gmt":"2024-11-05T15:39:19","slug":"wholesale-cotton-hotel-and-spa-towel-sets-cotton-towels-manufacturers","status":"publish","type":"product","link":"https:\/\/towels.cc\/fr\/produit\/wholesale-cotton-hotel-and-spa-towel-sets-cotton-towels-manufacturers\/","title":{"rendered":"Ensembles de serviettes en coton pour h\u00f4tels et spas en gros, fabricants de serviettes en coton"},"content":{"rendered":"<p>Towelscc est l&#039;un des <a href=\"https:\/\/towels.cc\/fr\/cotton-towel\/\">fabricants de serviettes en coton<\/a> En Chine, nous nous concentrons sur la conception de serviettes en coton personnalis\u00e9es, disponibles dans diff\u00e9rentes couleurs, tailles et motifs. Nous acceptons toutes les commandes OEM et ODM, avec une livraison rapide, une communication rapide et des prix comp\u00e9titifs.<\/p>","protected":false},"excerpt":{"rendered":"<p><strong>Mat\u00e9riel:<\/strong> fil torsad\u00e9 en coton \u00e9ponge 16s<br \/>\n<strong>Technique:<\/strong> Tiss\u00e9, plat, sans logo<br \/>\n<strong>\u00c9paisseur:<\/strong> 600 g\/m\u00b2<br \/>\n<strong>Composition:<\/strong> Coton 100%<br \/>\n<strong>Taille de la serviette :<\/strong> 30x30cm, 35x75cm, 70x140cm<br \/>\n<strong>Avantage:<\/strong> Sans peluches, doux et confortable, ne se d\u00e9colore pas, motif unique, lavable en machine,<br \/>\n<strong>Quel endroit pouvez-vous utiliser ?<\/strong><br \/>\nspa,h\u00f4tel,\u00e0 domicile,appartement,auberge h\u00f4tels,cadeau universel d&#039;entreprise,cadeau promotionnel<\/p>","protected":false},"featured_media":11247,"template":"","meta":{"_seopress_robots_primary_cat":"none","_seopress_titles_title":"","_seopress_titles_desc":"","_seopress_robots_index":""},"product_brand":[],"product_cat":[58,55,66,65],"product_tag":[],"class_list":{"0":"post-11243","1":"product","2":"type-product","3":"status-publish","4":"has-post-thumbnail","6":"product_cat-baby-kids-towel","7":"product_cat-cotton-towel","8":"product_cat-hotel-towel","9":"product_cat-spa-towel","11":"first","12":"instock","13":"shipping-taxable","14":"product-type-simple"},"_links":{"self":[{"href":"https:\/\/towels.cc\/fr\/wp-json\/wp\/v2\/product\/11243","targetHints":{"allow":["GET"]}}],"collection":[{"href":"https:\/\/towels.cc\/fr\/wp-json\/wp\/v2\/product"}],"about":[{"href":"https:\/\/towels.cc\/fr\/wp-json\/wp\/v2\/types\/product"}],"wp:featuredmedia":[{"embeddable":true,"href":"https:\/\/towels.cc\/fr\/wp-json\/wp\/v2\/media\/11247"}],"wp:attachment":[{"href":"https:\/\/towels.cc\/fr\/wp-json\/wp\/v2\/media?parent=11243"}],"wp:term":[{"taxonomy":"product_brand","embeddable":true,"href":"https:\/\/towels.cc\/fr\/wp-json\/wp\/v2\/product_brand?post=11243"},{"taxonomy":"product_cat","embeddable":true,"href":"https:\/\/towels.cc\/fr\/wp-json\/wp\/v2\/product_cat?post=11243"},{"taxonomy":"product_tag","embeddable":true,"href":"https:\/\/towels.cc\/fr\/wp-json\/wp\/v2\/product_tag?post=11243"}],"curies":[{"name":"wp","href":"https:\/\/api.w.org\/{rel}","templated":true}]}}