{"id":10998,"date":"2024-03-28T05:43:50","date_gmt":"2024-03-28T05:43:50","guid":{"rendered":"https:\/\/towels.cc\/?post_type=product&#038;p=10998"},"modified":"2024-11-05T15:39:53","modified_gmt":"2024-11-05T15:39:53","slug":"10998","status":"publish","type":"product","link":"https:\/\/towels.cc\/fr\/produit\/10998\/","title":{"rendered":"Serviette de spa professionnelle en coton noir anti-blanchiment en gros"},"content":{"rendered":"<p>Nous sommes des professionnels de la production de coton noir<a href=\"https:\/\/towels.cc\/fr\/spa-towel\/\"> fournisseur de serviettes de spa<\/a> pour de nombreux salons de coiffure et magasins \u00e0 prix de gros bon march\u00e9 et de bonne qualit\u00e9, acceptez \u00e9galement les petites quantit\u00e9s de commande<\/p>","protected":false},"excerpt":{"rendered":"<p><strong>Mat\u00e9riel:<\/strong> 100% COTON<br \/>\n<strong>Technique:<\/strong> Tissu tiss\u00e9, plat et teint<br \/>\n<strong>\u00c9paisseur:<\/strong> 400 g\/m\u00b2<br \/>\n<strong>Composition:<\/strong> 100% bouclette en coton \u00e9ponge<br \/>\n<strong>Taille de la serviette :<\/strong> 16\u2033x27\u2033<br \/>\n<strong>Avantage:<\/strong> Sans peluches, anti-blanchiment, doux et confortable, ne se d\u00e9colore pas, motif unique lavable en machine,<br \/>\n<strong>Quel endroit pouvez-vous utiliser ?<\/strong><br \/>\nbain, spa, coupe de cheveux, salon, ext\u00e9rieur, h\u00f4tel, \u00e0 la maison, d\u00e9maquillage, lavage du visage, cadeau promotionnel<\/p>","protected":false},"featured_media":11000,"template":"","meta":{"_seopress_robots_primary_cat":"none","_seopress_titles_title":"","_seopress_titles_desc":"","_seopress_robots_index":""},"product_brand":[],"product_cat":[55,54,65],"product_tag":[],"class_list":{"0":"post-10998","1":"product","2":"type-product","3":"status-publish","4":"has-post-thumbnail","6":"product_cat-cotton-towel","7":"product_cat-hair-towel","8":"product_cat-spa-towel","10":"first","11":"instock","12":"shipping-taxable","13":"product-type-simple"},"_links":{"self":[{"href":"https:\/\/towels.cc\/fr\/wp-json\/wp\/v2\/product\/10998","targetHints":{"allow":["GET"]}}],"collection":[{"href":"https:\/\/towels.cc\/fr\/wp-json\/wp\/v2\/product"}],"about":[{"href":"https:\/\/towels.cc\/fr\/wp-json\/wp\/v2\/types\/product"}],"wp:featuredmedia":[{"embeddable":true,"href":"https:\/\/towels.cc\/fr\/wp-json\/wp\/v2\/media\/11000"}],"wp:attachment":[{"href":"https:\/\/towels.cc\/fr\/wp-json\/wp\/v2\/media?parent=10998"}],"wp:term":[{"taxonomy":"product_brand","embeddable":true,"href":"https:\/\/towels.cc\/fr\/wp-json\/wp\/v2\/product_brand?post=10998"},{"taxonomy":"product_cat","embeddable":true,"href":"https:\/\/towels.cc\/fr\/wp-json\/wp\/v2\/product_cat?post=10998"},{"taxonomy":"product_tag","embeddable":true,"href":"https:\/\/towels.cc\/fr\/wp-json\/wp\/v2\/product_tag?post=10998"}],"curies":[{"name":"wp","href":"https:\/\/api.w.org\/{rel}","templated":true}]}}