{"id":10993,"date":"2024-03-28T05:39:17","date_gmt":"2024-03-28T05:39:17","guid":{"rendered":"https:\/\/towels.cc\/?post_type=product&#038;p=10993"},"modified":"2024-03-28T05:41:53","modified_gmt":"2024-03-28T05:41:53","slug":"plain-weaving-16s-twist-plant-dyed-cotton-workout-towels","status":"publish","type":"product","link":"https:\/\/towels.cc\/fr\/produit\/plain-weaving-16s-twist-plant-dyed-cotton-workout-towels\/","title":{"rendered":"Serviettes d&#039;entra\u00eenement en coton teint\u00e9 v\u00e9g\u00e9tal \u00e0 tissage uni 16 fils"},"content":{"rendered":"<p>Les serviettes d&#039;entra\u00eenement sont fabriqu\u00e9es par une usine professionnelle de serviettes de sport, en fil de coton torsad\u00e9 16S de haute qualit\u00e9, avec un joli logo brod\u00e9 pour la marque, une poche pli\u00e9e pour ranger les \u00e9couteurs et les cl\u00e9s lorsque vous courez ou faites du jogging \u00e0 l&#039;ext\u00e9rieur ou \u00e0 l&#039;int\u00e9rieur de la salle de sport. Notre soci\u00e9t\u00e9 propose un d\u00e9veloppement d&#039;\u00e9chantillons gratuit et un service client personnalis\u00e9 pour les commandes de serviettes personnalis\u00e9es.<\/p>","protected":false},"excerpt":{"rendered":"<p><strong>Mat\u00e9riel:<\/strong> 100% coton \u00e9gyptien<br \/>\n<strong>Technique:<\/strong> Logo tiss\u00e9, plat et brod\u00e9<br \/>\n<strong>\u00c9paisseur:<\/strong> 550 g\/m\u00b2<br \/>\n<strong>Composition:<\/strong> Fil de coton torsad\u00e9 100% 16S<br \/>\n<strong>Taille de la serviette :<\/strong>30\u00d7110 cm<br \/>\n<strong>Avantage:<\/strong> Sans peluches, teint\u00e9 aux plantes, sans danger pour la peau, absorbant l&#039;eau, doux et confortable, ne se d\u00e9colore pas, une poche pour ranger les petites choses.<br \/>\n<strong>Quel endroit pouvez-vous utiliser ?<\/strong><br \/>\nserviette d&#039;entra\u00eenement, sport, escalade en montagne, d\u00e9formation en salle de sport, fitness, course \u00e0 pied \u00e0 l&#039;ext\u00e9rieur, jogging, cadeau promotionnel<\/p>","protected":false},"featured_media":10996,"template":"","meta":{"_seopress_robots_primary_cat":"","_seopress_titles_title":"","_seopress_titles_desc":"","_seopress_robots_index":""},"product_brand":[],"product_cat":[55,49],"product_tag":[],"class_list":{"0":"post-10993","1":"product","2":"type-product","3":"status-publish","4":"has-post-thumbnail","6":"product_cat-cotton-towel","7":"product_cat-gym-towel","9":"first","10":"instock","11":"shipping-taxable","12":"product-type-simple"},"_links":{"self":[{"href":"https:\/\/towels.cc\/fr\/wp-json\/wp\/v2\/product\/10993","targetHints":{"allow":["GET"]}}],"collection":[{"href":"https:\/\/towels.cc\/fr\/wp-json\/wp\/v2\/product"}],"about":[{"href":"https:\/\/towels.cc\/fr\/wp-json\/wp\/v2\/types\/product"}],"wp:featuredmedia":[{"embeddable":true,"href":"https:\/\/towels.cc\/fr\/wp-json\/wp\/v2\/media\/10996"}],"wp:attachment":[{"href":"https:\/\/towels.cc\/fr\/wp-json\/wp\/v2\/media?parent=10993"}],"wp:term":[{"taxonomy":"product_brand","embeddable":true,"href":"https:\/\/towels.cc\/fr\/wp-json\/wp\/v2\/product_brand?post=10993"},{"taxonomy":"product_cat","embeddable":true,"href":"https:\/\/towels.cc\/fr\/wp-json\/wp\/v2\/product_cat?post=10993"},{"taxonomy":"product_tag","embeddable":true,"href":"https:\/\/towels.cc\/fr\/wp-json\/wp\/v2\/product_tag?post=10993"}],"curies":[{"name":"wp","href":"https:\/\/api.w.org\/{rel}","templated":true}]}}