{"id":12855,"date":"2024-04-20T13:25:48","date_gmt":"2024-04-20T13:25:48","guid":{"rendered":"https:\/\/towels.cc\/?post_type=product&#038;p=12855"},"modified":"2024-11-05T15:27:54","modified_gmt":"2024-11-05T15:27:54","slug":"16-s-twist-cotton-yarn-bath-towel-with-dobby-fitness-towel-with-germ-shield-2","status":"publish","type":"product","link":"https:\/\/towels.cc\/fi\/tuote\/16-s-twist-cotton-yarn-bath-towel-with-dobby-fitness-towel-with-germ-shield-2\/","title":{"rendered":"16 s kierre puuvillalangainen kylpypyyhe dobby-kuntopyyhkeell\u00e4 bakteerisuojalla\u00a0"},"content":{"rendered":"<p>Meid\u00e4n kuntomme <a href=\"https:\/\/towels.cc\/fi\/\">pyyhe<\/a> bakteerisuojatoiminnolla, viimeistelty ylellisell\u00e4 laadukkaalla 16 s kierteisell\u00e4 puuvillalangalla, 600GSM:n paksuisella kankaalla, elegantilla ja selke\u00e4ll\u00e4 Bobby-kuviolla.<\/p>\n<p>Pidempi froteelenkki kuin normaali 21s ja 32s <a href=\"https:\/\/towels.cc\/fi\/cotton-towel\/\">puuvilla lanka<\/a>, tunnet rakenteen olevan pehme\u00e4mpi ja mukavampi.<\/p>\n<p>Voimme r\u00e4\u00e4t\u00e4l\u00f6id\u00e4 mink\u00e4 tahansa v\u00e4rin ja koon kuntopyyhkeen antimateriaalitoiminnolla sinulle!<\/p>","protected":false},"excerpt":{"rendered":"<p><strong>Materiaali:\u00a0<\/strong> 16S kierretty puuvillalanka<br \/>\n<strong>Tekninen:<\/strong> Kudottu, litte\u00e4, Dobby<br \/>\n<strong>Paksuus:<\/strong> 600 GSM<br \/>\n<strong>Koostumus:<\/strong> 100% puuvillaa<br \/>\n<strong>Pyyhkeen koko:<\/strong> 40x90cm<br \/>\n<strong>Etu:<\/strong> Nukkaamaton, pehme\u00e4 ja mukava, haalistumaton, ainutlaatuinen kuvio, konepest\u00e4v\u00e4,<br \/>\n<strong>Mit\u00e4 paikkaa voit k\u00e4ytt\u00e4\u00e4?<\/strong><br \/>\ngolf, urheilu, kylpyl\u00e4, koti, matkustaminen, vuorikiipeily, kuntosalin pyyhkiminen, kuntokuivaus, mainoslahja<br \/>\n<strong>Mukauta asetukset:<\/strong><br \/>\n<strong>logo:<\/strong> brodeerattu logo<br \/>\n<strong>paketti:<\/strong> lahjarasia \/ opp poly laukku<\/p>","protected":false},"featured_media":12846,"template":"","meta":{"_seopress_robots_primary_cat":"none","_seopress_titles_title":"","_seopress_titles_desc":"","_seopress_robots_index":""},"product_brand":[],"product_cat":[31,37,49],"product_tag":[],"class_list":{"0":"post-12855","1":"product","2":"type-product","3":"status-publish","4":"has-post-thumbnail","6":"product_cat-all-towels","7":"product_cat-bath-towel","8":"product_cat-gym-towel","10":"first","11":"instock","12":"shipping-taxable","13":"product-type-simple"},"_links":{"self":[{"href":"https:\/\/towels.cc\/fi\/wp-json\/wp\/v2\/product\/12855","targetHints":{"allow":["GET"]}}],"collection":[{"href":"https:\/\/towels.cc\/fi\/wp-json\/wp\/v2\/product"}],"about":[{"href":"https:\/\/towels.cc\/fi\/wp-json\/wp\/v2\/types\/product"}],"wp:featuredmedia":[{"embeddable":true,"href":"https:\/\/towels.cc\/fi\/wp-json\/wp\/v2\/media\/12846"}],"wp:attachment":[{"href":"https:\/\/towels.cc\/fi\/wp-json\/wp\/v2\/media?parent=12855"}],"wp:term":[{"taxonomy":"product_brand","embeddable":true,"href":"https:\/\/towels.cc\/fi\/wp-json\/wp\/v2\/product_brand?post=12855"},{"taxonomy":"product_cat","embeddable":true,"href":"https:\/\/towels.cc\/fi\/wp-json\/wp\/v2\/product_cat?post=12855"},{"taxonomy":"product_tag","embeddable":true,"href":"https:\/\/towels.cc\/fi\/wp-json\/wp\/v2\/product_tag?post=12855"}],"curies":[{"name":"wp","href":"https:\/\/api.w.org\/{rel}","templated":true}]}}