{"id":12841,"date":"2024-04-20T13:22:09","date_gmt":"2024-04-20T13:22:09","guid":{"rendered":"https:\/\/towels.cc\/?post_type=product&#038;p=12841"},"modified":"2024-11-05T15:29:01","modified_gmt":"2024-11-05T15:29:01","slug":"plain-weaving-16s-twist-plant-dyed-cotton-workout-towels-2","status":"publish","type":"product","link":"https:\/\/towels.cc\/fi\/tuote\/plain-weaving-16s-twist-plant-dyed-cotton-workout-towels-2\/","title":{"rendered":"Pelk\u00e4t kudottu 16s twist kasviv\u00e4rj\u00e4tty puuvillaharjoituspyyhkeet"},"content":{"rendered":"<p>Treenipyyhkeet on valmistanut <a href=\"https:\/\/towels.cc\/fi\/gym-towel\/\">ammattimainen kuntosalipyyhetehdas<\/a>, laadukasta 16S kierretty\u00e4 puuvillalankaa, brodeerattu kiva logo merkkituotemerkille, taitettu tasku kuulokkeille ja avaimille, kun juokset tai lenkkeilet salin ulkopuolella tai sis\u00e4ll\u00e4.<\/p>\n<p>Yrityksemme tarjoaa ilmaisen n\u00e4ytekehityksen ja asiakaspalvelun yksitellen <a href=\"https:\/\/towels.cc\/fi\/\">r\u00e4\u00e4t\u00e4l\u00f6ity pyyhe<\/a> tilauksia.<\/p>","protected":false},"excerpt":{"rendered":"<p><strong>Materiaali:<\/strong> 100% Egyptin puuvillaa<br \/>\n<strong>Tekniikka:<\/strong> Kudottu, litte\u00e4, kirjontalogo<br \/>\n<strong>Paksuus:<\/strong> 550 GSM<br \/>\n<strong>Koostumus:<\/strong> 100% 16S kierretty puuvillalanka<br \/>\n<strong>Pyyhkeen koko:<\/strong>30\u00d7110 cm<br \/>\n<strong>Etu:<\/strong> Nukkaamaton, kasviv\u00e4rj\u00e4tty, ei haitallista ihoa, vett\u00e4 imev\u00e4, pehme\u00e4 ja mukava, haalistumaton, tasku pienten tavaroiden s\u00e4ilytt\u00e4miseen.<br \/>\n<strong>Mit\u00e4 paikkaa voit k\u00e4ytt\u00e4\u00e4?<\/strong><br \/>\nharjoituspyyhe, urheilu, vuorikiipeily, kuntosaliharjoittelu, kuntoilu, ulkona juokseminen, lenkkeily, mainoslahja<br \/>\n<strong>Mukauta asetukset:<\/strong><br \/>\nlogo: silkkipainatus \/ kirjontalogo<br \/>\npaketti: lahjarasia \/ opp polybag<br \/>\nJos haluat v\u00e4rj\u00e4t\u00e4 muun pyyhkeen v\u00e4rin ja tehd\u00e4 oman mallisi, ota meihin yhteytt\u00e4 ilmaiseksi. Tarjoamme ammattimaisia ratkaisuja, joista voit valita!<\/p>","protected":false},"featured_media":12842,"template":"","meta":{"_seopress_robots_primary_cat":"none","_seopress_titles_title":"","_seopress_titles_desc":"","_seopress_robots_index":""},"product_brand":[],"product_cat":[31],"product_tag":[],"class_list":{"0":"post-12841","1":"product","2":"type-product","3":"status-publish","4":"has-post-thumbnail","6":"product_cat-all-towels","8":"first","9":"instock","10":"shipping-taxable","11":"product-type-simple"},"_links":{"self":[{"href":"https:\/\/towels.cc\/fi\/wp-json\/wp\/v2\/product\/12841","targetHints":{"allow":["GET"]}}],"collection":[{"href":"https:\/\/towels.cc\/fi\/wp-json\/wp\/v2\/product"}],"about":[{"href":"https:\/\/towels.cc\/fi\/wp-json\/wp\/v2\/types\/product"}],"wp:featuredmedia":[{"embeddable":true,"href":"https:\/\/towels.cc\/fi\/wp-json\/wp\/v2\/media\/12842"}],"wp:attachment":[{"href":"https:\/\/towels.cc\/fi\/wp-json\/wp\/v2\/media?parent=12841"}],"wp:term":[{"taxonomy":"product_brand","embeddable":true,"href":"https:\/\/towels.cc\/fi\/wp-json\/wp\/v2\/product_brand?post=12841"},{"taxonomy":"product_cat","embeddable":true,"href":"https:\/\/towels.cc\/fi\/wp-json\/wp\/v2\/product_cat?post=12841"},{"taxonomy":"product_tag","embeddable":true,"href":"https:\/\/towels.cc\/fi\/wp-json\/wp\/v2\/product_tag?post=12841"}],"curies":[{"name":"wp","href":"https:\/\/api.w.org\/{rel}","templated":true}]}}