{"id":12821,"date":"2024-04-19T13:28:44","date_gmt":"2024-04-19T13:28:44","guid":{"rendered":"https:\/\/towels.cc\/?post_type=product&#038;p=12821"},"modified":"2024-11-05T16:04:21","modified_gmt":"2024-11-05T16:04:21","slug":"personalized-cotton-sport-towel-embroidered-logo-cotton-towel","status":"publish","type":"product","link":"https:\/\/towels.cc\/fi\/tuote\/personalized-cotton-sport-towel-embroidered-logo-cotton-towel\/","title":{"rendered":"Persoonallinen puuvillainen urheilupyyhe brodeerattu logo puuvillapyyhe"},"content":{"rendered":"<p>Towelscc on yksi niist\u00e4 <a href=\"https:\/\/towels.cc\/fi\/cotton-towel\/\">puuvillapyyhkeiden toimittajat Kiinassa<\/a>.<\/p>\n<p>T\u00e4m\u00e4 persoonallinen puuvilla <a href=\"https:\/\/towels.cc\/fi\/custom-rally-towel\/\">urheilupyyhe<\/a> on brodeerattu JD-logo 30x100cm koossa ja 500GSM-paksuudella harmaalla v\u00e4rill\u00e4.<\/p>\n<p>Puuvillafrotee urheilupyyhe on suosittu Amerikassa ja joissakin Euroopan maissa sen mukavuuden ja pehmeyden ansiosta, hyv\u00e4 vett\u00e4 imukykyinen, puhdistaa ihomme nopeasti, kun se kohtaa vett\u00e4.<\/p>\n<p>1. Towelcc k\u00e4ytt\u00e4\u00e4 p\u00e4\u00e4materiaaleina korkealaatuista pitk\u00e4kuituista puuvillaa ja hienokuituista puuvillaa, pitk\u00e4kuituista ja hyv\u00e4laatuista. Emme k\u00e4yt\u00e4 halpoja ja helposti irrottavia karkeakuituisia puuvillamateriaaleja laadun varmistamiseksi.<\/p>\n<p>2. Towelcc k\u00e4ytt\u00e4\u00e4 korkealuokkaisia lankoja, jotta pyyhkeet tuntuvat herkemmilt\u00e4.<\/p>\n<p>3. Towelcc valitsee parhaan kierteen v\u00e4ltt\u00e4\u00e4kseen liian j\u00e4yk\u00e4t tai liian l\u00f6ys\u00e4t pyyhkeet. Emme tee esimerkiksi heikkokierteisi\u00e4 pyyhkeit\u00e4, jotka ovat pehmeit\u00e4 mutta keskilaatuisia.<\/p>\n<p>4. Otamme k\u00e4ytt\u00f6\u00f6n erilaisia tekstiiliprosesseja eri asiakkaiden tarpeiden mukaan. Lis\u00e4ksi k\u00e4yt\u00e4mme eritt\u00e4in korkeatasoisia jacquard- ja leikkaussamettiprosesseja hienolla ammattitaidolla.<\/p>\n<p>5. R\u00e4\u00e4t\u00e4l\u00f6ihimme pyyhkeet painetaan logoilla tai ryhmill\u00e4. Towelccin paino- ja v\u00e4rj\u00e4ysprosessissa ei ole vain korkea v\u00e4rinkesto, vaan se my\u00f6s vaurioittaa vain v\u00e4h\u00e4n puuvillakuituja, ja valmiit tuotteet ovat v\u00e4rikk\u00e4it\u00e4.<\/p>\n<p>6. Jos tarvitset kuviokirjontapalveluita, Towelccin ty\u00f6ntekij\u00f6ill\u00e4 on eritt\u00e4in hieno kirjontaty\u00f6, siistit ompeleet, selke\u00e4t kuviot, sile\u00e4t reunat ja eritt\u00e4in kauniit.<\/p>","protected":false},"excerpt":{"rendered":"<p><strong>Materiaali:<\/strong> puuvillafrotee 21S\/2<br \/>\n<strong>Tekniikka:<\/strong> Kudottu, litte\u00e4, brodeerattu logo<br \/>\n<strong>Paksuus:<\/strong> 450 GSM<br \/>\n<strong>Koostumus:<\/strong> 100% puuvillaa<br \/>\n<strong>Pyyhkeen koko:<\/strong> 30x100cm<br \/>\n<strong>Etu:<\/strong> Nukkaamaton, pehme\u00e4 ja mukava, haalistumaton, ainutlaatuinen kuvio, konepest\u00e4v\u00e4,<br \/>\n<strong>Mit\u00e4 paikkaa voit k\u00e4ytt\u00e4\u00e4?<\/strong><br \/>\ngolf, urheilu, matkustaminen, vuorikiipeily, kuntosaliharjoittelu, kuivavartalo, mainoslahja<br \/>\n<strong>Mukauta asetukset:<\/strong><br \/>\nlogo: kirjontalogo<br \/>\npaketti: lahjarasia \/ opp polybag<\/p>","protected":false},"featured_media":0,"template":"","meta":{"_seopress_robots_primary_cat":"none","_seopress_titles_title":"","_seopress_titles_desc":"","_seopress_robots_index":""},"product_brand":[],"product_cat":[55,49],"product_tag":[],"class_list":{"0":"post-12821","1":"product","2":"type-product","3":"status-publish","5":"product_cat-cotton-towel","6":"product_cat-gym-towel","8":"first","9":"instock","10":"shipping-taxable","11":"product-type-simple"},"_links":{"self":[{"href":"https:\/\/towels.cc\/fi\/wp-json\/wp\/v2\/product\/12821","targetHints":{"allow":["GET"]}}],"collection":[{"href":"https:\/\/towels.cc\/fi\/wp-json\/wp\/v2\/product"}],"about":[{"href":"https:\/\/towels.cc\/fi\/wp-json\/wp\/v2\/types\/product"}],"wp:attachment":[{"href":"https:\/\/towels.cc\/fi\/wp-json\/wp\/v2\/media?parent=12821"}],"wp:term":[{"taxonomy":"product_brand","embeddable":true,"href":"https:\/\/towels.cc\/fi\/wp-json\/wp\/v2\/product_brand?post=12821"},{"taxonomy":"product_cat","embeddable":true,"href":"https:\/\/towels.cc\/fi\/wp-json\/wp\/v2\/product_cat?post=12821"},{"taxonomy":"product_tag","embeddable":true,"href":"https:\/\/towels.cc\/fi\/wp-json\/wp\/v2\/product_tag?post=12821"}],"curies":[{"name":"wp","href":"https:\/\/api.w.org\/{rel}","templated":true}]}}