{"id":12796,"date":"2024-04-19T13:09:58","date_gmt":"2024-04-19T13:09:58","guid":{"rendered":"https:\/\/towels.cc\/?post_type=product&#038;p=12796"},"modified":"2024-11-05T15:32:07","modified_gmt":"2024-11-05T15:32:07","slug":"custom-printed-microfiber-water-absorbent-promotional-gym-towel-for-fedex","status":"publish","type":"product","link":"https:\/\/towels.cc\/fi\/tuote\/custom-printed-microfiber-water-absorbent-promotional-gym-towel-for-fedex\/","title":{"rendered":"Eritt\u00e4in mukava painettu veluuripuuvillainen kuntosalipyyhe"},"content":{"rendered":"<p>Johtajana <a href=\"https:\/\/towels.cc\/fi\/gym-towel\/\">puuvillaisten urheilupyyhkeiden valmistaja<\/a> Kiinassa pyrimme laadukkaaseen tekstuuriin, neulekankaaseen ja painamme korkean teknologian k\u00e4sity\u00f6t\u00f6it\u00e4.<\/p>\n<p>Kaikki meid\u00e4n <a href=\"https:\/\/towels.cc\/fi\/cotton-towel\/\">puuvillaiset pyyhkeet<\/a> on valmistettu AAA-tason puuvillalangoista, jotka tekev\u00e4t ihmiset onnelliseksi ja nauttivat hyv\u00e4st\u00e4 el\u00e4m\u00e4st\u00e4.<\/p>","protected":false},"excerpt":{"rendered":"<p><strong>Materiaali:<\/strong> puuvillafrotee 21S\/2<br \/>\n<strong>Tekniikka:<\/strong> Kudottu, litte\u00e4, reaktiivinen painatuslogo<br \/>\n<strong>Paksuus:<\/strong> 400 GSM<br \/>\n<strong>Koostumus:<\/strong> 100% puuvillaa<br \/>\n<strong>Pyyhkeen koko:<\/strong> 35x75 cm<br \/>\n<strong>Etu:<\/strong> Nukkaamaton, pehme\u00e4 ja mukava, haalistumaton, ainutlaatuinen kuvio, konepest\u00e4v\u00e4,<br \/>\n<strong>Mit\u00e4 paikkaa voit k\u00e4ytt\u00e4\u00e4?<\/strong><br \/>\ngolf, urheilu, matkustaminen, vuorikiipeily, kuntosaliharjoittelu, kuivavartalo, mainoslahja<br \/>\n<strong>Mukauta asetukset:<\/strong><br \/>\nlogo: kirjontalogo<br \/>\npaketti: lahjarasia \/ opp polybag<\/p>","protected":false},"featured_media":12805,"template":"","meta":{"_seopress_robots_primary_cat":"none","_seopress_titles_title":"","_seopress_titles_desc":"","_seopress_robots_index":""},"product_brand":[],"product_cat":[49],"product_tag":[],"class_list":{"0":"post-12796","1":"product","2":"type-product","3":"status-publish","4":"has-post-thumbnail","6":"product_cat-gym-towel","8":"first","9":"instock","10":"shipping-taxable","11":"product-type-simple"},"_links":{"self":[{"href":"https:\/\/towels.cc\/fi\/wp-json\/wp\/v2\/product\/12796","targetHints":{"allow":["GET"]}}],"collection":[{"href":"https:\/\/towels.cc\/fi\/wp-json\/wp\/v2\/product"}],"about":[{"href":"https:\/\/towels.cc\/fi\/wp-json\/wp\/v2\/types\/product"}],"wp:featuredmedia":[{"embeddable":true,"href":"https:\/\/towels.cc\/fi\/wp-json\/wp\/v2\/media\/12805"}],"wp:attachment":[{"href":"https:\/\/towels.cc\/fi\/wp-json\/wp\/v2\/media?parent=12796"}],"wp:term":[{"taxonomy":"product_brand","embeddable":true,"href":"https:\/\/towels.cc\/fi\/wp-json\/wp\/v2\/product_brand?post=12796"},{"taxonomy":"product_cat","embeddable":true,"href":"https:\/\/towels.cc\/fi\/wp-json\/wp\/v2\/product_cat?post=12796"},{"taxonomy":"product_tag","embeddable":true,"href":"https:\/\/towels.cc\/fi\/wp-json\/wp\/v2\/product_tag?post=12796"}],"curies":[{"name":"wp","href":"https:\/\/api.w.org\/{rel}","templated":true}]}}