{"id":12787,"date":"2024-04-19T13:05:16","date_gmt":"2024-04-19T13:05:16","guid":{"rendered":"https:\/\/towels.cc\/?post_type=product&#038;p=12787"},"modified":"2024-11-05T15:32:34","modified_gmt":"2024-11-05T15:32:34","slug":"quick-drying-light-weight-aquis-adventure-microfiber-towel","status":"publish","type":"product","link":"https:\/\/towels.cc\/fi\/tuote\/quick-drying-light-weight-aquis-adventure-microfiber-towel\/","title":{"rendered":"Nopeasti kuivuva kevyt Aquis Adventure -mikrokuitupyyhe"},"content":{"rendered":"<p>Yhteis\u00f6n s\u00e4\u00e4nn\u00f6st\u00f6n seikkailu <a href=\"https:\/\/towels.cc\/fi\/microfiber-towel\/\">mikrokuituliina<\/a> on valmistettu mokkanahkaisesta mikrokuitumateriaalista 200GSM, kevyt ja nopeasti kuivuva retkeilyyn tai matkoille, antibakteerinen, nukkaamaton ja silmukka hengailua varten.<\/p>","protected":false},"excerpt":{"rendered":"<p><strong>Materiaali:<\/strong> mokka mikrokuitu<br \/>\n<strong>Tekniikka:<\/strong> Kudottu, litte\u00e4, ei logoa<br \/>\n<strong>Paksuus:<\/strong> 200 GSM<br \/>\n<strong>Koostumus:<\/strong> 80% polyesteri + 20%polyamidi<br \/>\n<strong>Pyyhkeen koko:<\/strong> 60x120cm<br \/>\n<strong>Etu:<\/strong> Nukkaamaton, pehme\u00e4 ja mukava, haalistumaton, ainutlaatuinen kuvio, konepest\u00e4v\u00e4,\u00a0<strong>Mit\u00e4 paikkaa voit k\u00e4ytt\u00e4\u00e4?<\/strong><br \/>\ngolf, urheilu, retkeily, rannalla, uinti, vuorikiipeily, kuntosaliharjoittelu, kuntokuiva vartalo, mainoslahja<\/p>\n<p><strong>Mukauta asetukset:<\/strong><br \/>\nlogo: sublimaatiopainatus \/ silkkipainatus \/ kirjontalogo<br \/>\npaketti: lahjarasia \/ opp polybag<\/p>","protected":false},"featured_media":12791,"template":"","meta":{"_seopress_robots_primary_cat":"none","_seopress_titles_title":"","_seopress_titles_desc":"","_seopress_robots_index":""},"product_brand":[],"product_cat":[49],"product_tag":[],"class_list":{"0":"post-12787","1":"product","2":"type-product","3":"status-publish","4":"has-post-thumbnail","6":"product_cat-gym-towel","8":"first","9":"instock","10":"shipping-taxable","11":"product-type-simple"},"_links":{"self":[{"href":"https:\/\/towels.cc\/fi\/wp-json\/wp\/v2\/product\/12787","targetHints":{"allow":["GET"]}}],"collection":[{"href":"https:\/\/towels.cc\/fi\/wp-json\/wp\/v2\/product"}],"about":[{"href":"https:\/\/towels.cc\/fi\/wp-json\/wp\/v2\/types\/product"}],"wp:featuredmedia":[{"embeddable":true,"href":"https:\/\/towels.cc\/fi\/wp-json\/wp\/v2\/media\/12791"}],"wp:attachment":[{"href":"https:\/\/towels.cc\/fi\/wp-json\/wp\/v2\/media?parent=12787"}],"wp:term":[{"taxonomy":"product_brand","embeddable":true,"href":"https:\/\/towels.cc\/fi\/wp-json\/wp\/v2\/product_brand?post=12787"},{"taxonomy":"product_cat","embeddable":true,"href":"https:\/\/towels.cc\/fi\/wp-json\/wp\/v2\/product_cat?post=12787"},{"taxonomy":"product_tag","embeddable":true,"href":"https:\/\/towels.cc\/fi\/wp-json\/wp\/v2\/product_tag?post=12787"}],"curies":[{"name":"wp","href":"https:\/\/api.w.org\/{rel}","templated":true}]}}