{"id":12779,"date":"2024-04-19T13:00:33","date_gmt":"2024-04-19T13:00:33","guid":{"rendered":"https:\/\/towels.cc\/?post_type=product&#038;p=12779"},"modified":"2024-11-05T15:33:17","modified_gmt":"2024-11-05T15:33:17","slug":"custom-woven-logo-label-lint-free-and-anti-baterial-microfiber-gym-towel-with-zipper-2","status":"publish","type":"product","link":"https:\/\/towels.cc\/fi\/tuote\/custom-woven-logo-label-lint-free-and-anti-baterial-microfiber-gym-towel-with-zipper-2\/","title":{"rendered":"R\u00e4\u00e4t\u00e4l\u00f6ity-kudottu-logo-etiketti-nukkaamaton-ja anti-patteri-mikrokuitu-kuntosalipyyhe-vetoketjulla-2"},"content":{"rendered":"<p>Keskitymme siihen\u00a0<a href=\"https:\/\/towels.cc\/fi\/gym-towel\/\">mikrokuituinen kuntosalipyyhe<\/a> vetoketjulla ja taskulla, lis\u00e4\u00e4 kudottu etiketti ompelemaan etupyyhkeen puolelle, mukavuutta ja pehme\u00e4\u00e4 rakennetta iholle, kasvien v\u00e4rj\u00e4yspyyhe on turvallinen ihmiskeholle, antimateriaali ja nopeasti kuivuva kuntosalin yst\u00e4ville.<\/p>\n<p>Vetoketjulla voi lukita taskun ja meid\u00e4n on eritt\u00e4in k\u00e4tev\u00e4 laittaa jotain henkil\u00f6kohtaista sis\u00e4lle. Tehtaamme ovat l\u00e4mpim\u00e4sti tervetulleita <a href=\"https:\/\/towels.cc\/fi\/gym-towel\/\">r\u00e4\u00e4t\u00e4l\u00f6ity kuntosalipyyhe<\/a> tilaa ja tule k\u00e4ym\u00e4\u00e4n milloin tahansa!<\/p>","protected":false},"excerpt":{"rendered":"<p><strong>Materiaali:\u00a0<\/strong> mikrokuitu<br \/>\n<strong>Tekniikka:<\/strong> Kudottu, litte\u00e4, kudottu logotarra<br \/>\n<strong>Paksuus:<\/strong> 280 GSM<br \/>\n<strong>Koostumus:<\/strong> 100% polyesteri<br \/>\n<strong>Pyyhkeen koko:<\/strong> 40x80cm, taskun koko: 28x28cm<br \/>\n<strong>Etu:<\/strong> Nukkaamaton, materiaalinkest\u00e4v\u00e4, pehme\u00e4 ja mukava, haalistumaton, ainutlaatuinen kuvio, konepest\u00e4v\u00e4,<br \/>\n<strong>Mit\u00e4 paikkaa voit k\u00e4ytt\u00e4\u00e4?<\/strong><br \/>\ngolf, urheilu, vuorikiipeily, kuntosali, juoksu, lenkkeily, kuntoilu, mainoslahja<br \/>\n<strong>Mukauta asetukset:<\/strong><br \/>\nlogo: sublimaatiopainatus \/ silkkipainatus \/ kirjontalogo<br \/>\npaketti: lahjarasia \/ opp polybag<\/p>","protected":false},"featured_media":12780,"template":"","meta":{"_seopress_robots_primary_cat":"none","_seopress_titles_title":"","_seopress_titles_desc":"","_seopress_robots_index":""},"product_brand":[],"product_cat":[49,34],"product_tag":[],"class_list":{"0":"post-12779","1":"product","2":"type-product","3":"status-publish","4":"has-post-thumbnail","6":"product_cat-gym-towel","7":"product_cat-microfiber-towel","9":"first","10":"instock","11":"shipping-taxable","12":"product-type-simple"},"_links":{"self":[{"href":"https:\/\/towels.cc\/fi\/wp-json\/wp\/v2\/product\/12779","targetHints":{"allow":["GET"]}}],"collection":[{"href":"https:\/\/towels.cc\/fi\/wp-json\/wp\/v2\/product"}],"about":[{"href":"https:\/\/towels.cc\/fi\/wp-json\/wp\/v2\/types\/product"}],"wp:featuredmedia":[{"embeddable":true,"href":"https:\/\/towels.cc\/fi\/wp-json\/wp\/v2\/media\/12780"}],"wp:attachment":[{"href":"https:\/\/towels.cc\/fi\/wp-json\/wp\/v2\/media?parent=12779"}],"wp:term":[{"taxonomy":"product_brand","embeddable":true,"href":"https:\/\/towels.cc\/fi\/wp-json\/wp\/v2\/product_brand?post=12779"},{"taxonomy":"product_cat","embeddable":true,"href":"https:\/\/towels.cc\/fi\/wp-json\/wp\/v2\/product_cat?post=12779"},{"taxonomy":"product_tag","embeddable":true,"href":"https:\/\/towels.cc\/fi\/wp-json\/wp\/v2\/product_tag?post=12779"}],"curies":[{"name":"wp","href":"https:\/\/api.w.org\/{rel}","templated":true}]}}