{"id":12760,"date":"2024-04-19T12:42:39","date_gmt":"2024-04-19T12:42:39","guid":{"rendered":"https:\/\/towels.cc\/?post_type=product&#038;p=12760"},"modified":"2024-11-05T15:34:50","modified_gmt":"2024-11-05T15:34:50","slug":"full-colors-sublimation-printed-microfiber-yoga-towel-china-manufacturer","status":"publish","type":"product","link":"https:\/\/towels.cc\/fi\/tuote\/full-colors-sublimation-printed-microfiber-yoga-towel-china-manufacturer\/","title":{"rendered":"T\u00e4ysv\u00e4riset sublimaatiopainetut mikrokuitujoogapyyhkeet kiinalainen valmistaja"},"content":{"rendered":"<p><a href=\"https:\/\/towels.cc\/fi\/yoga-towel\/\">Kiinalainen joogapyyhkeiden valmistaja<\/a> kanssa <a href=\"https:\/\/towels.cc\/fi\/microfiber-towel\/\">laadukasta mikrokuitua<\/a>, korkea teknologia ja k\u00e4sity\u00f6, polyesterin ja nailonin kudonta, kilpailukykyinen tukkuhinta ja yhden vuoden takuu.<\/p>\n<p>Toimitamme joogapyyhkeit\u00e4 joillekin Amazonin suurille myyjille!<\/p>","protected":false},"excerpt":{"rendered":"<p><strong>Materiaali:<\/strong> frotee mikrokuitu<br \/>\n<strong>Tekninen:<\/strong> Kudottu, litte\u00e4, sublimaatiopainatuslogo<br \/>\n<strong>Paksuus:<\/strong> 300 GSM<br \/>\n<strong>Koostumus:<\/strong> 80% polyesteri + 20% polyamidi<br \/>\n<strong>Pyyhkeen koko:<\/strong> 183x61cm<br \/>\n<strong>Etu:<\/strong> Nukkaamaton, eritt\u00e4in pitk\u00e4 koko, nopeasti kuivuva, pehme\u00e4 ja mukava, haalistumaton, ainutlaatuinen kuvio, konepest\u00e4v\u00e4,<br \/>\n<strong>Mit\u00e4 paikkaa voit k\u00e4ytt\u00e4\u00e4?<\/strong><br \/>\njooga, urheilu, vuorikiipeily, kuntosalipyyhkiminen, uinti, telttailu, uiminen, rannalla, kuntokuiva vartalo, mainoslahja<br \/>\n<strong>Mukauta asetukset:<\/strong><br \/>\nlogo: sublimaatiopainatus \/ silkkipainatus \/ kirjontalogo<br \/>\npaketti: lahjarasia \/ opp polybag<\/p>","protected":false},"featured_media":12761,"template":"","meta":{"_seopress_robots_primary_cat":"none","_seopress_titles_title":"","_seopress_titles_desc":"","_seopress_robots_index":""},"product_brand":[],"product_cat":[50],"product_tag":[],"class_list":{"0":"post-12760","1":"product","2":"type-product","3":"status-publish","4":"has-post-thumbnail","6":"product_cat-yoga-towel","8":"first","9":"instock","10":"shipping-taxable","11":"product-type-simple"},"_links":{"self":[{"href":"https:\/\/towels.cc\/fi\/wp-json\/wp\/v2\/product\/12760","targetHints":{"allow":["GET"]}}],"collection":[{"href":"https:\/\/towels.cc\/fi\/wp-json\/wp\/v2\/product"}],"about":[{"href":"https:\/\/towels.cc\/fi\/wp-json\/wp\/v2\/types\/product"}],"wp:featuredmedia":[{"embeddable":true,"href":"https:\/\/towels.cc\/fi\/wp-json\/wp\/v2\/media\/12761"}],"wp:attachment":[{"href":"https:\/\/towels.cc\/fi\/wp-json\/wp\/v2\/media?parent=12760"}],"wp:term":[{"taxonomy":"product_brand","embeddable":true,"href":"https:\/\/towels.cc\/fi\/wp-json\/wp\/v2\/product_brand?post=12760"},{"taxonomy":"product_cat","embeddable":true,"href":"https:\/\/towels.cc\/fi\/wp-json\/wp\/v2\/product_cat?post=12760"},{"taxonomy":"product_tag","embeddable":true,"href":"https:\/\/towels.cc\/fi\/wp-json\/wp\/v2\/product_tag?post=12760"}],"curies":[{"name":"wp","href":"https:\/\/api.w.org\/{rel}","templated":true}]}}