{"id":12749,"date":"2024-04-19T12:35:25","date_gmt":"2024-04-19T12:35:25","guid":{"rendered":"https:\/\/towels.cc\/?post_type=product&#038;p=12749"},"modified":"2024-11-05T15:35:11","modified_gmt":"2024-11-05T15:35:11","slug":"customize-waffle-printed-yoga-towel-with-loop-for-hang-out","status":"publish","type":"product","link":"https:\/\/towels.cc\/fi\/tuote\/customize-waffle-printed-yoga-towel-with-loop-for-hang-out\/","title":{"rendered":"Mukauta vohvelipainettu joogapyyhe silmukalla hengailua varten"},"content":{"rendered":"<p>Olemme hyvi\u00e4 <a href=\"https:\/\/towels.cc\/fi\/microfiber-towel\/\">mukautettu mikrokuituvohvelipainettu joogapyyhe<\/a> polyesteri ja nylon materiaalia, musta kangaskoukku ripustukseen joogatunnin j\u00e4lkeen, eritt\u00e4in nopeasti kuivuva, kasviv\u00e4ri ja sublimaatiopainatus ei ole haitallisia ihmisen iholle.<\/p>","protected":false},"excerpt":{"rendered":"<p><strong>Materiaali:<\/strong> vohveli mikrokuitu<br \/>\n<strong>Tekninen:<\/strong> Kudottu, litte\u00e4, sublimaatiopainatuslogo<br \/>\n<strong>Paksuus:<\/strong> 360 GSM<br \/>\n<strong>Koostumus:<\/strong> 80% polyesteri + 20%polyamidi<br \/>\n<strong>Pyyhkeen koko:<\/strong> 24\u00d772 tuumaa<br \/>\n<strong>Etu:<\/strong> x Nukkaamaton, kaksipuoleinen painettu, liukumaton, pehme\u00e4 ja mukava, haalistumaton, ainutlaatuinen kuvio, konepest\u00e4v\u00e4<\/p>","protected":false},"featured_media":12753,"template":"","meta":{"_seopress_robots_primary_cat":"none","_seopress_titles_title":"","_seopress_titles_desc":"","_seopress_robots_index":""},"product_brand":[],"product_cat":[31,50],"product_tag":[],"class_list":{"0":"post-12749","1":"product","2":"type-product","3":"status-publish","4":"has-post-thumbnail","6":"product_cat-all-towels","7":"product_cat-yoga-towel","9":"first","10":"instock","11":"shipping-taxable","12":"product-type-simple"},"_links":{"self":[{"href":"https:\/\/towels.cc\/fi\/wp-json\/wp\/v2\/product\/12749","targetHints":{"allow":["GET"]}}],"collection":[{"href":"https:\/\/towels.cc\/fi\/wp-json\/wp\/v2\/product"}],"about":[{"href":"https:\/\/towels.cc\/fi\/wp-json\/wp\/v2\/types\/product"}],"wp:featuredmedia":[{"embeddable":true,"href":"https:\/\/towels.cc\/fi\/wp-json\/wp\/v2\/media\/12753"}],"wp:attachment":[{"href":"https:\/\/towels.cc\/fi\/wp-json\/wp\/v2\/media?parent=12749"}],"wp:term":[{"taxonomy":"product_brand","embeddable":true,"href":"https:\/\/towels.cc\/fi\/wp-json\/wp\/v2\/product_brand?post=12749"},{"taxonomy":"product_cat","embeddable":true,"href":"https:\/\/towels.cc\/fi\/wp-json\/wp\/v2\/product_cat?post=12749"},{"taxonomy":"product_tag","embeddable":true,"href":"https:\/\/towels.cc\/fi\/wp-json\/wp\/v2\/product_tag?post=12749"}],"curies":[{"name":"wp","href":"https:\/\/api.w.org\/{rel}","templated":true}]}}