{"id":12739,"date":"2024-04-19T12:29:51","date_gmt":"2024-04-19T12:29:51","guid":{"rendered":"https:\/\/towels.cc\/?post_type=product&#038;p=12739"},"modified":"2024-11-05T15:35:39","modified_gmt":"2024-11-05T15:35:39","slug":"antibaterial-ants-microfiber-yoga-towels","status":"publish","type":"product","link":"https:\/\/towels.cc\/fi\/tuote\/antibaterial-ants-microfiber-yoga-towels\/","title":{"rendered":"Antibateriaaliset ants-mikrokuituiset joogapyyhkeet"},"content":{"rendered":"<p>Olemme <a href=\"https:\/\/towels.cc\/fi\/yoga-towel\/\">jooga pyyhkeet<\/a> ihoton toimittaja ja valmistaa liukastumista est\u00e4vi\u00e4, haalistumattomia ja nukkaamattomia toiminnallisia laadukkaita pyyhkeit\u00e4 joogaurheilun yst\u00e4ville, saatavilla malleja kilpailuhintaan yli 12 vuoden ajan.<\/p>","protected":false},"excerpt":{"rendered":"<p><strong>Materiaali:<\/strong> paksu muurahainen mikrokuitu<br \/>\n<strong>Tekninen:<\/strong> Kudottu, litte\u00e4, neulottu,<br \/>\n<strong>Paksuus:<\/strong> 420 GSM<br \/>\n<strong>Koostumus:<\/strong> 80% polyesteri + 20% polyamidi<br \/>\n<strong>Pyyhkeen koko:<\/strong>183x67cm<br \/>\n<strong>Etu:<\/strong> Nukkaamaton, nopeasti kuivuva, kompakti koko, pehme\u00e4 ja mukava, haalistumaton, ainutlaatuisen kuvion konepest\u00e4v\u00e4.<\/p>","protected":false},"featured_media":12740,"template":"","meta":{"_seopress_robots_primary_cat":"none","_seopress_titles_title":"","_seopress_titles_desc":"","_seopress_robots_index":""},"product_brand":[],"product_cat":[50],"product_tag":[],"class_list":{"0":"post-12739","1":"product","2":"type-product","3":"status-publish","4":"has-post-thumbnail","6":"product_cat-yoga-towel","8":"first","9":"instock","10":"shipping-taxable","11":"product-type-simple"},"_links":{"self":[{"href":"https:\/\/towels.cc\/fi\/wp-json\/wp\/v2\/product\/12739","targetHints":{"allow":["GET"]}}],"collection":[{"href":"https:\/\/towels.cc\/fi\/wp-json\/wp\/v2\/product"}],"about":[{"href":"https:\/\/towels.cc\/fi\/wp-json\/wp\/v2\/types\/product"}],"wp:featuredmedia":[{"embeddable":true,"href":"https:\/\/towels.cc\/fi\/wp-json\/wp\/v2\/media\/12740"}],"wp:attachment":[{"href":"https:\/\/towels.cc\/fi\/wp-json\/wp\/v2\/media?parent=12739"}],"wp:term":[{"taxonomy":"product_brand","embeddable":true,"href":"https:\/\/towels.cc\/fi\/wp-json\/wp\/v2\/product_brand?post=12739"},{"taxonomy":"product_cat","embeddable":true,"href":"https:\/\/towels.cc\/fi\/wp-json\/wp\/v2\/product_cat?post=12739"},{"taxonomy":"product_tag","embeddable":true,"href":"https:\/\/towels.cc\/fi\/wp-json\/wp\/v2\/product_tag?post=12739"}],"curies":[{"name":"wp","href":"https:\/\/api.w.org\/{rel}","templated":true}]}}