{"id":11281,"date":"2024-03-30T05:30:44","date_gmt":"2024-03-30T05:30:44","guid":{"rendered":"https:\/\/towels.cc\/?post_type=product&#038;p=11281"},"modified":"2024-11-05T15:36:48","modified_gmt":"2024-11-05T15:36:48","slug":"suede-microfiber-beach-towel-with-loop-and-mesh-bag-180x90cm","status":"publish","type":"product","link":"https:\/\/towels.cc\/fi\/tuote\/suede-microfiber-beach-towel-with-loop-and-mesh-bag-180x90cm\/","title":{"rendered":"Mokkanahkainen mikrokuituliina, jossa lenkki ja verkkokassi 180x90cm"},"content":{"rendered":"<p>200GSM polyesteri ja polyamidi mokka <a href=\"https:\/\/towels.cc\/fi\/beach-towel\/\">mikrokuituinen rantapyyhe<\/a> ripustuslenkill\u00e4, verkkokassi helppoon kantamiseen ja kompakti koko, 180x90cm iso koko taikuus nopeaan kuivaan ja puhtaaseen ihoon rannalla.<\/p>","protected":false},"excerpt":{"rendered":"<p><strong>Materiaali:<\/strong> mokka mikrokuitu<br \/>\n<strong>Tekninen:<\/strong> Kudottu, litte\u00e4, silkkipainatuslogo verkkopussissa<br \/>\n<strong>Paksuus:<\/strong> 200 GSM<br \/>\n<strong>Koostumus:<\/strong> 80% polyesteri + 20%polyamidi<br \/>\n<strong>Pyyhkeen koko:<\/strong> 180\u00d790 cm<br \/>\n<strong>Etu:<\/strong> Nukkaamaton, hiekkaa est\u00e4v\u00e4, antibakteerinen, vedenpit\u00e4v\u00e4, pehme\u00e4 ja mukava, haalistumaton, ainutlaatuinen kuvio, konepest\u00e4v\u00e4,<br \/>\n<strong>Mit\u00e4 paikkaa voit k\u00e4ytt\u00e4\u00e4?<\/strong><br \/>\nrannalla, urheilu, vuorikiipeily, kuntosalipyyhkiminen, kuntokuivaus, retki, mainoslahja<\/p>","protected":false},"featured_media":11283,"template":"","meta":{"_seopress_robots_primary_cat":"none","_seopress_titles_title":"","_seopress_titles_desc":"","_seopress_robots_index":""},"product_brand":[],"product_cat":[33,34],"product_tag":[],"class_list":{"0":"post-11281","1":"product","2":"type-product","3":"status-publish","4":"has-post-thumbnail","6":"product_cat-beach-towel","7":"product_cat-microfiber-towel","9":"first","10":"instock","11":"shipping-taxable","12":"product-type-simple"},"_links":{"self":[{"href":"https:\/\/towels.cc\/fi\/wp-json\/wp\/v2\/product\/11281","targetHints":{"allow":["GET"]}}],"collection":[{"href":"https:\/\/towels.cc\/fi\/wp-json\/wp\/v2\/product"}],"about":[{"href":"https:\/\/towels.cc\/fi\/wp-json\/wp\/v2\/types\/product"}],"wp:featuredmedia":[{"embeddable":true,"href":"https:\/\/towels.cc\/fi\/wp-json\/wp\/v2\/media\/11283"}],"wp:attachment":[{"href":"https:\/\/towels.cc\/fi\/wp-json\/wp\/v2\/media?parent=11281"}],"wp:term":[{"taxonomy":"product_brand","embeddable":true,"href":"https:\/\/towels.cc\/fi\/wp-json\/wp\/v2\/product_brand?post=11281"},{"taxonomy":"product_cat","embeddable":true,"href":"https:\/\/towels.cc\/fi\/wp-json\/wp\/v2\/product_cat?post=11281"},{"taxonomy":"product_tag","embeddable":true,"href":"https:\/\/towels.cc\/fi\/wp-json\/wp\/v2\/product_tag?post=11281"}],"curies":[{"name":"wp","href":"https:\/\/api.w.org\/{rel}","templated":true}]}}