{"id":11275,"date":"2024-03-30T05:28:09","date_gmt":"2024-03-30T05:28:09","guid":{"rendered":"https:\/\/towels.cc\/?post_type=product&#038;p=11275"},"modified":"2024-11-05T15:37:06","modified_gmt":"2024-11-05T15:37:06","slug":"sand-free-and-fast-drying-light-weight-microfiber-beach-towel","status":"publish","type":"product","link":"https:\/\/towels.cc\/fi\/tuote\/sand-free-and-fast-drying-light-weight-microfiber-beach-towel\/","title":{"rendered":"Hiekkaton ja nopeasti kuivuva kevyt mikrokuituinen rantapyyhe"},"content":{"rendered":"<p>Olemme <a href=\"https:\/\/towels.cc\/fi\/beach-towel\/\">mikrokuituinen rantapyyhkeiden myyntitehdas<\/a> Kiinassa toimita korkealaatuisia kevyit\u00e4 ja hiekkattomia rantapyyhkeit\u00e4 useiden vuosien ajan.<\/p>\n<p>T\u00e4m\u00e4 mokkanahkainen mikrokuituliina, jossa on lenkki ripustusta varten ja helppo kuljettaa mukana.<\/p>","protected":false},"excerpt":{"rendered":"<p><strong>Materiaali:<\/strong> mokka mikrokuitu<br \/>\n<strong>Tekninen:<\/strong> Kudottu, litte\u00e4, neulottu, digitaalinen painettu logo<br \/>\n<strong>Paksuus:<\/strong> 200 GSM<br \/>\n<strong>Koostumus:<\/strong> 80% polyesteri + 20% polyamidi<br \/>\n<strong>Pyyhkeen koko:<\/strong>70x140cm<br \/>\n<strong>Etu:<\/strong> Nukkaamaton, hiekkaton, nopeasti kuivuva, kompakti koko, pehme\u00e4 ja mukava, haalistumaton, ainutlaatuinen kuvio, konepest\u00e4v\u00e4,<br \/>\n<strong>Mit\u00e4 paikkaa voit k\u00e4ytt\u00e4\u00e4?<\/strong><br \/>\nretkeily, matkustaminen, uinti, rannalla, uiminen, urheilu, uima-allas, mainoslahja<\/p>","protected":false},"featured_media":11277,"template":"","meta":{"_seopress_robots_primary_cat":"none","_seopress_titles_title":"","_seopress_titles_desc":"","_seopress_robots_index":""},"product_brand":[],"product_cat":[33,34],"product_tag":[],"class_list":{"0":"post-11275","1":"product","2":"type-product","3":"status-publish","4":"has-post-thumbnail","6":"product_cat-beach-towel","7":"product_cat-microfiber-towel","9":"first","10":"instock","11":"shipping-taxable","12":"product-type-simple"},"_links":{"self":[{"href":"https:\/\/towels.cc\/fi\/wp-json\/wp\/v2\/product\/11275","targetHints":{"allow":["GET"]}}],"collection":[{"href":"https:\/\/towels.cc\/fi\/wp-json\/wp\/v2\/product"}],"about":[{"href":"https:\/\/towels.cc\/fi\/wp-json\/wp\/v2\/types\/product"}],"wp:featuredmedia":[{"embeddable":true,"href":"https:\/\/towels.cc\/fi\/wp-json\/wp\/v2\/media\/11277"}],"wp:attachment":[{"href":"https:\/\/towels.cc\/fi\/wp-json\/wp\/v2\/media?parent=11275"}],"wp:term":[{"taxonomy":"product_brand","embeddable":true,"href":"https:\/\/towels.cc\/fi\/wp-json\/wp\/v2\/product_brand?post=11275"},{"taxonomy":"product_cat","embeddable":true,"href":"https:\/\/towels.cc\/fi\/wp-json\/wp\/v2\/product_cat?post=11275"},{"taxonomy":"product_tag","embeddable":true,"href":"https:\/\/towels.cc\/fi\/wp-json\/wp\/v2\/product_tag?post=11275"}],"curies":[{"name":"wp","href":"https:\/\/api.w.org\/{rel}","templated":true}]}}