{"id":11273,"date":"2024-03-30T05:32:39","date_gmt":"2024-03-30T05:32:39","guid":{"rendered":"https:\/\/towels.cc\/?post_type=product&#038;p=11273"},"modified":"2024-11-05T15:36:28","modified_gmt":"2024-11-05T15:36:28","slug":"waffle-microfiber-beach-towel-design-your-own-pattern-75x150cm","status":"publish","type":"product","link":"https:\/\/towels.cc\/fi\/tuote\/waffle-microfiber-beach-towel-design-your-own-pattern-75x150cm\/","title":{"rendered":"Vohveli mikrokuituliina rantapyyhe suunnittele oma kuviosi 75x150cm"},"content":{"rendered":"<p>360GSM paksuus 75x150cm <a href=\"https:\/\/towels.cc\/fi\/beach-towel\/\">mikrokuituinen rantapyyhe mittatilausty\u00f6n\u00e4<\/a> painatus asiakkaan toiveiden mukaan, nukkaamaton, nopeasti kuivuva mustalla kangaslenkill\u00e4 sein\u00e4lle ripustamista varten.<\/p>\n<p>Olemme a <a href=\"https:\/\/towels.cc\/fi\/beach-towel\/\">rantapyyhetehdas<\/a> Kiinassa ja mink\u00e4 tahansa rantapyyhkeen koon ja taideteoksen voimme hyv\u00e4ksy\u00e4 ja valmistaa.<\/p>","protected":false},"excerpt":{"rendered":"<p><strong>Materiaali:<\/strong> vohveli mikrokuitu<br \/>\n<strong>Tekninen:<\/strong> Kudottu, litte\u00e4, digitaalinen painatuslogo<br \/>\n<strong>Paksuus:<\/strong> 360 GSM<br \/>\n<strong>Koostumus:<\/strong> 80% polyesteri + 20% polyamidi<br \/>\n<strong>Pyyhkeen koko:<\/strong> 75x150 cm<br \/>\n<strong>Etu:<\/strong> Nukkaamaton, helppo ripustaa sein\u00e4lle, pehme\u00e4 ja mukava, haalistumaton, ainutlaatuinen kuvio, konepest\u00e4v\u00e4,<br \/>\n<strong>Mit\u00e4 paikkaa voit k\u00e4ytt\u00e4\u00e4?<\/strong><br \/>\njooga, urheilu, mainoslahja, rannalla, retki, piknik<\/p>","protected":false},"featured_media":11285,"template":"","meta":{"_seopress_robots_primary_cat":"none","_seopress_titles_title":"","_seopress_titles_desc":"","_seopress_robots_index":""},"product_brand":[],"product_cat":[34],"product_tag":[],"class_list":{"0":"post-11273","1":"product","2":"type-product","3":"status-publish","4":"has-post-thumbnail","6":"product_cat-microfiber-towel","8":"first","9":"instock","10":"shipping-taxable","11":"product-type-simple"},"_links":{"self":[{"href":"https:\/\/towels.cc\/fi\/wp-json\/wp\/v2\/product\/11273","targetHints":{"allow":["GET"]}}],"collection":[{"href":"https:\/\/towels.cc\/fi\/wp-json\/wp\/v2\/product"}],"about":[{"href":"https:\/\/towels.cc\/fi\/wp-json\/wp\/v2\/types\/product"}],"wp:featuredmedia":[{"embeddable":true,"href":"https:\/\/towels.cc\/fi\/wp-json\/wp\/v2\/media\/11285"}],"wp:attachment":[{"href":"https:\/\/towels.cc\/fi\/wp-json\/wp\/v2\/media?parent=11273"}],"wp:term":[{"taxonomy":"product_brand","embeddable":true,"href":"https:\/\/towels.cc\/fi\/wp-json\/wp\/v2\/product_brand?post=11273"},{"taxonomy":"product_cat","embeddable":true,"href":"https:\/\/towels.cc\/fi\/wp-json\/wp\/v2\/product_cat?post=11273"},{"taxonomy":"product_tag","embeddable":true,"href":"https:\/\/towels.cc\/fi\/wp-json\/wp\/v2\/product_tag?post=11273"}],"curies":[{"name":"wp","href":"https:\/\/api.w.org\/{rel}","templated":true}]}}