{"id":11262,"date":"2024-03-29T18:11:21","date_gmt":"2024-03-29T18:11:21","guid":{"rendered":"https:\/\/towels.cc\/?post_type=product&#038;p=11262"},"modified":"2024-11-05T15:37:46","modified_gmt":"2024-11-05T15:37:46","slug":"24x68-inch-waffle-microfiber-anti-slip-lint-free-quick-dry-yoga-towel-wholesale","status":"publish","type":"product","link":"https:\/\/towels.cc\/fi\/tuote\/24x68-inch-waffle-microfiber-anti-slip-lint-free-quick-dry-yoga-towel-wholesale\/","title":{"rendered":"24\u00d768 tuuman vohveli-mikrokuituliista, nukkaamaton nopeasti kuivuva joogapyyhe tukkumyynti"},"content":{"rendered":"<p>Viime aikoina yh\u00e4 useammat ihmiset ovat kiinnostuneita joogaurheilusta ja hyv\u00e4st\u00e4 liukastumista est\u00e4v\u00e4st\u00e4 nukkaamattomasta nopeasta kuivumisesta <a href=\"https:\/\/towels.cc\/fi\/yoga-towel\/\">jooga pyyhe<\/a> on meille tarpeellista ja t\u00e4rke\u00e4\u00e4.<\/p>\n<p>towelscc on ammattilainen \u00a0<a href=\"https:\/\/towels.cc\/fi\/yoga-towel\/\">joogapyyhkeiden tukkumyynti ja valmistaja<\/a> Yli 12 vuotta Kiinassa hyv\u00e4ksymme r\u00e4\u00e4t\u00e4l\u00f6idyt ja suunnitellut joogapyyhkeet OEM- ja ODM-tilauksiin.<\/p>","protected":false},"excerpt":{"rendered":"<p><strong>Materiaali:<\/strong> vohveli mikrokuitu<br \/>\n<strong>Tekninen:<\/strong> Kudottu, litte\u00e4, digitaalinen painatuslogo<br \/>\n<strong>Paksuus:<\/strong> 360 GSM<br \/>\n<strong>Koostumus:<\/strong> 80% polyesteri + 20%polyamidi<br \/>\n<strong>Pyyhkeen koko:<\/strong> 24\u00d768 tuumaa<br \/>\n<strong>Etu:<\/strong> Nukkaamaton, pehme\u00e4 ja mukava, haalistumaton, ainutlaatuinen kuvio, konepest\u00e4v\u00e4,<br \/>\n<strong>Mit\u00e4 paikkaa voit k\u00e4ytt\u00e4\u00e4?<\/strong><br \/>\ngolf, urheilu, jooga, uiminen, uinti, vuorikiipeily, kuntosalin pyyhkiminen, kuntokuivaus, mainoslahja<\/p>","protected":false},"featured_media":11264,"template":"","meta":{"_seopress_robots_primary_cat":"none","_seopress_titles_title":"","_seopress_titles_desc":"","_seopress_robots_index":""},"product_brand":[],"product_cat":[34,59,50],"product_tag":[],"class_list":{"0":"post-11262","1":"product","2":"type-product","3":"status-publish","4":"has-post-thumbnail","6":"product_cat-microfiber-towel","7":"product_cat-women-towel","8":"product_cat-yoga-towel","10":"first","11":"instock","12":"shipping-taxable","13":"product-type-simple"},"_links":{"self":[{"href":"https:\/\/towels.cc\/fi\/wp-json\/wp\/v2\/product\/11262","targetHints":{"allow":["GET"]}}],"collection":[{"href":"https:\/\/towels.cc\/fi\/wp-json\/wp\/v2\/product"}],"about":[{"href":"https:\/\/towels.cc\/fi\/wp-json\/wp\/v2\/types\/product"}],"wp:featuredmedia":[{"embeddable":true,"href":"https:\/\/towels.cc\/fi\/wp-json\/wp\/v2\/media\/11264"}],"wp:attachment":[{"href":"https:\/\/towels.cc\/fi\/wp-json\/wp\/v2\/media?parent=11262"}],"wp:term":[{"taxonomy":"product_brand","embeddable":true,"href":"https:\/\/towels.cc\/fi\/wp-json\/wp\/v2\/product_brand?post=11262"},{"taxonomy":"product_cat","embeddable":true,"href":"https:\/\/towels.cc\/fi\/wp-json\/wp\/v2\/product_cat?post=11262"},{"taxonomy":"product_tag","embeddable":true,"href":"https:\/\/towels.cc\/fi\/wp-json\/wp\/v2\/product_tag?post=11262"}],"curies":[{"name":"wp","href":"https:\/\/api.w.org\/{rel}","templated":true}]}}