{"id":11256,"date":"2024-03-29T18:02:46","date_gmt":"2024-03-29T18:02:46","guid":{"rendered":"https:\/\/towels.cc\/?post_type=product&#038;p=11256"},"modified":"2024-11-05T15:38:20","modified_gmt":"2024-11-05T15:38:20","slug":"40x80cm-personalized-waffle-microfiber-golf-towel-with-a-loop-for-hanging","status":"publish","type":"product","link":"https:\/\/towels.cc\/fi\/tuote\/40x80cm-personalized-waffle-microfiber-golf-towel-with-a-loop-for-hanging\/","title":{"rendered":"40x80cm persoonallinen vohveli-mikrokuituinen golfpyyhe lenkimell\u00e4"},"content":{"rendered":"<p>T\u00e4m\u00e4 <a href=\"https:\/\/towels.cc\/fi\/golf-towel\/\">mikrokuituinen golfpyyhe<\/a> on viimeistelty kudotulla neulotulla vohvelikankaalla, 380GSM-kuvioinen, nukkaamaton, nopeasti kuivuva, eritt\u00e4in vett\u00e4 imev\u00e4, antibakteerinen ja 40x80 cm pienikokoinen ja t\u00e4ysikokoinen digitaalinen tulostustekniikka.<\/p>\n<p>Meid\u00e4n toinen suosittu <a href=\"https:\/\/towels.cc\/fi\/golf-towel\/\">golfpyyhe<\/a> koko on 50x100cm L-koko, voit my\u00f6s muokata muuta kokoa ja v\u00e4ri\u00e4 haluamallasi tavalla.<\/p>","protected":false},"excerpt":{"rendered":"<p><strong>Materiaali:<\/strong> vohveli mikrokuitu<br \/>\n<strong>Tekninen:<\/strong> Kudottu, litte\u00e4, digitaalinen painatus<br \/>\n<strong>Paksuus:<\/strong> 380 GSM<br \/>\n<strong>Koostumus:<\/strong> 80% polyesteri + 20%polyamidi<br \/>\n<strong>Pyyhkeen koko:<\/strong> 40x80 cm<br \/>\n<strong>Etu:<\/strong> Nukkaamaton, hyv\u00e4ksy ALHAINEN tilaus, nopeasti kuivuva, helppo ripustaa, pehme\u00e4 ja mukava, haalistumaton, ainutlaatuisen kuvion konepest\u00e4v\u00e4.<\/p>","protected":false},"featured_media":11257,"template":"","meta":{"_seopress_robots_primary_cat":"none","_seopress_titles_title":"","_seopress_titles_desc":"","_seopress_robots_index":""},"product_brand":[],"product_cat":[61,34],"product_tag":[],"class_list":{"0":"post-11256","1":"product","2":"type-product","3":"status-publish","4":"has-post-thumbnail","6":"product_cat-golf-towel","7":"product_cat-microfiber-towel","9":"first","10":"instock","11":"shipping-taxable","12":"product-type-simple"},"_links":{"self":[{"href":"https:\/\/towels.cc\/fi\/wp-json\/wp\/v2\/product\/11256","targetHints":{"allow":["GET"]}}],"collection":[{"href":"https:\/\/towels.cc\/fi\/wp-json\/wp\/v2\/product"}],"about":[{"href":"https:\/\/towels.cc\/fi\/wp-json\/wp\/v2\/types\/product"}],"wp:featuredmedia":[{"embeddable":true,"href":"https:\/\/towels.cc\/fi\/wp-json\/wp\/v2\/media\/11257"}],"wp:attachment":[{"href":"https:\/\/towels.cc\/fi\/wp-json\/wp\/v2\/media?parent=11256"}],"wp:term":[{"taxonomy":"product_brand","embeddable":true,"href":"https:\/\/towels.cc\/fi\/wp-json\/wp\/v2\/product_brand?post=11256"},{"taxonomy":"product_cat","embeddable":true,"href":"https:\/\/towels.cc\/fi\/wp-json\/wp\/v2\/product_cat?post=11256"},{"taxonomy":"product_tag","embeddable":true,"href":"https:\/\/towels.cc\/fi\/wp-json\/wp\/v2\/product_tag?post=11256"}],"curies":[{"name":"wp","href":"https:\/\/api.w.org\/{rel}","templated":true}]}}