{"id":11250,"date":"2024-03-29T17:48:27","date_gmt":"2024-03-29T17:48:27","guid":{"rendered":"https:\/\/towels.cc\/?post_type=product&#038;p=11250"},"modified":"2024-11-05T15:38:54","modified_gmt":"2024-11-05T15:38:54","slug":"wholesale-hotel-cotton-towels-with-dobby-pattern","status":"publish","type":"product","link":"https:\/\/towels.cc\/fi\/tuote\/wholesale-hotel-cotton-towels-with-dobby-pattern\/","title":{"rendered":"Tukkukaupan hotellipuuvillapyyhkeet dobby-kuviolla ja Emboidery-logolla"},"content":{"rendered":"<p>The <a href=\"https:\/\/towels.cc\/fi\/bath-towel\/\">puuvillaiset pyyhkeet kylpy<\/a> vakiokoot 70x140cm ja 75x150cm valmistaa Towelscc tekstiiliyhti\u00f6 Kiinassa, jossa on erilaisia v\u00e4rej\u00e4 ja kuvioita valittavana kohtuulliseen hintaan ja kest\u00e4v\u00e4\u00e4n k\u00e4ytt\u00f6laatuun.<\/p>","protected":false},"excerpt":{"rendered":"<p><strong>Materiaali:<\/strong> puuvillafrotee 16s kierrelankaa<br \/>\n<strong>Tekniikka:<\/strong> Kudottu, litte\u00e4, brodeerattu logo<br \/>\n<strong>Paksuus:<\/strong> 600 GSM<br \/>\n<strong>Koostumus:<\/strong> 100% puuvillaa<br \/>\n<strong>Pyyhkeen koko:<\/strong> 70x140cm, 75x150cm<br \/>\n<strong>Etu:<\/strong> Nukkaamaton, pehme\u00e4 ja mukava, haalistumaton, ainutlaatuinen kuvio, konepest\u00e4v\u00e4,<br \/>\n<strong>Mit\u00e4 paikkaa voit k\u00e4ytt\u00e4\u00e4?<\/strong><br \/>\nuiminen, kylpyl\u00e4, matkustaminen, hotelli, mainoslahja<\/p>","protected":false},"featured_media":11252,"template":"","meta":{"_seopress_robots_primary_cat":"none","_seopress_titles_title":"","_seopress_titles_desc":"","_seopress_robots_index":""},"product_brand":[],"product_cat":[55,66,57,59],"product_tag":[],"class_list":{"0":"post-11250","1":"product","2":"type-product","3":"status-publish","4":"has-post-thumbnail","6":"product_cat-cotton-towel","7":"product_cat-hotel-towel","8":"product_cat-mens-towel","9":"product_cat-women-towel","11":"first","12":"instock","13":"shipping-taxable","14":"product-type-simple"},"_links":{"self":[{"href":"https:\/\/towels.cc\/fi\/wp-json\/wp\/v2\/product\/11250","targetHints":{"allow":["GET"]}}],"collection":[{"href":"https:\/\/towels.cc\/fi\/wp-json\/wp\/v2\/product"}],"about":[{"href":"https:\/\/towels.cc\/fi\/wp-json\/wp\/v2\/types\/product"}],"wp:featuredmedia":[{"embeddable":true,"href":"https:\/\/towels.cc\/fi\/wp-json\/wp\/v2\/media\/11252"}],"wp:attachment":[{"href":"https:\/\/towels.cc\/fi\/wp-json\/wp\/v2\/media?parent=11250"}],"wp:term":[{"taxonomy":"product_brand","embeddable":true,"href":"https:\/\/towels.cc\/fi\/wp-json\/wp\/v2\/product_brand?post=11250"},{"taxonomy":"product_cat","embeddable":true,"href":"https:\/\/towels.cc\/fi\/wp-json\/wp\/v2\/product_cat?post=11250"},{"taxonomy":"product_tag","embeddable":true,"href":"https:\/\/towels.cc\/fi\/wp-json\/wp\/v2\/product_tag?post=11250"}],"curies":[{"name":"wp","href":"https:\/\/api.w.org\/{rel}","templated":true}]}}