{"id":11243,"date":"2024-03-29T17:43:19","date_gmt":"2024-03-29T17:43:19","guid":{"rendered":"https:\/\/towels.cc\/?post_type=product&#038;p=11243"},"modified":"2024-11-05T15:39:19","modified_gmt":"2024-11-05T15:39:19","slug":"wholesale-cotton-hotel-and-spa-towel-sets-cotton-towels-manufacturers","status":"publish","type":"product","link":"https:\/\/towels.cc\/fi\/tuote\/wholesale-cotton-hotel-and-spa-towel-sets-cotton-towels-manufacturers\/","title":{"rendered":"Tukku puuvilla hotelli- ja kylpyl\u00e4pyyhesarjat puuvillapyyhkeiden valmistajat"},"content":{"rendered":"<p>Towelscc on yksi niist\u00e4 <a href=\"https:\/\/towels.cc\/fi\/cotton-towel\/\">puuvillapyyhkeiden valmistajat<\/a> Kiinassa keskity r\u00e4\u00e4t\u00e4l\u00f6ityihin puuvillapyyhkeisiin eri v\u00e4reiss\u00e4, koossa ja kuvioissa. Hyv\u00e4ksymme kaikki OEM- ja ODM-tilaukset oikea-aikaisella toimituksella, nopealla viestinn\u00e4ll\u00e4 ja kilpailukykyisell\u00e4 hinnalla.<\/p>","protected":false},"excerpt":{"rendered":"<p><strong>Materiaali:<\/strong> puuvillafrotee 16s kierrelankaa<br \/>\n<strong>Tekniikka:<\/strong> Kudottu, litte\u00e4, ei logoa<br \/>\n<strong>Paksuus:<\/strong> 600 GSM<br \/>\n<strong>Koostumus:<\/strong> 100% puuvillaa<br \/>\n<strong>Pyyhkeen koko:<\/strong> 30x30cm, 35x75cm, 70x140cm<br \/>\n<strong>Etu:<\/strong> Nukkaamaton, pehme\u00e4 ja mukava, haalistumaton, ainutlaatuinen kuvio, konepest\u00e4v\u00e4,<br \/>\n<strong>Mit\u00e4 paikkaa voit k\u00e4ytt\u00e4\u00e4?<\/strong><br \/>\nkylpyl\u00e4, hotelli, kotona, asunto, majatalohotelli, yrityksen yleinen lahja, mainoslahja<\/p>","protected":false},"featured_media":11247,"template":"","meta":{"_seopress_robots_primary_cat":"none","_seopress_titles_title":"","_seopress_titles_desc":"","_seopress_robots_index":""},"product_brand":[],"product_cat":[58,55,66,65],"product_tag":[],"class_list":{"0":"post-11243","1":"product","2":"type-product","3":"status-publish","4":"has-post-thumbnail","6":"product_cat-baby-kids-towel","7":"product_cat-cotton-towel","8":"product_cat-hotel-towel","9":"product_cat-spa-towel","11":"first","12":"instock","13":"shipping-taxable","14":"product-type-simple"},"_links":{"self":[{"href":"https:\/\/towels.cc\/fi\/wp-json\/wp\/v2\/product\/11243","targetHints":{"allow":["GET"]}}],"collection":[{"href":"https:\/\/towels.cc\/fi\/wp-json\/wp\/v2\/product"}],"about":[{"href":"https:\/\/towels.cc\/fi\/wp-json\/wp\/v2\/types\/product"}],"wp:featuredmedia":[{"embeddable":true,"href":"https:\/\/towels.cc\/fi\/wp-json\/wp\/v2\/media\/11247"}],"wp:attachment":[{"href":"https:\/\/towels.cc\/fi\/wp-json\/wp\/v2\/media?parent=11243"}],"wp:term":[{"taxonomy":"product_brand","embeddable":true,"href":"https:\/\/towels.cc\/fi\/wp-json\/wp\/v2\/product_brand?post=11243"},{"taxonomy":"product_cat","embeddable":true,"href":"https:\/\/towels.cc\/fi\/wp-json\/wp\/v2\/product_cat?post=11243"},{"taxonomy":"product_tag","embeddable":true,"href":"https:\/\/towels.cc\/fi\/wp-json\/wp\/v2\/product_tag?post=11243"}],"curies":[{"name":"wp","href":"https:\/\/api.w.org\/{rel}","templated":true}]}}