{"id":10998,"date":"2024-03-28T05:43:50","date_gmt":"2024-03-28T05:43:50","guid":{"rendered":"https:\/\/towels.cc\/?post_type=product&#038;p=10998"},"modified":"2024-11-05T15:39:53","modified_gmt":"2024-11-05T15:39:53","slug":"10998","status":"publish","type":"product","link":"https:\/\/towels.cc\/fi\/tuote\/10998\/","title":{"rendered":"Ammattimainen anti-valkaisuaine, musta puuvillainen kylpypyyhek\u00e4\u00e4re tukkumyynti"},"content":{"rendered":"<p>Tuotamme ammattimaisesti mustaa puuvillaa<a href=\"https:\/\/towels.cc\/fi\/spa-towel\/\"> kylpyl\u00e4pyyhek\u00e4\u00e4reen toimittaja<\/a> monille hiustenleikkausliikkeille ja myym\u00e4l\u00f6ille tukku halvalla hinnalla ja hyv\u00e4ll\u00e4 laadulla, hyv\u00e4ksy my\u00f6s pieni tilausm\u00e4\u00e4r\u00e4<\/p>","protected":false},"excerpt":{"rendered":"<p><strong>Materiaali:<\/strong> 100% PUUVILLA<br \/>\n<strong>Tekniikka:<\/strong> Kudottu, litte\u00e4, v\u00e4rj\u00e4tty kangas<br \/>\n<strong>Paksuus:<\/strong> 400 GSM<br \/>\n<strong>Koostumus:<\/strong> 100% puuvillafroteelenkki<br \/>\n<strong>Pyyhkeen koko:<\/strong> 16\u2033x27\u2033<br \/>\n<strong>Etu:<\/strong> Nukkaamaton, valkaisua est\u00e4v\u00e4, pehme\u00e4 ja mukava, haalistumaton, ainutlaatuinen kuvio, konepest\u00e4v\u00e4,<br \/>\n<strong>Mit\u00e4 paikkaa voit k\u00e4ytt\u00e4\u00e4?<\/strong><br \/>\nuiminen, kylpyl\u00e4, hiustenleikkaus, salonki, ulkona, hotelli, kotona, meikinpoistoaine, kasvojen pesu, mainoslahja<\/p>","protected":false},"featured_media":11000,"template":"","meta":{"_seopress_robots_primary_cat":"none","_seopress_titles_title":"","_seopress_titles_desc":"","_seopress_robots_index":""},"product_brand":[],"product_cat":[55,54,65],"product_tag":[],"class_list":{"0":"post-10998","1":"product","2":"type-product","3":"status-publish","4":"has-post-thumbnail","6":"product_cat-cotton-towel","7":"product_cat-hair-towel","8":"product_cat-spa-towel","10":"first","11":"instock","12":"shipping-taxable","13":"product-type-simple"},"_links":{"self":[{"href":"https:\/\/towels.cc\/fi\/wp-json\/wp\/v2\/product\/10998","targetHints":{"allow":["GET"]}}],"collection":[{"href":"https:\/\/towels.cc\/fi\/wp-json\/wp\/v2\/product"}],"about":[{"href":"https:\/\/towels.cc\/fi\/wp-json\/wp\/v2\/types\/product"}],"wp:featuredmedia":[{"embeddable":true,"href":"https:\/\/towels.cc\/fi\/wp-json\/wp\/v2\/media\/11000"}],"wp:attachment":[{"href":"https:\/\/towels.cc\/fi\/wp-json\/wp\/v2\/media?parent=10998"}],"wp:term":[{"taxonomy":"product_brand","embeddable":true,"href":"https:\/\/towels.cc\/fi\/wp-json\/wp\/v2\/product_brand?post=10998"},{"taxonomy":"product_cat","embeddable":true,"href":"https:\/\/towels.cc\/fi\/wp-json\/wp\/v2\/product_cat?post=10998"},{"taxonomy":"product_tag","embeddable":true,"href":"https:\/\/towels.cc\/fi\/wp-json\/wp\/v2\/product_tag?post=10998"}],"curies":[{"name":"wp","href":"https:\/\/api.w.org\/{rel}","templated":true}]}}