{"id":10993,"date":"2024-03-28T05:39:17","date_gmt":"2024-03-28T05:39:17","guid":{"rendered":"https:\/\/towels.cc\/?post_type=product&#038;p=10993"},"modified":"2024-03-28T05:41:53","modified_gmt":"2024-03-28T05:41:53","slug":"plain-weaving-16s-twist-plant-dyed-cotton-workout-towels","status":"publish","type":"product","link":"https:\/\/towels.cc\/fi\/tuote\/plain-weaving-16s-twist-plant-dyed-cotton-workout-towels\/","title":{"rendered":"Pelk\u00e4t kudottu 16s twist kasviv\u00e4rj\u00e4tty puuvillaharjoituspyyhkeet"},"content":{"rendered":"<p>Harjoituspyyhkeet ovat ammattimaisen kuntosalipyyhetehtaan valmistamia, laadukkaasta 16S kierteisest\u00e4 puuvillalangasta, brodeerattu kiva logo merkkituotemerkille, taitettu tasku kuulokkeille ja avaimille juoksu- tai h\u00f6lkk\u00e4lenkill\u00e4 salin ulkopuolella tai sis\u00e4ll\u00e4. Yrityksemme tarjoaa ilmaisen n\u00e4ytekehityksen ja asiakaspalvelun yksitellen r\u00e4\u00e4t\u00e4l\u00f6ityj\u00e4 pyyhetilauksia varten.<\/p>","protected":false},"excerpt":{"rendered":"<p><strong>Materiaali:<\/strong> 100% Egyptin puuvillaa<br \/>\n<strong>Tekniikka:<\/strong> Kudottu, litte\u00e4, kirjontalogo<br \/>\n<strong>Paksuus:<\/strong> 550 GSM<br \/>\n<strong>Koostumus:<\/strong> 100% 16S kierretty puuvillalanka<br \/>\n<strong>Pyyhkeen koko:<\/strong>30\u00d7110 cm<br \/>\n<strong>Etu:<\/strong> Nukkaamaton, kasviv\u00e4rj\u00e4tty, ei haitallista ihoa, vett\u00e4 imev\u00e4, pehme\u00e4 ja mukava, haalistumaton, tasku pienten tavaroiden s\u00e4ilytt\u00e4miseen.<br \/>\n<strong>Mit\u00e4 paikkaa voit k\u00e4ytt\u00e4\u00e4?<\/strong><br \/>\nharjoituspyyhe, urheilu, vuorikiipeily, kuntosaliharjoittelu, kuntoilu, ulkona juokseminen, lenkkeily, mainoslahja<\/p>","protected":false},"featured_media":10996,"template":"","meta":{"_seopress_robots_primary_cat":"","_seopress_titles_title":"","_seopress_titles_desc":"","_seopress_robots_index":""},"product_brand":[],"product_cat":[55,49],"product_tag":[],"class_list":{"0":"post-10993","1":"product","2":"type-product","3":"status-publish","4":"has-post-thumbnail","6":"product_cat-cotton-towel","7":"product_cat-gym-towel","9":"first","10":"instock","11":"shipping-taxable","12":"product-type-simple"},"_links":{"self":[{"href":"https:\/\/towels.cc\/fi\/wp-json\/wp\/v2\/product\/10993","targetHints":{"allow":["GET"]}}],"collection":[{"href":"https:\/\/towels.cc\/fi\/wp-json\/wp\/v2\/product"}],"about":[{"href":"https:\/\/towels.cc\/fi\/wp-json\/wp\/v2\/types\/product"}],"wp:featuredmedia":[{"embeddable":true,"href":"https:\/\/towels.cc\/fi\/wp-json\/wp\/v2\/media\/10996"}],"wp:attachment":[{"href":"https:\/\/towels.cc\/fi\/wp-json\/wp\/v2\/media?parent=10993"}],"wp:term":[{"taxonomy":"product_brand","embeddable":true,"href":"https:\/\/towels.cc\/fi\/wp-json\/wp\/v2\/product_brand?post=10993"},{"taxonomy":"product_cat","embeddable":true,"href":"https:\/\/towels.cc\/fi\/wp-json\/wp\/v2\/product_cat?post=10993"},{"taxonomy":"product_tag","embeddable":true,"href":"https:\/\/towels.cc\/fi\/wp-json\/wp\/v2\/product_tag?post=10993"}],"curies":[{"name":"wp","href":"https:\/\/api.w.org\/{rel}","templated":true}]}}