{"id":12855,"date":"2024-04-20T13:25:48","date_gmt":"2024-04-20T13:25:48","guid":{"rendered":"https:\/\/towels.cc\/?post_type=product&#038;p=12855"},"modified":"2024-11-05T15:27:54","modified_gmt":"2024-11-05T15:27:54","slug":"16-s-twist-cotton-yarn-bath-towel-with-dobby-fitness-towel-with-germ-shield-2","status":"publish","type":"product","link":"https:\/\/towels.cc\/es\/producto\/16-s-twist-cotton-yarn-bath-towel-with-dobby-fitness-towel-with-germ-shield-2\/","title":{"rendered":"Toalla de ba\u00f1o de hilo de algod\u00f3n trenzado de 16 s con tejido dobby y toalla de fitness con protecci\u00f3n contra g\u00e9rmenes\u00a0"},"content":{"rendered":"<p>Nuestro fitness <a href=\"https:\/\/towels.cc\/es\/\">toalla<\/a> con funci\u00f3n de protecci\u00f3n contra g\u00e9rmenes, est\u00e1 acabado con hilo de algod\u00f3n trenzado de 16 s de calidad de lujo, tela de 600 GSM de espesor, patr\u00f3n Bobby elegante y definido.<\/p>\n<p>Bucle de rizo m\u00e1s largo que los 21 y 32 normales <a href=\"https:\/\/towels.cc\/es\/cotton-towel\/\">hilo de algod\u00f3n<\/a>, sientes que la textura es m\u00e1s suave y c\u00f3moda.<\/p>\n<p>\u00a1Podemos personalizar cualquier color y tama\u00f1o de toalla de fitness con funci\u00f3n antimaterial para usted!<\/p>","protected":false},"excerpt":{"rendered":"<p><strong>Material:\u00a0<\/strong> Hilo de algod\u00f3n trenzado 16S<br \/>\n<strong>T\u00e9cnico:<\/strong> Tejido, plano, dobby<br \/>\n<strong>Espesor:<\/strong> 600 g\/m\u00b2<br \/>\n<strong>Composici\u00f3n:<\/strong> 100% algod\u00f3n<br \/>\n<strong>Tama\u00f1o de la toalla:<\/strong> 40x90cm<br \/>\n<strong>Ventaja:<\/strong> Sin pelusa, suave y c\u00f3modo, no se decolora, patr\u00f3n \u00fanico lavable a m\u00e1quina.<br \/>\n<strong>\u00bfQue lugar puedes utilizar?<\/strong><br \/>\nGolf, deporte, spa, hogar, viajes, escalada de monta\u00f1a, limpieza en el gimnasio, secado corporal para fitness, regalo promocional<br \/>\n<strong>Opciones de personalizaci\u00f3n:<\/strong><br \/>\n<strong>logo:<\/strong> logotipo bordado<br \/>\n<strong>paquete:<\/strong> caja de regalo \/ bolsa de polietileno opp<\/p>","protected":false},"featured_media":12846,"template":"","meta":{"_seopress_robots_primary_cat":"none","_seopress_titles_title":"","_seopress_titles_desc":"","_seopress_robots_index":""},"product_brand":[],"product_cat":[31,37,49],"product_tag":[],"class_list":{"0":"post-12855","1":"product","2":"type-product","3":"status-publish","4":"has-post-thumbnail","6":"product_cat-all-towels","7":"product_cat-bath-towel","8":"product_cat-gym-towel","10":"first","11":"instock","12":"shipping-taxable","13":"product-type-simple"},"_links":{"self":[{"href":"https:\/\/towels.cc\/es\/wp-json\/wp\/v2\/product\/12855","targetHints":{"allow":["GET"]}}],"collection":[{"href":"https:\/\/towels.cc\/es\/wp-json\/wp\/v2\/product"}],"about":[{"href":"https:\/\/towels.cc\/es\/wp-json\/wp\/v2\/types\/product"}],"wp:featuredmedia":[{"embeddable":true,"href":"https:\/\/towels.cc\/es\/wp-json\/wp\/v2\/media\/12846"}],"wp:attachment":[{"href":"https:\/\/towels.cc\/es\/wp-json\/wp\/v2\/media?parent=12855"}],"wp:term":[{"taxonomy":"product_brand","embeddable":true,"href":"https:\/\/towels.cc\/es\/wp-json\/wp\/v2\/product_brand?post=12855"},{"taxonomy":"product_cat","embeddable":true,"href":"https:\/\/towels.cc\/es\/wp-json\/wp\/v2\/product_cat?post=12855"},{"taxonomy":"product_tag","embeddable":true,"href":"https:\/\/towels.cc\/es\/wp-json\/wp\/v2\/product_tag?post=12855"}],"curies":[{"name":"wp","href":"https:\/\/api.w.org\/{rel}","templated":true}]}}