{"id":12841,"date":"2024-04-20T13:22:09","date_gmt":"2024-04-20T13:22:09","guid":{"rendered":"https:\/\/towels.cc\/?post_type=product&#038;p=12841"},"modified":"2024-11-05T15:29:01","modified_gmt":"2024-11-05T15:29:01","slug":"plain-weaving-16s-twist-plant-dyed-cotton-workout-towels-2","status":"publish","type":"product","link":"https:\/\/towels.cc\/es\/producto\/plain-weaving-16s-twist-plant-dyed-cotton-workout-towels-2\/","title":{"rendered":"Toallas de entrenamiento de algod\u00f3n te\u00f1ido con plantas y tejido liso de 16 s"},"content":{"rendered":"<p>Las toallas de entrenamiento est\u00e1n fabricadas por <a href=\"https:\/\/towels.cc\/es\/gym-towel\/\">f\u00e1brica profesional de toallas de gimnasio<\/a>, en hilo de algod\u00f3n retorcido 16S de alta calidad, bordado con un bonito logotipo de marca, bolsillo doblado para guardar auriculares y llaves cuando corres o trotas al aire libre o dentro del gimnasio.<\/p>\n<p>Nuestra empresa ofrece desarrollo de muestras gratuito y servicio al cliente personalizado. <a href=\"https:\/\/towels.cc\/es\/\">toalla personalizada<\/a> \u00f3rdenes.<\/p>","protected":false},"excerpt":{"rendered":"<p><strong>Material:<\/strong> 100% Algod\u00f3n egipcio<br \/>\n<strong>T\u00e9cnica:<\/strong> Tejido, plano, logotipo bordado<br \/>\n<strong>Espesor:<\/strong> 550 g\/m\u00b2<br \/>\n<strong>Composici\u00f3n:<\/strong> Hilo de algod\u00f3n trenzado 100% 16S<br \/>\n<strong>Tama\u00f1o de la toalla:<\/strong>30\u00d7110 cm<br \/>\n<strong>Ventaja:<\/strong> Sin pelusa, te\u00f1ido vegetal, no da\u00f1a la piel, absorbe el agua, suave y c\u00f3modo, no se decolora, un bolsillo para guardar cosas peque\u00f1as.<br \/>\n<strong>\u00bfQue lugar puedes utilizar?<\/strong><br \/>\nToalla de entrenamiento, deporte, escalada de monta\u00f1a, gimnasio, fitness, correr al aire libre, trotar, regalo promocional<br \/>\n<strong>Opciones de personalizaci\u00f3n:<\/strong><br \/>\nLogotipo: serigraf\u00eda \/ logotipo bordado<br \/>\nPaquete: caja de regalo\/bolsa de pl\u00e1stico opp<br \/>\nSi desea te\u00f1ir toallas de otro color y crear su propio dise\u00f1o, no dude en contactarnos. \u00a1Le ofreceremos soluciones profesionales para que elija!<\/p>","protected":false},"featured_media":12842,"template":"","meta":{"_seopress_robots_primary_cat":"none","_seopress_titles_title":"","_seopress_titles_desc":"","_seopress_robots_index":""},"product_brand":[],"product_cat":[31],"product_tag":[],"class_list":{"0":"post-12841","1":"product","2":"type-product","3":"status-publish","4":"has-post-thumbnail","6":"product_cat-all-towels","8":"first","9":"instock","10":"shipping-taxable","11":"product-type-simple"},"_links":{"self":[{"href":"https:\/\/towels.cc\/es\/wp-json\/wp\/v2\/product\/12841","targetHints":{"allow":["GET"]}}],"collection":[{"href":"https:\/\/towels.cc\/es\/wp-json\/wp\/v2\/product"}],"about":[{"href":"https:\/\/towels.cc\/es\/wp-json\/wp\/v2\/types\/product"}],"wp:featuredmedia":[{"embeddable":true,"href":"https:\/\/towels.cc\/es\/wp-json\/wp\/v2\/media\/12842"}],"wp:attachment":[{"href":"https:\/\/towels.cc\/es\/wp-json\/wp\/v2\/media?parent=12841"}],"wp:term":[{"taxonomy":"product_brand","embeddable":true,"href":"https:\/\/towels.cc\/es\/wp-json\/wp\/v2\/product_brand?post=12841"},{"taxonomy":"product_cat","embeddable":true,"href":"https:\/\/towels.cc\/es\/wp-json\/wp\/v2\/product_cat?post=12841"},{"taxonomy":"product_tag","embeddable":true,"href":"https:\/\/towels.cc\/es\/wp-json\/wp\/v2\/product_tag?post=12841"}],"curies":[{"name":"wp","href":"https:\/\/api.w.org\/{rel}","templated":true}]}}