{"id":12821,"date":"2024-04-19T13:28:44","date_gmt":"2024-04-19T13:28:44","guid":{"rendered":"https:\/\/towels.cc\/?post_type=product&#038;p=12821"},"modified":"2024-11-05T16:04:21","modified_gmt":"2024-11-05T16:04:21","slug":"personalized-cotton-sport-towel-embroidered-logo-cotton-towel","status":"publish","type":"product","link":"https:\/\/towels.cc\/es\/producto\/personalized-cotton-sport-towel-embroidered-logo-cotton-towel\/","title":{"rendered":"Toalla deportiva de algod\u00f3n personalizada Toalla de algod\u00f3n con logotipo bordado"},"content":{"rendered":"<p>Towelscc es una de las <a href=\"https:\/\/towels.cc\/es\/cotton-towel\/\">Proveedores de toallas de algod\u00f3n en China<\/a>.<\/p>\n<p>Este algod\u00f3n personalizado <a href=\"https:\/\/towels.cc\/es\/custom-rally-towel\/\">toalla deportiva<\/a> Es el logo JD bordado en tama\u00f1o 30x100cm y 500GSM de grosor en color gris.<\/p>\n<p>La toalla deportiva de felpa de algod\u00f3n es popular en Estados Unidos y algunos pa\u00edses europeos debido a su textura c\u00f3moda y suave, buena absorci\u00f3n de agua y limpia nuestra piel r\u00e1pidamente cuando entra en contacto con el agua.<\/p>\n<p>1. Towelcc utiliza algod\u00f3n de fibra larga y algod\u00f3n de fibra fina de alta calidad como materiales principales, con fibras largas y de buena calidad. Para garantizar la calidad, evitamos el uso de algod\u00f3n de fibra gruesa, barato y f\u00e1cil de desprender.<\/p>\n<p>2. Towelcc utiliza hilos de mayor densidad para que las toallas se sientan m\u00e1s delicadas.<\/p>\n<p>3. Towelcc selecciona la mejor torsi\u00f3n para evitar toallas demasiado r\u00edgidas o demasiado sueltas. Por ejemplo, no fabricamos toallas de torsi\u00f3n d\u00e9bil, que son suaves pero de calidad media.<\/p>\n<p>4. Adoptamos diferentes procesos textiles seg\u00fan las necesidades de cada cliente. Adem\u00e1s, empleamos procesos de jacquard y terciopelo cortado de alta calidad con una exquisita artesan\u00eda.<\/p>\n<p>5. Las toallas que personalizamos para usted se imprimir\u00e1n con logotipos o grupos. El proceso de impresi\u00f3n y te\u00f1ido de Towelcc no solo ofrece una alta solidez del color, sino que tambi\u00e9n da\u00f1a poco las fibras de algod\u00f3n y los productos finales son de un color intenso.<\/p>\n<p>6. Si necesita servicios de bordado de patrones, los trabajadores de Towelcc tienen una artesan\u00eda de bordado muy fina, con puntadas prolijas, patrones claros, bordes suaves y muy hermosos.<\/p>","protected":false},"excerpt":{"rendered":"<p><strong>Material:<\/strong> rizo de algod\u00f3n 21S\/2<br \/>\n<strong>T\u00e9cnica:<\/strong> Tejido, plano, logotipo bordado<br \/>\n<strong>Espesor:<\/strong> 450 g\/m\u00b2<br \/>\n<strong>Composici\u00f3n:<\/strong> 100% algod\u00f3n<br \/>\n<strong>Tama\u00f1o de la toalla:<\/strong> 30x100cm<br \/>\n<strong>Ventaja:<\/strong> Sin pelusa, suave y c\u00f3modo, no se decolora, patr\u00f3n \u00fanico lavable a m\u00e1quina.<br \/>\n<strong>\u00bfQue lugar puedes utilizar?<\/strong><br \/>\nGolf, deporte, viajes, escalada de monta\u00f1a, gimnasio, fitness, cuerpo seco, regalo promocional<br \/>\n<strong>Opciones de personalizaci\u00f3n:<\/strong><br \/>\nlogotipo: logotipo bordado<br \/>\nPaquete: caja de regalo\/bolsa de pl\u00e1stico opp<\/p>","protected":false},"featured_media":0,"template":"","meta":{"_seopress_robots_primary_cat":"none","_seopress_titles_title":"","_seopress_titles_desc":"","_seopress_robots_index":""},"product_brand":[],"product_cat":[55,49],"product_tag":[],"class_list":{"0":"post-12821","1":"product","2":"type-product","3":"status-publish","5":"product_cat-cotton-towel","6":"product_cat-gym-towel","8":"first","9":"instock","10":"shipping-taxable","11":"product-type-simple"},"_links":{"self":[{"href":"https:\/\/towels.cc\/es\/wp-json\/wp\/v2\/product\/12821","targetHints":{"allow":["GET"]}}],"collection":[{"href":"https:\/\/towels.cc\/es\/wp-json\/wp\/v2\/product"}],"about":[{"href":"https:\/\/towels.cc\/es\/wp-json\/wp\/v2\/types\/product"}],"wp:attachment":[{"href":"https:\/\/towels.cc\/es\/wp-json\/wp\/v2\/media?parent=12821"}],"wp:term":[{"taxonomy":"product_brand","embeddable":true,"href":"https:\/\/towels.cc\/es\/wp-json\/wp\/v2\/product_brand?post=12821"},{"taxonomy":"product_cat","embeddable":true,"href":"https:\/\/towels.cc\/es\/wp-json\/wp\/v2\/product_cat?post=12821"},{"taxonomy":"product_tag","embeddable":true,"href":"https:\/\/towels.cc\/es\/wp-json\/wp\/v2\/product_tag?post=12821"}],"curies":[{"name":"wp","href":"https:\/\/api.w.org\/{rel}","templated":true}]}}