{"id":12796,"date":"2024-04-19T13:09:58","date_gmt":"2024-04-19T13:09:58","guid":{"rendered":"https:\/\/towels.cc\/?post_type=product&#038;p=12796"},"modified":"2024-11-05T15:32:07","modified_gmt":"2024-11-05T15:32:07","slug":"custom-printed-microfiber-water-absorbent-promotional-gym-towel-for-fedex","status":"publish","type":"product","link":"https:\/\/towels.cc\/es\/producto\/custom-printed-microfiber-water-absorbent-promotional-gym-towel-for-fedex\/","title":{"rendered":"Toalla de gimnasio de algod\u00f3n aterciopelado estampada s\u00faper c\u00f3moda"},"content":{"rendered":"<p>Como empresa l\u00edder <a href=\"https:\/\/towels.cc\/es\/gym-towel\/\">fabricante de toallas deportivas de algod\u00f3n<\/a> En China, nos esforzamos por ofrecer texturas de calidad, tejidos de punto y trabajos artesanales de impresi\u00f3n con alta tecnolog\u00eda.<\/p>\n<p>Todos nuestros <a href=\"https:\/\/towels.cc\/es\/cotton-towel\/\">toallas de algod\u00f3n<\/a> Est\u00e1n hechos de hilos de algod\u00f3n de nivel AAA para hacer felices a las personas y disfrutar de una buena vida.<\/p>","protected":false},"excerpt":{"rendered":"<p><strong>Material:<\/strong> rizo de algod\u00f3n 21S\/2<br \/>\n<strong>T\u00e9cnica:<\/strong> Logotipo tejido, plano y con impresi\u00f3n reactiva<br \/>\n<strong>Espesor:<\/strong> 400 g\/m\u00b2<br \/>\n<strong>Composici\u00f3n:<\/strong> 100% algod\u00f3n<br \/>\n<strong>Tama\u00f1o de la toalla:<\/strong> 35x75cm<br \/>\n<strong>Ventaja:<\/strong> Sin pelusa, suave y c\u00f3modo, no se decolora, patr\u00f3n \u00fanico lavable a m\u00e1quina.<br \/>\n<strong>\u00bfQue lugar puedes utilizar?<\/strong><br \/>\nGolf, deporte, viajes, escalada de monta\u00f1a, gimnasio, fitness, cuerpo seco, regalo promocional<br \/>\n<strong>Opciones de personalizaci\u00f3n:<\/strong><br \/>\nlogotipo: logotipo bordado<br \/>\nPaquete: caja de regalo\/bolsa de pl\u00e1stico opp<\/p>","protected":false},"featured_media":12805,"template":"","meta":{"_seopress_robots_primary_cat":"none","_seopress_titles_title":"","_seopress_titles_desc":"","_seopress_robots_index":""},"product_brand":[],"product_cat":[49],"product_tag":[],"class_list":{"0":"post-12796","1":"product","2":"type-product","3":"status-publish","4":"has-post-thumbnail","6":"product_cat-gym-towel","8":"first","9":"instock","10":"shipping-taxable","11":"product-type-simple"},"_links":{"self":[{"href":"https:\/\/towels.cc\/es\/wp-json\/wp\/v2\/product\/12796","targetHints":{"allow":["GET"]}}],"collection":[{"href":"https:\/\/towels.cc\/es\/wp-json\/wp\/v2\/product"}],"about":[{"href":"https:\/\/towels.cc\/es\/wp-json\/wp\/v2\/types\/product"}],"wp:featuredmedia":[{"embeddable":true,"href":"https:\/\/towels.cc\/es\/wp-json\/wp\/v2\/media\/12805"}],"wp:attachment":[{"href":"https:\/\/towels.cc\/es\/wp-json\/wp\/v2\/media?parent=12796"}],"wp:term":[{"taxonomy":"product_brand","embeddable":true,"href":"https:\/\/towels.cc\/es\/wp-json\/wp\/v2\/product_brand?post=12796"},{"taxonomy":"product_cat","embeddable":true,"href":"https:\/\/towels.cc\/es\/wp-json\/wp\/v2\/product_cat?post=12796"},{"taxonomy":"product_tag","embeddable":true,"href":"https:\/\/towels.cc\/es\/wp-json\/wp\/v2\/product_tag?post=12796"}],"curies":[{"name":"wp","href":"https:\/\/api.w.org\/{rel}","templated":true}]}}