{"id":12787,"date":"2024-04-19T13:05:16","date_gmt":"2024-04-19T13:05:16","guid":{"rendered":"https:\/\/towels.cc\/?post_type=product&#038;p=12787"},"modified":"2024-11-05T15:32:34","modified_gmt":"2024-11-05T15:32:34","slug":"quick-drying-light-weight-aquis-adventure-microfiber-towel","status":"publish","type":"product","link":"https:\/\/towels.cc\/es\/producto\/quick-drying-light-weight-aquis-adventure-microfiber-towel\/","title":{"rendered":"Toalla de microfibra ligera y de secado r\u00e1pido Aquis Adventure"},"content":{"rendered":"<p>La aventura del acervo <a href=\"https:\/\/towels.cc\/es\/microfiber-towel\/\">toalla de microfibra<\/a> Est\u00e1 fabricado en material de microfibra de gamuza de 200 GSM, liviano y de secado r\u00e1pido para acampar o viajar, antibacteriano, sin pelusa y con un lazo para colgarlo f\u00e1cilmente.<\/p>","protected":false},"excerpt":{"rendered":"<p><strong>Material:<\/strong> microfibra de gamuza<br \/>\n<strong>T\u00e9cnica:<\/strong> Tejido, plano, sin logotipo.<br \/>\n<strong>Espesor:<\/strong> 200 g\/m\u00b2<br \/>\n<strong>Composici\u00f3n:<\/strong> 80% poli\u00e9ster + 20% poliamida<br \/>\n<strong>Tama\u00f1o de la toalla:<\/strong> 60x120cm<br \/>\n<strong>Ventaja:<\/strong> Sin pelusa, suave y c\u00f3modo, no se decolora, patr\u00f3n \u00fanico lavable a m\u00e1quina.\u00a0<strong>\u00bfQue lugar puedes utilizar?<\/strong><br \/>\nGolf, deporte, excursi\u00f3n, playa, nataci\u00f3n, escalada de monta\u00f1a, gimnasio, fitness, cuerpo seco, regalo promocional<\/p>\n<p><strong>Opciones de personalizaci\u00f3n:<\/strong><br \/>\nLogotipo: impresi\u00f3n por sublimaci\u00f3n \/ serigraf\u00eda \/ logotipo bordado<br \/>\nPaquete: caja de regalo\/bolsa de pl\u00e1stico opp<\/p>","protected":false},"featured_media":12791,"template":"","meta":{"_seopress_robots_primary_cat":"none","_seopress_titles_title":"","_seopress_titles_desc":"","_seopress_robots_index":""},"product_brand":[],"product_cat":[49],"product_tag":[],"class_list":{"0":"post-12787","1":"product","2":"type-product","3":"status-publish","4":"has-post-thumbnail","6":"product_cat-gym-towel","8":"first","9":"instock","10":"shipping-taxable","11":"product-type-simple"},"_links":{"self":[{"href":"https:\/\/towels.cc\/es\/wp-json\/wp\/v2\/product\/12787","targetHints":{"allow":["GET"]}}],"collection":[{"href":"https:\/\/towels.cc\/es\/wp-json\/wp\/v2\/product"}],"about":[{"href":"https:\/\/towels.cc\/es\/wp-json\/wp\/v2\/types\/product"}],"wp:featuredmedia":[{"embeddable":true,"href":"https:\/\/towels.cc\/es\/wp-json\/wp\/v2\/media\/12791"}],"wp:attachment":[{"href":"https:\/\/towels.cc\/es\/wp-json\/wp\/v2\/media?parent=12787"}],"wp:term":[{"taxonomy":"product_brand","embeddable":true,"href":"https:\/\/towels.cc\/es\/wp-json\/wp\/v2\/product_brand?post=12787"},{"taxonomy":"product_cat","embeddable":true,"href":"https:\/\/towels.cc\/es\/wp-json\/wp\/v2\/product_cat?post=12787"},{"taxonomy":"product_tag","embeddable":true,"href":"https:\/\/towels.cc\/es\/wp-json\/wp\/v2\/product_tag?post=12787"}],"curies":[{"name":"wp","href":"https:\/\/api.w.org\/{rel}","templated":true}]}}