{"id":12779,"date":"2024-04-19T13:00:33","date_gmt":"2024-04-19T13:00:33","guid":{"rendered":"https:\/\/towels.cc\/?post_type=product&#038;p=12779"},"modified":"2024-11-05T15:33:17","modified_gmt":"2024-11-05T15:33:17","slug":"custom-woven-logo-label-lint-free-and-anti-baterial-microfiber-gym-towel-with-zipper-2","status":"publish","type":"product","link":"https:\/\/towels.cc\/es\/producto\/custom-woven-logo-label-lint-free-and-anti-baterial-microfiber-gym-towel-with-zipper-2\/","title":{"rendered":"Toalla de gimnasio de microfibra antipelusas, antipelusas y con cierre de cremallera, con etiqueta con logotipo tejida a medida, 2 unidades"},"content":{"rendered":"<p>Nos estamos centrando en\u00a0<a href=\"https:\/\/towels.cc\/es\/gym-towel\/\">toalla de gimnasio de microfibra<\/a> Con cremallera y bolsillo, agregue una etiqueta tejida cosida en el lado frontal de la toalla, comodidad y textura suave para la piel, la toalla te\u00f1ida de plantas es segura para el cuerpo humano, antimaterial y de secado r\u00e1pido para los amantes del gimnasio.<\/p>\n<p>La cremallera permite cerrar el bolsillo, lo que nos resulta muy pr\u00e1ctico para guardar objetos personales. Nuestra f\u00e1brica le da una c\u00e1lida bienvenida. <a href=\"https:\/\/towels.cc\/es\/gym-towel\/\">toalla de gimnasio personalizada<\/a> \u00a1Haz tu pedido y vis\u00edtanos en cualquier momento!<\/p>","protected":false},"excerpt":{"rendered":"<p><strong>Material:\u00a0<\/strong> microfibra<br \/>\n<strong>T\u00e9cnica:<\/strong> Etiqueta tejida, plana, con logotipo tejido<br \/>\n<strong>Espesor:<\/strong> 280 g\/m\u00b2<br \/>\n<strong>Composici\u00f3n:<\/strong> Poli\u00e9ster 100%<br \/>\n<strong>Tama\u00f1o de la toalla:<\/strong> 40x80cm, Tama\u00f1o de bolsillo: 28x28cm<br \/>\n<strong>Ventaja:<\/strong> Sin pelusa, material antiest\u00e1tico, suave y c\u00f3modo, no se decolora, patr\u00f3n \u00fanico lavable a m\u00e1quina.<br \/>\n<strong>\u00bfQue lugar puedes utilizar?<\/strong><br \/>\ngolf, deporte, escalada de monta\u00f1a, gimnasio, correr, trotar, fitness, regalo promocional<br \/>\n<strong>Opciones de personalizaci\u00f3n:<\/strong><br \/>\nLogotipo: impresi\u00f3n por sublimaci\u00f3n \/ serigraf\u00eda \/ logotipo bordado<br \/>\nPaquete: caja de regalo\/bolsa de pl\u00e1stico opp<\/p>","protected":false},"featured_media":12780,"template":"","meta":{"_seopress_robots_primary_cat":"none","_seopress_titles_title":"","_seopress_titles_desc":"","_seopress_robots_index":""},"product_brand":[],"product_cat":[49,34],"product_tag":[],"class_list":{"0":"post-12779","1":"product","2":"type-product","3":"status-publish","4":"has-post-thumbnail","6":"product_cat-gym-towel","7":"product_cat-microfiber-towel","9":"first","10":"instock","11":"shipping-taxable","12":"product-type-simple"},"_links":{"self":[{"href":"https:\/\/towels.cc\/es\/wp-json\/wp\/v2\/product\/12779","targetHints":{"allow":["GET"]}}],"collection":[{"href":"https:\/\/towels.cc\/es\/wp-json\/wp\/v2\/product"}],"about":[{"href":"https:\/\/towels.cc\/es\/wp-json\/wp\/v2\/types\/product"}],"wp:featuredmedia":[{"embeddable":true,"href":"https:\/\/towels.cc\/es\/wp-json\/wp\/v2\/media\/12780"}],"wp:attachment":[{"href":"https:\/\/towels.cc\/es\/wp-json\/wp\/v2\/media?parent=12779"}],"wp:term":[{"taxonomy":"product_brand","embeddable":true,"href":"https:\/\/towels.cc\/es\/wp-json\/wp\/v2\/product_brand?post=12779"},{"taxonomy":"product_cat","embeddable":true,"href":"https:\/\/towels.cc\/es\/wp-json\/wp\/v2\/product_cat?post=12779"},{"taxonomy":"product_tag","embeddable":true,"href":"https:\/\/towels.cc\/es\/wp-json\/wp\/v2\/product_tag?post=12779"}],"curies":[{"name":"wp","href":"https:\/\/api.w.org\/{rel}","templated":true}]}}