{"id":12760,"date":"2024-04-19T12:42:39","date_gmt":"2024-04-19T12:42:39","guid":{"rendered":"https:\/\/towels.cc\/?post_type=product&#038;p=12760"},"modified":"2024-11-05T15:34:50","modified_gmt":"2024-11-05T15:34:50","slug":"full-colors-sublimation-printed-microfiber-yoga-towel-china-manufacturer","status":"publish","type":"product","link":"https:\/\/towels.cc\/es\/producto\/full-colors-sublimation-printed-microfiber-yoga-towel-china-manufacturer\/","title":{"rendered":"Fabricante chino de toallas de yoga de microfibra con impresi\u00f3n por sublimaci\u00f3n a todo color"},"content":{"rendered":"<p><a href=\"https:\/\/towels.cc\/es\/yoga-towel\/\">Fabricante chino de toallas de yoga<\/a> con <a href=\"https:\/\/towels.cc\/es\/microfiber-towel\/\">microfibra de calidad<\/a>, alta tecnolog\u00eda y artesan\u00eda, tejido de poli\u00e9ster y nailon, precio mayorista competitivo y pol\u00edtica de garant\u00eda de un a\u00f1o.<\/p>\n<p>\u00a1Suministramos toallas de yoga a algunos de los grandes vendedores de Amazon!<\/p>","protected":false},"excerpt":{"rendered":"<p><strong>Material:<\/strong> Microfibra de rizo<br \/>\n<strong>T\u00e9cnico:<\/strong> Tejido, plano, logotipo impreso por sublimaci\u00f3n<br \/>\n<strong>Espesor:<\/strong> 300 g\/m\u00b2<br \/>\n<strong>Composici\u00f3n:<\/strong> Poli\u00e9ster 80% + poliamida 20%<br \/>\n<strong>Tama\u00f1o de la toalla:<\/strong> 183x61cm<br \/>\n<strong>Ventaja:<\/strong> Sin pelusa, tama\u00f1o extra largo, secado r\u00e1pido, suave y c\u00f3modo, no se decolora, patr\u00f3n \u00fanico, lavable a m\u00e1quina.<br \/>\n<strong>\u00bfQue lugar puedes utilizar?<\/strong><br \/>\nYoga, deporte, escalada de monta\u00f1a, limpieza en el gimnasio, nataci\u00f3n, acampada, ba\u00f1o, playa, secado corporal para fitness, regalo promocional<br \/>\n<strong>Opciones de personalizaci\u00f3n:<\/strong><br \/>\nLogotipo: impresi\u00f3n por sublimaci\u00f3n \/ serigraf\u00eda \/ logotipo bordado<br \/>\nPaquete: caja de regalo\/bolsa de pl\u00e1stico opp<\/p>","protected":false},"featured_media":12761,"template":"","meta":{"_seopress_robots_primary_cat":"none","_seopress_titles_title":"","_seopress_titles_desc":"","_seopress_robots_index":""},"product_brand":[],"product_cat":[50],"product_tag":[],"class_list":{"0":"post-12760","1":"product","2":"type-product","3":"status-publish","4":"has-post-thumbnail","6":"product_cat-yoga-towel","8":"first","9":"instock","10":"shipping-taxable","11":"product-type-simple"},"_links":{"self":[{"href":"https:\/\/towels.cc\/es\/wp-json\/wp\/v2\/product\/12760","targetHints":{"allow":["GET"]}}],"collection":[{"href":"https:\/\/towels.cc\/es\/wp-json\/wp\/v2\/product"}],"about":[{"href":"https:\/\/towels.cc\/es\/wp-json\/wp\/v2\/types\/product"}],"wp:featuredmedia":[{"embeddable":true,"href":"https:\/\/towels.cc\/es\/wp-json\/wp\/v2\/media\/12761"}],"wp:attachment":[{"href":"https:\/\/towels.cc\/es\/wp-json\/wp\/v2\/media?parent=12760"}],"wp:term":[{"taxonomy":"product_brand","embeddable":true,"href":"https:\/\/towels.cc\/es\/wp-json\/wp\/v2\/product_brand?post=12760"},{"taxonomy":"product_cat","embeddable":true,"href":"https:\/\/towels.cc\/es\/wp-json\/wp\/v2\/product_cat?post=12760"},{"taxonomy":"product_tag","embeddable":true,"href":"https:\/\/towels.cc\/es\/wp-json\/wp\/v2\/product_tag?post=12760"}],"curies":[{"name":"wp","href":"https:\/\/api.w.org\/{rel}","templated":true}]}}