{"id":12749,"date":"2024-04-19T12:35:25","date_gmt":"2024-04-19T12:35:25","guid":{"rendered":"https:\/\/towels.cc\/?post_type=product&#038;p=12749"},"modified":"2024-11-05T15:35:11","modified_gmt":"2024-11-05T15:35:11","slug":"customize-waffle-printed-yoga-towel-with-loop-for-hang-out","status":"publish","type":"product","link":"https:\/\/towels.cc\/es\/producto\/customize-waffle-printed-yoga-towel-with-loop-for-hang-out\/","title":{"rendered":"Toalla de yoga personalizada con estampado de gofres y lazo para colgarla"},"content":{"rendered":"<p>Somos buenos en <a href=\"https:\/\/towels.cc\/es\/microfiber-towel\/\">Toalla de yoga de microfibra con estampado de gofres personalizable<\/a> en material de poli\u00e9ster y nailon, un gancho de tela negro para colgar despu\u00e9s de las clases de yoga, de secado muy r\u00e1pido, te\u00f1ido vegetal e impresi\u00f3n por sublimaci\u00f3n no da\u00f1ino para la piel humana.<\/p>","protected":false},"excerpt":{"rendered":"<p><strong>Material:<\/strong> Microfibra de gofre<br \/>\n<strong>T\u00e9cnico:<\/strong> Tejido, plano, logotipo impreso por sublimaci\u00f3n<br \/>\n<strong>Espesor:<\/strong> 360 GSM<br \/>\n<strong>Composici\u00f3n:<\/strong> 80% poli\u00e9ster + 20% poliamida<br \/>\n<strong>Tama\u00f1o de la toalla:<\/strong> 24\u00d772 pulgadas<br \/>\n<strong>Ventaja:<\/strong> x Sin pelusa, impresi\u00f3n a dos caras, antideslizante, suave y c\u00f3modo, no se decolora, patr\u00f3n \u00fanico, lavable a m\u00e1quina.<\/p>","protected":false},"featured_media":12753,"template":"","meta":{"_seopress_robots_primary_cat":"none","_seopress_titles_title":"","_seopress_titles_desc":"","_seopress_robots_index":""},"product_brand":[],"product_cat":[31,50],"product_tag":[],"class_list":{"0":"post-12749","1":"product","2":"type-product","3":"status-publish","4":"has-post-thumbnail","6":"product_cat-all-towels","7":"product_cat-yoga-towel","9":"first","10":"instock","11":"shipping-taxable","12":"product-type-simple"},"_links":{"self":[{"href":"https:\/\/towels.cc\/es\/wp-json\/wp\/v2\/product\/12749","targetHints":{"allow":["GET"]}}],"collection":[{"href":"https:\/\/towels.cc\/es\/wp-json\/wp\/v2\/product"}],"about":[{"href":"https:\/\/towels.cc\/es\/wp-json\/wp\/v2\/types\/product"}],"wp:featuredmedia":[{"embeddable":true,"href":"https:\/\/towels.cc\/es\/wp-json\/wp\/v2\/media\/12753"}],"wp:attachment":[{"href":"https:\/\/towels.cc\/es\/wp-json\/wp\/v2\/media?parent=12749"}],"wp:term":[{"taxonomy":"product_brand","embeddable":true,"href":"https:\/\/towels.cc\/es\/wp-json\/wp\/v2\/product_brand?post=12749"},{"taxonomy":"product_cat","embeddable":true,"href":"https:\/\/towels.cc\/es\/wp-json\/wp\/v2\/product_cat?post=12749"},{"taxonomy":"product_tag","embeddable":true,"href":"https:\/\/towels.cc\/es\/wp-json\/wp\/v2\/product_tag?post=12749"}],"curies":[{"name":"wp","href":"https:\/\/api.w.org\/{rel}","templated":true}]}}