{"id":12739,"date":"2024-04-19T12:29:51","date_gmt":"2024-04-19T12:29:51","guid":{"rendered":"https:\/\/towels.cc\/?post_type=product&#038;p=12739"},"modified":"2024-11-05T15:35:39","modified_gmt":"2024-11-05T15:35:39","slug":"antibaterial-ants-microfiber-yoga-towels","status":"publish","type":"product","link":"https:\/\/towels.cc\/es\/producto\/antibaterial-ants-microfiber-yoga-towels\/","title":{"rendered":"Toallas de yoga de microfibra antibacterianas para hormigas"},"content":{"rendered":"<p>Somos <a href=\"https:\/\/towels.cc\/es\/yoga-towel\/\">toallas de yoga<\/a> Proveedor y fabricante de toallas sin piel, antideslizantes, antideslizamiento, sin decoloraci\u00f3n y sin pelusa, de calidad funcional para los amantes del deporte del yoga, patrones disponibles a precio de competencia durante m\u00e1s de 12 a\u00f1os.<\/p>","protected":false},"excerpt":{"rendered":"<p><strong>Material:<\/strong> Microfibra gruesa para hormigas<br \/>\n<strong>T\u00e9cnico:<\/strong> Tejido, plano, de punto,<br \/>\n<strong>Espesor:<\/strong> 420 g\/m\u00b2<br \/>\n<strong>Composici\u00f3n:<\/strong> Poli\u00e9ster 80% + poliamida 20%<br \/>\n<strong>Tama\u00f1o de la toalla:<\/strong>183x67cm<br \/>\n<strong>Ventaja:<\/strong> Sin pelusa, de secado r\u00e1pido, tama\u00f1o compacto, suave y c\u00f3modo, no se decolora, patr\u00f3n \u00fanico, lavable a m\u00e1quina.<\/p>","protected":false},"featured_media":12740,"template":"","meta":{"_seopress_robots_primary_cat":"none","_seopress_titles_title":"","_seopress_titles_desc":"","_seopress_robots_index":""},"product_brand":[],"product_cat":[50],"product_tag":[],"class_list":{"0":"post-12739","1":"product","2":"type-product","3":"status-publish","4":"has-post-thumbnail","6":"product_cat-yoga-towel","8":"first","9":"instock","10":"shipping-taxable","11":"product-type-simple"},"_links":{"self":[{"href":"https:\/\/towels.cc\/es\/wp-json\/wp\/v2\/product\/12739","targetHints":{"allow":["GET"]}}],"collection":[{"href":"https:\/\/towels.cc\/es\/wp-json\/wp\/v2\/product"}],"about":[{"href":"https:\/\/towels.cc\/es\/wp-json\/wp\/v2\/types\/product"}],"wp:featuredmedia":[{"embeddable":true,"href":"https:\/\/towels.cc\/es\/wp-json\/wp\/v2\/media\/12740"}],"wp:attachment":[{"href":"https:\/\/towels.cc\/es\/wp-json\/wp\/v2\/media?parent=12739"}],"wp:term":[{"taxonomy":"product_brand","embeddable":true,"href":"https:\/\/towels.cc\/es\/wp-json\/wp\/v2\/product_brand?post=12739"},{"taxonomy":"product_cat","embeddable":true,"href":"https:\/\/towels.cc\/es\/wp-json\/wp\/v2\/product_cat?post=12739"},{"taxonomy":"product_tag","embeddable":true,"href":"https:\/\/towels.cc\/es\/wp-json\/wp\/v2\/product_tag?post=12739"}],"curies":[{"name":"wp","href":"https:\/\/api.w.org\/{rel}","templated":true}]}}