{"id":11281,"date":"2024-03-30T05:30:44","date_gmt":"2024-03-30T05:30:44","guid":{"rendered":"https:\/\/towels.cc\/?post_type=product&#038;p=11281"},"modified":"2024-11-05T15:36:48","modified_gmt":"2024-11-05T15:36:48","slug":"suede-microfiber-beach-towel-with-loop-and-mesh-bag-180x90cm","status":"publish","type":"product","link":"https:\/\/towels.cc\/es\/producto\/suede-microfiber-beach-towel-with-loop-and-mesh-bag-180x90cm\/","title":{"rendered":"Toalla de playa de microfibra de ante con lazo y bolsa de malla 180x90cm"},"content":{"rendered":"<p>Gamuza de poli\u00e9ster y poliamida de 200 g\/m\u00b2 <a href=\"https:\/\/towels.cc\/es\/beach-towel\/\">toalla de playa de microfibra<\/a> con un lazo para colgar, una bolsa de malla para transportarlo f\u00e1cilmente y tama\u00f1o compacto, tama\u00f1o grande de 180 x 90 cm, una magia para una piel limpia y seca r\u00e1pidamente en la playa.<\/p>","protected":false},"excerpt":{"rendered":"<p><strong>Material:<\/strong> microfibra de gamuza<br \/>\n<strong>T\u00e9cnico:<\/strong> Tejido, plano, logotipo serigrafiado en bolsa de malla<br \/>\n<strong>Espesor:<\/strong> 200 g\/m\u00b2<br \/>\n<strong>Composici\u00f3n:<\/strong> 80% poli\u00e9ster + 20% poliamida<br \/>\n<strong>Tama\u00f1o de la toalla:<\/strong> 180\u00d790 cm<br \/>\n<strong>Ventaja:<\/strong> Sin pelusa, antiarena, antibacteriano, resistente al agua, suave y c\u00f3modo, no se decolora, patr\u00f3n \u00fanico lavable a m\u00e1quina.<br \/>\n<strong>\u00bfQue lugar puedes utilizar?<\/strong><br \/>\nEn la playa, deporte, escalada de monta\u00f1a, limpieza en el gimnasio, secado corporal para fitness, excursi\u00f3n, regalo promocional<\/p>","protected":false},"featured_media":11283,"template":"","meta":{"_seopress_robots_primary_cat":"none","_seopress_titles_title":"","_seopress_titles_desc":"","_seopress_robots_index":""},"product_brand":[],"product_cat":[33,34],"product_tag":[],"class_list":{"0":"post-11281","1":"product","2":"type-product","3":"status-publish","4":"has-post-thumbnail","6":"product_cat-beach-towel","7":"product_cat-microfiber-towel","9":"first","10":"instock","11":"shipping-taxable","12":"product-type-simple"},"_links":{"self":[{"href":"https:\/\/towels.cc\/es\/wp-json\/wp\/v2\/product\/11281","targetHints":{"allow":["GET"]}}],"collection":[{"href":"https:\/\/towels.cc\/es\/wp-json\/wp\/v2\/product"}],"about":[{"href":"https:\/\/towels.cc\/es\/wp-json\/wp\/v2\/types\/product"}],"wp:featuredmedia":[{"embeddable":true,"href":"https:\/\/towels.cc\/es\/wp-json\/wp\/v2\/media\/11283"}],"wp:attachment":[{"href":"https:\/\/towels.cc\/es\/wp-json\/wp\/v2\/media?parent=11281"}],"wp:term":[{"taxonomy":"product_brand","embeddable":true,"href":"https:\/\/towels.cc\/es\/wp-json\/wp\/v2\/product_brand?post=11281"},{"taxonomy":"product_cat","embeddable":true,"href":"https:\/\/towels.cc\/es\/wp-json\/wp\/v2\/product_cat?post=11281"},{"taxonomy":"product_tag","embeddable":true,"href":"https:\/\/towels.cc\/es\/wp-json\/wp\/v2\/product_tag?post=11281"}],"curies":[{"name":"wp","href":"https:\/\/api.w.org\/{rel}","templated":true}]}}