{"id":11275,"date":"2024-03-30T05:28:09","date_gmt":"2024-03-30T05:28:09","guid":{"rendered":"https:\/\/towels.cc\/?post_type=product&#038;p=11275"},"modified":"2024-11-05T15:37:06","modified_gmt":"2024-11-05T15:37:06","slug":"sand-free-and-fast-drying-light-weight-microfiber-beach-towel","status":"publish","type":"product","link":"https:\/\/towels.cc\/es\/producto\/sand-free-and-fast-drying-light-weight-microfiber-beach-towel\/","title":{"rendered":"Toalla de playa de microfibra ligera, de secado r\u00e1pido y sin arena"},"content":{"rendered":"<p>Somos <a href=\"https:\/\/towels.cc\/es\/beach-towel\/\">Venta de toallas de playa de microfibra de f\u00e1brica<\/a> En China, suministramos toallas de playa de textura liviana y sin arena de alta calidad durante muchos a\u00f1os.<\/p>\n<p>Esta toalla de playa de microfibra de gamuza tiene un lazo para colgarla y transportarla f\u00e1cilmente.<\/p>","protected":false},"excerpt":{"rendered":"<p><strong>Material:<\/strong> microfibra de gamuza<br \/>\n<strong>T\u00e9cnico:<\/strong> Tejido, plano, de punto, logotipo impreso digitalmente<br \/>\n<strong>Espesor:<\/strong> 200 g\/m\u00b2<br \/>\n<strong>Composici\u00f3n:<\/strong> Poli\u00e9ster 80% + poliamida 20%<br \/>\n<strong>Tama\u00f1o de la toalla:<\/strong>70x140cm<br \/>\n<strong>Ventaja:<\/strong> Sin pelusa, sin arena, de secado r\u00e1pido, tama\u00f1o compacto, suave y c\u00f3modo, no se decolora, patr\u00f3n \u00fanico, lavable a m\u00e1quina.<br \/>\n<strong>\u00bfQue lugar puedes utilizar?<\/strong><br \/>\nCamping, viajes, nataci\u00f3n, playa, ba\u00f1o, deporte, piscina, regalo promocional<\/p>","protected":false},"featured_media":11277,"template":"","meta":{"_seopress_robots_primary_cat":"none","_seopress_titles_title":"","_seopress_titles_desc":"","_seopress_robots_index":""},"product_brand":[],"product_cat":[33,34],"product_tag":[],"class_list":{"0":"post-11275","1":"product","2":"type-product","3":"status-publish","4":"has-post-thumbnail","6":"product_cat-beach-towel","7":"product_cat-microfiber-towel","9":"first","10":"instock","11":"shipping-taxable","12":"product-type-simple"},"_links":{"self":[{"href":"https:\/\/towels.cc\/es\/wp-json\/wp\/v2\/product\/11275","targetHints":{"allow":["GET"]}}],"collection":[{"href":"https:\/\/towels.cc\/es\/wp-json\/wp\/v2\/product"}],"about":[{"href":"https:\/\/towels.cc\/es\/wp-json\/wp\/v2\/types\/product"}],"wp:featuredmedia":[{"embeddable":true,"href":"https:\/\/towels.cc\/es\/wp-json\/wp\/v2\/media\/11277"}],"wp:attachment":[{"href":"https:\/\/towels.cc\/es\/wp-json\/wp\/v2\/media?parent=11275"}],"wp:term":[{"taxonomy":"product_brand","embeddable":true,"href":"https:\/\/towels.cc\/es\/wp-json\/wp\/v2\/product_brand?post=11275"},{"taxonomy":"product_cat","embeddable":true,"href":"https:\/\/towels.cc\/es\/wp-json\/wp\/v2\/product_cat?post=11275"},{"taxonomy":"product_tag","embeddable":true,"href":"https:\/\/towels.cc\/es\/wp-json\/wp\/v2\/product_tag?post=11275"}],"curies":[{"name":"wp","href":"https:\/\/api.w.org\/{rel}","templated":true}]}}